{"id":99,"date":"2021-04-07T11:43:27","date_gmt":"2021-04-07T09:43:27","guid":{"rendered":"https:\/\/acousticprecision.wordpress.com\/?page_id=99"},"modified":"2021-06-08T14:29:20","modified_gmt":"2021-06-08T12:29:20","slug":"lamm","status":"publish","type":"page","link":"https:\/\/acoustic-precision.fr\/index.php\/lamm\/","title":{"rendered":"LAMM Industries"},"content":{"rendered":"\n<figure class=\"wp-block-table\"><table><tbody><tr><td class=\"has-text-align-center\" data-align=\"center\"><img class=\"wp-image-322\" style=\"width:150px;\" src=\"http:\/\/acoustic-precision.fr\/wordpress\/wp-content\/uploads\/2021\/04\/logo-1.jpg\" alt=\"\"><img loading=\"lazy\" width=\"404\" height=\"123\" class=\"wp-image-1284\" style=\"width: 150px;\" src=\"http:\/\/acoustic-precision.fr\/wp-content\/uploads\/2021\/06\/logo-2.jpg\" alt=\"\" srcset=\"https:\/\/acoustic-precision.fr\/wp-content\/uploads\/2021\/06\/logo-2.jpg 404w, https:\/\/acoustic-precision.fr\/wp-content\/uploads\/2021\/06\/logo-2-300x91.jpg 300w\" sizes=\"(max-width: 404px) 100vw, 404px\" \/><br><strong>Electroniques<\/strong><\/td><td class=\"has-text-align-center\" data-align=\"center\"><img src=\"http:\/\/acoustic-precision.fr\/wordpress\/wp-content\/uploads\/2021\/04\/1-1.jpg\" class=\"wp-image-323\" style=\"width:300px;\" alt=\"\"><img loading=\"lazy\" width=\"985\" height=\"513\" class=\"wp-image-1285\" style=\"width: 300px;\" src=\"http:\/\/acoustic-precision.fr\/wp-content\/uploads\/2021\/06\/1-2.jpg\" alt=\"\" srcset=\"https:\/\/acoustic-precision.fr\/wp-content\/uploads\/2021\/06\/1-2.jpg 985w, https:\/\/acoustic-precision.fr\/wp-content\/uploads\/2021\/06\/1-2-300x156.jpg 300w, https:\/\/acoustic-precision.fr\/wp-content\/uploads\/2021\/06\/1-2-768x400.jpg 768w\" sizes=\"(max-width: 985px) 100vw, 985px\" \/><\/td><\/tr><\/tbody><\/table><\/figure>\n\n\n\n<p><strong>LAMM Industries<\/strong><\/p>\n\n\n\n<p><strong>Des produits sans concession, con\u00e7us et fabriqu\u00e9s aux Etats Unis<\/strong><\/p>\n\n\n\n<p>Fond\u00e9e en octobre 1993 \u00e0 NEW-YORK (USA) par Vladimir Lamm, <strong>LAMM INDUSTRIES, INC<\/strong>. a gagn\u00e9 une r\u00e9putation mondiale dans la conception et la r\u00e9alisation d\u2019\u00e9lectroniques qui figurent parmi les meilleures dans le monde pourtant difficile des mat\u00e9riels de tr\u00e8s haut de gamme.<\/p>\n\n\n\n<p>Comme dans le cas du \u00ab&nbsp;th\u00e9\u00e2tre d\u2019auteur&nbsp;\u00bb o\u00f9 la personnalit\u00e9 de l\u2019auteur d\u00e9termine le caract\u00e8re de la pi\u00e8ce, chaque \u00e9lectronique produite est une synth\u00e8se de connaissances approfondies, d\u2019un souci de perfection sans faille, et de l\u2019amour de la musique. Vladimir est compl\u00e8tement impliqu\u00e9 dans le processus de d\u00e9veloppement, du concept initial \u00e0 la r\u00e9alisation, et il suit personnellement la production.<\/p>\n\n\n\n<p>La compagnie s\u2019appuie sur un ensemble de normes tr\u00e8s rigoureuses et sur des sch\u00e9mas originaux, couverts par plusieurs Brevets. Toutes les \u00e9lectroniques LAMM sont con\u00e7ues et fabriqu\u00e9es enti\u00e8rement aux Etats-Unis. Aucun d\u00e9tail n\u2019est trop petit ou sans importance ; la qualit\u00e9 optimale est recherch\u00e9e qu\u2019elle soit per\u00e7ue ou non.<\/p>\n\n\n\n<p><strong>Une gamme reconnue comme r\u00e9f\u00e9rence dans le monde entier<\/strong><\/p>\n\n\n\n<p>Du pr\u00e9amplificateur ligne LL2 Deluxe aux blocs monophoniques \u00e0 tubes ML3 Signature en passant par les amplificateurs hybrides M1.2 ou M2.2, LAMM utilise le tube et la technologie \u00e0 semi-conducteurs pour cr\u00e9er des appareils innovants et fiables.<\/p>\n\n\n\n<p>Un strict contr\u00f4le qualit\u00e9 est maintenu dans tout le processus de production. Les composants sont soigneusement choisis, examin\u00e9s et appari\u00e9s si besoin. Chaque module et carte assembl\u00e9e est analys\u00e9 au banc d\u2019essai, suivi d\u2019une p\u00e9riode de rodage de 8-10-heures. L\u2019appareil est ensuite construit et contr\u00f4l\u00e9, puis soumis \u00e0 une nouvelle p\u00e9riode de rodage de 72 heures. Apr\u00e8s rodage, chaque unit\u00e9 est essay\u00e9e de nouveau et remesur\u00e9e. Les r\u00e9sultats de mesure apr\u00e8s \u00ab&nbsp;rodage&nbsp;\u00bb sont enregistr\u00e9s dans un rapport de production joint au Manuel Utilisateur de l\u2019appareil. Tous les appareils sont prot\u00e9g\u00e9s pour leur transport dans des caisses en bois tr\u00e8s r\u00e9sistantes, faites sur mesures.<\/p>\n\n\n\n<p><strong>Un investissement \u00e0 long terme dans le plaisir de la musique<\/strong><\/p>\n\n\n\n<p>Les \u00e9lectroniques LAMM, bien que non \u00ab&nbsp;bon march\u00e9&nbsp;\u00bb, repr\u00e9sentent un excellent investissement dans la satisfaction musicale \u00e0 long terme. Utilis\u00e9es par certains des meilleurs critiques et journalistes audio, appr\u00e9ci\u00e9es par les audiophiles du Monde entier, elles d\u00e9livrent \u00e0 la fois des performances objectives remarquables et des qualit\u00e9s musicales exceptionnelles. Beaucoup plus qu\u2019une combinaison de circuits, de bo\u00eetes en m\u00e9tal et de r\u00e9glages par essais et erreurs, elles sont issues de la combinaison d\u2019une connaissance approfondie de la musique et de la technique au plus haut niveau : ce quelque chose qui fait la reproduction vivante de la musique&nbsp;!<\/p>\n\n\n\n<div class=\"wp-block-file\"><a href=\"http:\/\/acoustic-precision.fr\/wp-content\/uploads\/2021\/06\/Presentation_LAMM.pdf\" target=\"_blank\" rel=\"noreferrer noopener\">Presentation_LAMM<\/a><\/div>\n\n\n\n<p><strong>Pr\u00e9amplificateurs Ligne LAMM<\/strong><\/p>\n\n\n\n<p><strong>LL2.1 Pr\u00e9amplificateur Ligne St\u00e9r\u00e9o<\/strong><\/p>\n\n\n\n<figure class=\"wp-block-image size-large\"><img loading=\"lazy\" width=\"592\" height=\"227\" src=\"http:\/\/acoustic-precision.fr\/wp-content\/uploads\/2021\/06\/2.jpg\" alt=\"\" class=\"wp-image-1288\" srcset=\"https:\/\/acoustic-precision.fr\/wp-content\/uploads\/2021\/06\/2.jpg 592w, https:\/\/acoustic-precision.fr\/wp-content\/uploads\/2021\/06\/2-300x115.jpg 300w\" sizes=\"(max-width: 592px) 100vw, 592px\" \/><\/figure>\n\n\n\n<p>Pr\u00e9amplificateur \u00e0 tubes, single-ended, pure classe A.&nbsp; Alimentation avec redresseur \u00e0 tube.&nbsp; Virtuellement aucune signature sonore.&nbsp; Capacit\u00e9 en courant \u00e9lev\u00e9e acceptant toute longueur de c\u00e2ble en sortie.&nbsp; 3 paires d\u2019entr\u00e9e Ligne plus 1 entr\u00e9e Tape (RCA).&nbsp; 2 paires de sortie vers les amplificateurs plus une sortie Tape (RCA). Contr\u00f4les de gain ind\u00e9pendants sur chaque canal (2 potentiom\u00e8tres ALPS). Interrupteur de&nbsp;&nbsp; MUTING. T\u00e9l\u00e9commande marche arr\u00eat pour les amplificateurs Lamm.<\/p>\n\n\n\n<div class=\"wp-block-buttons\">\n<div class=\"wp-block-button\"><a class=\"wp-block-button__link\" href=\"http:\/\/acoustic-precision.fr\/index.php\/lamm-ll2-preamp\/\"> AP Page LAMM LL2 Preamp<\/a><\/div>\n<\/div>\n\n\n\n<p><strong>LL1.1 SIGNATURE Double Mono Line Level Preamplifier<\/strong><\/p>\n\n\n\n<figure class=\"wp-block-image size-large\"><img loading=\"lazy\" width=\"971\" height=\"571\" src=\"http:\/\/acoustic-precision.fr\/wp-content\/uploads\/2021\/06\/3-1.jpg\" alt=\"\" class=\"wp-image-1289\" srcset=\"https:\/\/acoustic-precision.fr\/wp-content\/uploads\/2021\/06\/3-1.jpg 971w, https:\/\/acoustic-precision.fr\/wp-content\/uploads\/2021\/06\/3-1-300x176.jpg 300w, https:\/\/acoustic-precision.fr\/wp-content\/uploads\/2021\/06\/3-1-768x452.jpg 768w\" sizes=\"(max-width: 971px) 100vw, 971px\" \/><\/figure>\n\n\n\n<p><strong>Pr\u00e9amplificateur LIGNE double MONO \u00e0 tubes, pure classe A avec alimentations s\u00e9par\u00e9es (4 blocs<\/strong>)<\/p>\n\n\n\n<p>Ce qui distingue le pr\u00e9amplificateur ligne LL1 Signature de tout autre pr\u00e9amplificateur comparable est sa signature sonore pratiquement inaudible. Lorsqu&#8217;il est connect\u00e9 \u00e0 un type appropri\u00e9 d&#8217;amplificateurs de puissance, notamment les amplificateurs de puissance LAMM, il assure une transparence extraordinaire du son per\u00e7u et la restitution d&#8217;une sc\u00e8ne sonore en trois dimensions \u00e0 la maison, au studio d&#8217;enregistrement, etc, sans aucune limitation.<\/p>\n\n\n\n<p>Le pr\u00e9amplificateur ligne mono LL1 Signature est le niveau ultime de la perfection en mati\u00e8re d&#8217;audio haut de gamme. Tout comme les ML3 Signature sont le sommet de la carri\u00e8re professionnelle de leur concepteur parmi les amplificateurs LAMM, le LL1 Signature se situe au sommet des pr\u00e9amplificateurs ligne LAMM.<\/p>\n\n\n\n<p>Le mod\u00e8le LL1 Signature a \u00e9t\u00e9 con\u00e7u pour compl\u00e9ter les amplificateurs ML3 Signature, et leur association dans un syst\u00e8me constitue une combinaison &#8220;made in heaven&#8221;. M\u00eame si le LL1 est tout aussi magique avec tout amplificateur \u00ab&nbsp;\u00e0 la hauteur&nbsp;\u00bb.<\/p>\n\n\n\n<div class=\"wp-block-buttons\">\n<div class=\"wp-block-button\"><a class=\"wp-block-button__link\" href=\"http:\/\/acoustic-precision.fr\/index.php\/lamm-ll1-1-signature\/\"> <strong>AP Page LAMM LL1.1 Signature<\/strong><\/a><\/div>\n<\/div>\n\n\n\n<p><strong>L2.1 REFERENCE<\/strong><\/p>\n\n\n\n<figure class=\"wp-block-image size-large\"><img loading=\"lazy\" width=\"592\" height=\"360\" src=\"http:\/\/acoustic-precision.fr\/wp-content\/uploads\/2021\/06\/4-2.jpg\" alt=\"\" class=\"wp-image-1290\" srcset=\"https:\/\/acoustic-precision.fr\/wp-content\/uploads\/2021\/06\/4-2.jpg 592w, https:\/\/acoustic-precision.fr\/wp-content\/uploads\/2021\/06\/4-2-300x182.jpg 300w\" sizes=\"(max-width: 592px) 100vw, 592px\" \/><\/figure>\n\n\n\n<p>Pr\u00e9amplificateur hybride, pure classe A , MOSFET . Alimentation s\u00e9par\u00e9e utilisant des tubes pour les circuits de redressement et de r\u00e9gulation. Transparence du son exceptionnelle.3 entr\u00e9es et une boucle Tape.&nbsp;&nbsp; Sorties sym\u00e9triques et asym\u00e9triques. Contr\u00f4les de gain ind\u00e9pendants sur chaque canal par att\u00e9nuateurs TKD \u00e0 plots (41 r\u00e9sistances commut\u00e9es).&nbsp; Interrupteurs d\u2019inversion de phase et de Muting. T\u00e9l\u00e9commande marche arr\u00eat pour les amplificateurs LAMM.<\/p>\n\n\n\n<p>Pr\u00e9amplificateur hybride, pure classe A, MOSFET.<br>Alimentation s\u00e9par\u00e9e utilisant des tubes pour les circuits de redressement et la r\u00e9gulation.<br>Transparence du son exceptionnelle.<br>3 entr\u00e9es et une boucle Tape.<br>Sorties sym\u00e9triques et asym\u00e9triques.<br>Contr\u00f4les de gain ind\u00e9pendants sur chaque canal par att\u00e9nuateurs TKD \u00e0 plots (41 pas).<br>S\u00e9lecteurs d\u2019inversion de phase et de Muting.<br>T\u00e9l\u00e9commande marche arr\u00eat pour les amplificateurs hybrides LAMM.<\/p>\n\n\n\n<div class=\"wp-block-buttons\">\n<div class=\"wp-block-button\"><a class=\"wp-block-button__link\" href=\"http:\/\/acoustic-precision.fr\/index.php\/lamm-l2-reference\/\"> <strong>AP Page LAMM L2 Reference<\/strong><\/a><\/div>\n<\/div>\n\n\n\n<p><strong>Phono Pr\u00e9amplificateurs LAMM<\/strong><\/p>\n\n\n\n<p><strong>LP2.1 Pr\u00e9ampli Phono<\/strong><\/p>\n\n\n\n<figure class=\"wp-block-image size-large\"><img loading=\"lazy\" width=\"971\" height=\"360\" src=\"http:\/\/acoustic-precision.fr\/wp-content\/uploads\/2021\/06\/5-3.jpg\" alt=\"\" class=\"wp-image-1291\" srcset=\"https:\/\/acoustic-precision.fr\/wp-content\/uploads\/2021\/06\/5-3.jpg 971w, https:\/\/acoustic-precision.fr\/wp-content\/uploads\/2021\/06\/5-3-300x111.jpg 300w, https:\/\/acoustic-precision.fr\/wp-content\/uploads\/2021\/06\/5-3-768x285.jpg 768w\" sizes=\"(max-width: 971px) 100vw, 971px\" \/><\/figure>\n\n\n\n<p><em>Pr\u00e9amplificateur phono \u00e0 2 entr\u00e9es pour cellule \u00e0 bobine mobile et \u00e0 aimant mobile.&nbsp; Construction double mono, 2 canaux s\u00e9par\u00e9s \u00e9lectriquement et m\u00e9caniquement. La nouvelle version utilise des solutions techniques innov\u00e9es dans le LP1 Signature.<\/em><\/p>\n\n\n\n<p><em>De nouveaux tubes \u00e0 tr\u00e8s faible bruit et ultra longue dur\u00e9e de vie sont introduits (6C3P et 6C45P-E) et les circuits sont revus en cons\u00e9quence. Composants, circuit imprim\u00e9 et transformateur b\u00e9n\u00e9ficient des derni\u00e8res innovations technologiques.<\/em><\/p>\n\n\n\n<p><em>L\u2019ensemble de ces architectures \u00e9lectronique et m\u00e9canique associ\u00e9 \u00e0 des circuits uniques d\u00e9livrent un son naturel sans signature invasive et rendant justice aux meilleures cellules de lecture phono. MC et MM.<\/em><\/p>\n\n\n\n<div class=\"wp-block-buttons\">\n<div class=\"wp-block-button\"><a class=\"wp-block-button__link\" href=\"http:\/\/acoustic-precision.fr\/index.php\/lamm-lp2-phono\/\"> AP Page LAMM LP2 Phono<\/a><\/div>\n<\/div>\n\n\n\n<p><strong>LP1 SIGNATURE<\/strong><\/p>\n\n\n\n<figure class=\"wp-block-image size-large\"><img loading=\"lazy\" width=\"668\" height=\"506\" src=\"http:\/\/acoustic-precision.fr\/wp-content\/uploads\/2021\/06\/6-3.jpg\" alt=\"\" class=\"wp-image-1292\" srcset=\"https:\/\/acoustic-precision.fr\/wp-content\/uploads\/2021\/06\/6-3.jpg 668w, https:\/\/acoustic-precision.fr\/wp-content\/uploads\/2021\/06\/6-3-300x227.jpg 300w\" sizes=\"(max-width: 668px) 100vw, 668px\" \/><\/figure>\n\n\n\n<p>Pr\u00e9amplificateur phono \u00e0 tubes utilisant des circuits Haut Courant pure classe A, sans boucle de contre-r\u00e9action. Il compl\u00e8te la s\u00e9rie des \u00e9lectroniques de la s\u00e9rie <em>Signature<\/em> (LL1 et ML3). Il est dot\u00e9 de 3 entr\u00e9es s\u00e9par\u00e9es (1 mm et 2 mc).<\/p>\n\n\n\n<p>Alimentations totalement neutres (une par canal) comportant des redresseurs \u00e0 tubes, filtrage \u00e0 self, tubes r\u00e9gulateurs \u00e0 haute tension, et chauffage des tubes en courant continu par circuit \u00e0 transistors sans commutation.<\/p>\n\n\n\n<p>Correction RIAA tr\u00e8s pr\u00e9cise par r\u00e9seau passif.<\/p>\n\n\n\n<p>Charge et capacitance d\u2019entr\u00e9e ajustables par switches internes.<\/p>\n\n\n\n<div class=\"wp-block-buttons\">\n<div class=\"wp-block-button\"><a class=\"wp-block-button__link\" href=\"http:\/\/acoustic-precision.fr\/index.php\/lamm-lp1-signature\/\"> AP Page LAMM LP1 Signature<\/a><\/div>\n<\/div>\n\n\n\n<p><strong>Amplificateurs LAMM<\/strong><\/p>\n\n\n\n<p><strong>M1.2 REFERENCE Monobloc Amplifier<\/strong><\/p>\n\n\n\n<figure class=\"wp-block-image size-large\"><img loading=\"lazy\" width=\"592\" height=\"388\" src=\"http:\/\/acoustic-precision.fr\/wp-content\/uploads\/2021\/06\/7.jpg\" alt=\"\" class=\"wp-image-1293\" srcset=\"https:\/\/acoustic-precision.fr\/wp-content\/uploads\/2021\/06\/7.jpg 592w, https:\/\/acoustic-precision.fr\/wp-content\/uploads\/2021\/06\/7-300x197.jpg 300w\" sizes=\"(max-width: 592px) 100vw, 592px\" \/><\/figure>\n\n\n\n<p>Amplificateur hybride <strong>110W en pure classe A<\/strong>.&nbsp;&nbsp; Etage interm\u00e9diaire \u00e0 tube. Etage de sortie 12 MOSFET. Pas de contre-r\u00e9action globale.&nbsp; Excellent contr\u00f4le des basses combin\u00e9 \u00e0 une tr\u00e8s grande capacit\u00e9 \u00e0 reproduire les d\u00e9tails les plus fins sans les souligner mais avec naturel. Polarisation r\u00e9glable (1-4 Ohms&nbsp;; + de 4 Ohms). Bridgeable. Entr\u00e9e sym\u00e9trique (XLR)&nbsp; et asym\u00e9trique (RCA) sur connecteurs dor\u00e9s.&nbsp; T\u00e9l\u00e9commande marche arr\u00eat avec les pr\u00e9amplificateurs LAMM<\/p>\n\n\n\n<div class=\"wp-block-buttons\">\n<div class=\"wp-block-button\"><a class=\"wp-block-button__link\" href=\"http:\/\/acoustic-precision.fr\/index.php\/lamm-m1-amplifier\/\"> AP Page LAMM M1 Amplifier<\/a><\/div>\n<\/div>\n\n\n\n<p><strong>ML2.2 REFERENCE Amplifier<\/strong><\/p>\n\n\n\n<figure class=\"wp-block-image size-large\"><img loading=\"lazy\" width=\"971\" height=\"508\" src=\"http:\/\/acoustic-precision.fr\/wp-content\/uploads\/2021\/06\/8-3.jpg\" alt=\"\" class=\"wp-image-1294\" srcset=\"https:\/\/acoustic-precision.fr\/wp-content\/uploads\/2021\/06\/8-3.jpg 971w, https:\/\/acoustic-precision.fr\/wp-content\/uploads\/2021\/06\/8-3-300x157.jpg 300w, https:\/\/acoustic-precision.fr\/wp-content\/uploads\/2021\/06\/8-3-768x402.jpg 768w\" sizes=\"(max-width: 971px) 100vw, 971px\" \/><\/figure>\n\n\n\n<p><em>Amplificateur \u00e0 tubes 18 W en&nbsp; pure classe A \u00e9tage de sortie single-ended utilisant 1 tube triode 6C33C.&nbsp; Alimentation r\u00e9gul\u00e9e \u00e0 l\u2019aide d\u2019un deuxi\u00e8me tube 6C33C pour les meilleurs graves possibles et une transparence in\u00e9gal\u00e9e.<\/em><\/p>\n\n\n\n<p><em>Tr\u00e8s haute r\u00e9solution&nbsp;; Bande Passante 16-100.000 Hz (-3 dB)&nbsp;; reproduction extr\u00eamement musicale et naturelle. Incontournables pour les audiophiles les plus exigeants.<\/em><\/p>\n\n\n\n<p><em>Entr\u00e9e sym\u00e9trique (XLR) et asym\u00e9trique (RCA) sur connecteurs dor\u00e9s.&nbsp;<\/em><\/p>\n\n\n\n<p><em>T\u00e9l\u00e9commande marche arr\u00eat avec les pr\u00e9amplificateurs LAMM.<\/em><\/p>\n\n\n\n<div class=\"wp-block-buttons\">\n<div class=\"wp-block-button\"><a class=\"wp-block-button__link\" href=\"http:\/\/acoustic-precision.fr\/index.php\/lamm-ml2-reference\/\"> AP Page LAMM ML2 Reference<\/a><\/div>\n<\/div>\n\n\n\n<p><strong>ML3 SIGNATURE<\/strong><\/p>\n\n\n\n<figure class=\"wp-block-image size-large\"><img loading=\"lazy\" width=\"971\" height=\"473\" src=\"http:\/\/acoustic-precision.fr\/wp-content\/uploads\/2021\/06\/9-1.jpg\" alt=\"\" class=\"wp-image-1295\" srcset=\"https:\/\/acoustic-precision.fr\/wp-content\/uploads\/2021\/06\/9-1.jpg 971w, https:\/\/acoustic-precision.fr\/wp-content\/uploads\/2021\/06\/9-1-300x146.jpg 300w, https:\/\/acoustic-precision.fr\/wp-content\/uploads\/2021\/06\/9-1-768x374.jpg 768w\" sizes=\"(max-width: 971px) 100vw, 971px\" \/><\/figure>\n\n\n\n<p><strong>Blocs MONO 32 W \u00e0 tubes en pure classe A avec alimentations s\u00e9par\u00e9es (4 blocs)<\/strong><strong>&nbsp;<\/strong><strong><\/strong><\/p>\n\n\n\n<p>Le ML3 est un ampli \u00e0 tubes asym\u00e9trique \u00ab&nbsp;Single Ended&nbsp;\u00bb(SE) utilisant une triode tr\u00e8s puissante \u00e0 chauffage directe GM-70 (125W de dissipation plaque) et une alimentation s\u00e9par\u00e9e. Associant une conception et des technologies tr\u00e8s sophistiqu\u00e9es avec des r\u00e9miniscences de l&#8217;\u00e2ge d\u2019or du tube, le ML3 est un produit haut de gamme, sans compromis.<strong><\/strong><\/p>\n\n\n\n<p>Il fournit 32 watts qui en pure classe A sans contre-r\u00e9action globale. Sa topologie est absolument unique et int\u00e8gre l&#8217;alimentation la plus avanc\u00e9e jamais utilis\u00e9e dans un composant audio. La r\u00e9alisation, ainsi que la conception unique de l&#8217;auteur et sa compr\u00e9hension des principes sous-jacents de l&#8217;\u00e9lectronique audio, font du ML3 Signature un amplificateur sans \u00e9gal.<\/p>\n\n\n\n<div class=\"wp-block-buttons\">\n<div class=\"wp-block-button\"><a class=\"wp-block-button__link\" href=\"http:\/\/acoustic-precision.fr\/index.php\/lamm-ml3-signature\/\"> AP Page LAMM ML3 Signature<\/a><\/div>\n<\/div>\n\n\n\n<p><\/p>\n","protected":false},"excerpt":{"rendered":"<p>Electroniques LAMM Industries Des produits sans concession, con\u00e7us et fabriqu\u00e9s aux Etats Unis Fond\u00e9e en octobre 1993 \u00e0 NEW-YORK (USA) par Vladimir Lamm, LAMM INDUSTRIES, INC. a gagn\u00e9 une r\u00e9putation mondiale dans la conception et la r\u00e9alisation d\u2019\u00e9lectroniques qui figurent parmi les meilleures dans le monde pourtant difficile des mat\u00e9riels de tr\u00e8s haut de gamme. [&hellip;]<\/p>\n","protected":false},"author":1,"featured_media":0,"parent":0,"menu_order":0,"comment_status":"closed","ping_status":"closed","template":"","meta":[],"_links":{"self":[{"href":"https:\/\/acoustic-precision.fr\/index.php\/wp-json\/wp\/v2\/pages\/99"}],"collection":[{"href":"https:\/\/acoustic-precision.fr\/index.php\/wp-json\/wp\/v2\/pages"}],"about":[{"href":"https:\/\/acoustic-precision.fr\/index.php\/wp-json\/wp\/v2\/types\/page"}],"author":[{"embeddable":true,"href":"https:\/\/acoustic-precision.fr\/index.php\/wp-json\/wp\/v2\/users\/1"}],"replies":[{"embeddable":true,"href":"https:\/\/acoustic-precision.fr\/index.php\/wp-json\/wp\/v2\/comments?post=99"}],"version-history":[{"count":8,"href":"https:\/\/acoustic-precision.fr\/index.php\/wp-json\/wp\/v2\/pages\/99\/revisions"}],"predecessor-version":[{"id":1326,"href":"https:\/\/acoustic-precision.fr\/index.php\/wp-json\/wp\/v2\/pages\/99\/revisions\/1326"}],"wp:attachment":[{"href":"https:\/\/acoustic-precision.fr\/index.php\/wp-json\/wp\/v2\/media?parent=99"}],"curies":[{"name":"wp","href":"https:\/\/api.w.org\/{rel}","templated":true}]}}