{"id":98,"date":"2021-04-07T11:43:25","date_gmt":"2021-04-07T09:43:25","guid":{"rendered":"https:\/\/acousticprecision.wordpress.com\/?page_id=98"},"modified":"2021-06-07T22:15:32","modified_gmt":"2021-06-07T20:15:32","slug":"graham","status":"publish","type":"page","link":"https:\/\/acoustic-precision.fr\/index.php\/graham\/","title":{"rendered":"GRAHAM Engineering"},"content":{"rendered":"\n<figure class=\"wp-block-table\"><table><tbody><tr><td class=\"has-text-align-center\" data-align=\"center\"><strong>GRAHAM Engineering Tonearm<\/strong><br>Bras de lecture<\/td><td class=\"has-text-align-center\" data-align=\"center\"><img loading=\"lazy\" width=\"754\" height=\"383\" class=\"wp-image-1002\" style=\"width: 150px;\" src=\"http:\/\/acoustic-precision.fr\/wp-content\/uploads\/2021\/06\/bras.jpg\" alt=\"\" srcset=\"https:\/\/acoustic-precision.fr\/wp-content\/uploads\/2021\/06\/bras.jpg 754w, https:\/\/acoustic-precision.fr\/wp-content\/uploads\/2021\/06\/bras-300x152.jpg 300w\" sizes=\"(max-width: 754px) 100vw, 754px\" \/><\/td><\/tr><\/tbody><\/table><\/figure>\n\n\n\n<figure class=\"wp-block-image size-large\"><img loading=\"lazy\" width=\"792\" height=\"595\" src=\"http:\/\/acoustic-precision.fr\/wp-content\/uploads\/2021\/06\/bras_fond_rouge.jpg\" alt=\"\" class=\"wp-image-1003\" srcset=\"https:\/\/acoustic-precision.fr\/wp-content\/uploads\/2021\/06\/bras_fond_rouge.jpg 792w, https:\/\/acoustic-precision.fr\/wp-content\/uploads\/2021\/06\/bras_fond_rouge-300x225.jpg 300w, https:\/\/acoustic-precision.fr\/wp-content\/uploads\/2021\/06\/bras_fond_rouge-768x577.jpg 768w\" sizes=\"(max-width: 792px) 100vw, 792px\" \/><\/figure>\n\n\n\n<p>Bob Graham est une figure l\u00e9gendaire de l&#8217;audio.<\/p>\n\n\n\n<p>La conception originale de ses bras de lecture a toujours \u00e9t\u00e9 \u00e0 l&#8217;avant-garde de la reproduction analogique et le Phantom III est l&#8217;aboutissement de ses recherches et de son engagement \u00e0 produire le meilleur bras de lecture possible. Sa conception et sa r\u00e9alisation s&#8217;appuient sur l&#8217;exp\u00e9rience acquise avec les mod\u00e8les pr\u00e9c\u00e9dents.<\/p>\n\n\n\n<p>Compar\u00e9 au Phantom orignal, ainsi qu\u2019\u00e0 la S\u00e9rie II, le Phantom III dispose du classique stabilisateur Magneglide\u2122 utilis\u00e9 sur ses pr\u00e9d\u00e9cesseurs et a une apparence ext\u00e9rieure similaire. Le Phantom III a les m\u00eames sp\u00e9cifications que le Phantom II, il est disponible en 9\u2019\u2019, 10\u2019\u2019 ou 12\u2019\u2019. Cependant, il b\u00e9n\u00e9ficie d\u2019un nouveau c\u00e2blage interne, d\u2019un bras porte\u2010cellule am\u00e9lior\u00e9 et d\u2019un nouveau pivot.<\/p>\n\n\n\n<p>Le nouveau c\u00e2blage interne r\u00e9v\u00e8le encore plus de d\u00e9tails et le nouveau pivot permet de diminuer le coefficient de friction. Le nouveau design du pivot et du bras porte\u2010cellule en titane assurent un meilleur contr\u00f4le de l&#8217;\u00e9nergie et un meilleur amortissement, avec un moment d&#8217;inertie r\u00e9duit, pour une plus grande transparence, une image stable et \u00e9tendue dans les trois dimensions. Le pivot renforc\u00e9 assure une dynamique hors pair, notamment avec des basses profondes et surtout parfaitement articul\u00e9es. Le contrepoids remani\u00e9 contribue \u00e0 ces am\u00e9liorations, m\u00eame avec des cellules lourdes.<\/p>\n\n\n\n<p>La combinaison de ces raffinements donne de meilleures performances dans les domaines de la dynamique, exceptionnelle, et de la musicalit\u00e9 pure, tout en conservant la d\u00e9licatesse des d\u00e9tails, la qualit\u00e9 et la commodit\u00e9 des caract\u00e9ristiques des Phantom pr\u00e9c\u00e9dents.<\/p>\n\n\n\n<p><strong><em>Le Phantom III a d\u00e9pass\u00e9 nos attentes les plus \u00e9lev\u00e9es, surpassant m\u00eame le Phantom II.<\/em><\/strong><\/p>\n\n\n\n<p><strong><em>De plus, compar\u00e9 aux autres bras du march\u00e9, les tests et les commentaires des utilisateurs ont confirm\u00e9 que le Phantom III atteint un nouveau niveau de performance.<br><br><\/em>DESCRIPTION<\/strong><\/p>\n\n\n\n<p>La r\u00e9partition des masses du bras permet un \u00e9quilibre dynamique optimal, avec un moment d&#8217;inertie minimum.<\/p>\n\n\n\n<p>Le tube de bras porte cellule en TITANE est amovible pour un changement rapide des cellules phono; il facilite le montage de celles\u2010ci en dehors de la platine tourne\u2010disque et leur alignement pr\u00e9cis gr\u00e2ce au syst\u00e8me Graham fourni.<\/p>\n\n\n\n<p>Le syst\u00e8me de stabilisation Magneglide \u2122 maintient un \u00e9quilibre parfaitement stable : point de pivotement et centre de gravit\u00e9 du syst\u00e8me mobile sont sur le m\u00eame plan. Gr\u00e2ce \u00e0 ce syst\u00e8me unique et brevet\u00e9, toute la stabilit\u00e9 lat\u00e9rale et une partie de l&#8217;amortissement est assur\u00e9e par de puissants aimants en n\u00e9odyme (&#8220;terres rares&#8221;) plac\u00e9s dans une ligne horizontale \u00e0 partir du point de pivotement du bras de lecture. En combinaison avec l&#8217;amortissement produit par le fluide autour du pivot, le syst\u00e8me Magneglide\u2122 assure un pivotement vertical du bras de lecture en v\u00e9ritable \u00e9quilibre neutre, avec une friction tr\u00e8s faible. La stabilit\u00e9 lat\u00e9rale est tr\u00e8s forte, pratiquement autant qu\u2019avec un bras sur roulements. (Pas d\u2019oscillation du bras quand il est lev\u00e9, par exemple).<\/p>\n\n\n\n<p>De plus, ce syst\u00e8me de double amortissement force le Phantom III \u00e0 pivoter parfaitement dans le plan vertical (le m\u00eame que celui de la pointe du stylet), sans rotation lorsque le bras est lev\u00e9. Aucun unipivot classique ne peut atteindre cette exigence g\u00e9om\u00e9trique importante. M\u00eame quelques bras sur roulements ne sont pas parfaits de ce point de vue !<\/p>\n\n\n\n<p>Le niveau \u00e0 bulle int\u00e9gr\u00e9 permet une mise \u00e0 niveau facile et pr\u00e9cise (syst\u00e8me Micropoise \u2122).<\/p>\n\n\n\n<p>Le syst\u00e8me de vis microm\u00e9trique permet d&#8217;ajuster facilement l\u2019angle de lecture (VTA) avec une tr\u00e8s grande pr\u00e9cision.<\/p>\n\n\n\n<p><strong>SPECIFICATIONS des tubes de bras portes cellules (arm wand)<\/strong><\/p>\n\n\n\n<figure class=\"wp-block-table\"><table><tbody><tr><td>Phantom arm wand<\/td><td>Longueur effective<\/td><td>Overhang<\/td><td>Angle d\u2019offset<\/td><\/tr><tr><td>12 \u2018\u2019<\/td><td>308,8 mm<\/td><td>13,2 mm<\/td><td>17,620 degr\u00e9s<\/td><\/tr><tr><td>10 \u2018\u2019<\/td><td>247,0 mm<\/td><td>16,7 mm<\/td><td>22,230 degr\u00e9s<\/td><\/tr><tr><td>9 \u2018\u2019<\/td><td>235,0 mm<\/td><td>17,6 mm<\/td><td>23,431 degr\u00e9s<\/td><\/tr><\/tbody><\/table><\/figure>\n\n\n\n<figure class=\"wp-block-table\"><table><tbody><tr><td><img loading=\"lazy\" width=\"572\" height=\"300\" class=\"wp-image-1005\" style=\"width: 150px;\" src=\"http:\/\/acoustic-precision.fr\/wp-content\/uploads\/2021\/06\/tableau1.png\" alt=\"\" srcset=\"https:\/\/acoustic-precision.fr\/wp-content\/uploads\/2021\/06\/tableau1.png 572w, https:\/\/acoustic-precision.fr\/wp-content\/uploads\/2021\/06\/tableau1-300x157.png 300w\" sizes=\"(max-width: 572px) 100vw, 572px\" \/><\/td><td><img loading=\"lazy\" width=\"450\" height=\"308\" class=\"wp-image-1006\" style=\"width: 150px;\" src=\"http:\/\/acoustic-precision.fr\/wp-content\/uploads\/2021\/06\/tableau2.jpg\" alt=\"\" srcset=\"https:\/\/acoustic-precision.fr\/wp-content\/uploads\/2021\/06\/tableau2.jpg 450w, https:\/\/acoustic-precision.fr\/wp-content\/uploads\/2021\/06\/tableau2-300x205.jpg 300w\" sizes=\"(max-width: 450px) 100vw, 450px\" \/><\/td><\/tr><\/tbody><\/table><\/figure>\n\n\n\n<figure class=\"wp-block-table\"><table><tbody><tr><td><strong>Vis Microm\u00e9trique : r\u00e9glage de l\u2019angle de lecture (VTA)<\/strong><\/td><td><strong>Magneglide \u2122&nbsp;: Stabilisation Magn\u00e9tique (Azimuth)<\/strong><\/td><\/tr><tr><td><img loading=\"lazy\" width=\"640\" height=\"480\" class=\"wp-image-1007\" style=\"width: 150px;\" src=\"http:\/\/acoustic-precision.fr\/wp-content\/uploads\/2021\/06\/tableau3.jpg\" alt=\"\" srcset=\"https:\/\/acoustic-precision.fr\/wp-content\/uploads\/2021\/06\/tableau3.jpg 640w, https:\/\/acoustic-precision.fr\/wp-content\/uploads\/2021\/06\/tableau3-300x225.jpg 300w\" sizes=\"(max-width: 640px) 100vw, 640px\" \/><\/td><td><img loading=\"lazy\" width=\"800\" height=\"600\" class=\"wp-image-1008\" style=\"width: 150px;\" src=\"http:\/\/acoustic-precision.fr\/wp-content\/uploads\/2021\/06\/tableau4.jpg\" alt=\"\" srcset=\"https:\/\/acoustic-precision.fr\/wp-content\/uploads\/2021\/06\/tableau4.jpg 800w, https:\/\/acoustic-precision.fr\/wp-content\/uploads\/2021\/06\/tableau4-300x225.jpg 300w, https:\/\/acoustic-precision.fr\/wp-content\/uploads\/2021\/06\/tableau4-768x576.jpg 768w\" sizes=\"(max-width: 800px) 100vw, 800px\" \/><\/td><\/tr><\/tbody><\/table><\/figure>\n\n\n\n<p><strong>CE QUE DIT LA PRESSE&nbsp;:<\/strong><\/p>\n\n\n\n<p>I heard easily, unmistakably, and immediately\u2014was in the bottom octaves, where the Phantom delivered lightning strikes of deep, fast, ultra-tight bass. Massive attacks dissipated as quickly as they&#8217;d struck, leaving no residue.<\/p>\n\n\n\n<p>The Graham Phantom is a tonearm whose pure, effortless sound I can respect <em>and<\/em> love\u2026.. It&#8217;s also easy to set up.<\/p>\n\n\n\n<p><strong>Michael Fremer \/ Stereophile<\/strong><\/p>\n\n\n\n<p><strong>The Absolute Sound:<\/strong><\/p>\n\n\n\n<p>The baseline performance of the Phantom III is fundamentally sound. There is a proportionate blend of resolution, detail, bass response, sound staging, and imaging\u2014along with other traits\u2014that creates a \u201cwholeness\u201d with musical reproduction. With such a tonearm, connected cartridges are more apt to show their individual character more overtly.<\/p>\n\n\n\n<p><strong>Andre Jennings \/ The Absolute Sound \/ Mars 2019<\/strong><\/p>\n\n\n\n<div class=\"wp-block-file\"><a href=\"http:\/\/acoustic-precision.fr\/wp-content\/uploads\/2021\/06\/Graham-Engineering-Phantom-III-The-Absolute-Sound.pdf\" target=\"_blank\" rel=\"noreferrer noopener\">Graham-Engineering-Phantom-III-The-Absolute-Sound<\/a><\/div>\n\n\n\n<div class=\"wp-block-file\"><a href=\"http:\/\/acoustic-precision.fr\/wp-content\/uploads\/2021\/06\/Graham-Engineering-Phantom-B44-Stereophile.pdf\" target=\"_blank\" rel=\"noreferrer noopener\">Graham-Engineering-Phantom-B44-Stereophile<\/a><\/div>\n\n\n\n<div class=\"wp-block-file\"><a href=\"http:\/\/acoustic-precision.fr\/wp-content\/uploads\/2021\/06\/Graham-Phantom-ii-pickup-arm-The-Absolute-Sound.pdf\" target=\"_blank\" rel=\"noreferrer noopener\">Graham-Phantom-ii-pickup-arm-The-Absolute-Sound<\/a><\/div>\n\n\n\n<div class=\"wp-block-file\"><a href=\"http:\/\/acoustic-precision.fr\/wp-content\/uploads\/2021\/06\/Graham-Phantom-B44-Tonearm-The-Absolute-Sound.pdf\" target=\"_blank\" rel=\"noreferrer noopener\">Graham-Phantom-B44-Tonearm-The-Absolute-Sound<\/a><\/div>\n\n\n\n<div class=\"wp-block-file\"><a href=\"http:\/\/acoustic-precision.fr\/wp-content\/uploads\/2021\/06\/Phantom-III_lft.pdf\" target=\"_blank\" rel=\"noreferrer noopener\">Phantom-III_lft<\/a><\/div>\n\n\n\n<div class=\"wp-block-file\"><a href=\"http:\/\/acoustic-precision.fr\/wp-content\/uploads\/2021\/06\/GRAHAM-PHANTOM-II-B44-apd.pdf\" target=\"_blank\" rel=\"noreferrer noopener\">GRAHAM-PHANTOM-II-B44-apd<\/a><\/div>\n\n\n\n<div class=\"wp-block-image\"><figure class=\"aligncenter size-large\"><img loading=\"lazy\" width=\"1024\" height=\"518\" src=\"http:\/\/acoustic-precision.fr\/wp-content\/uploads\/2021\/06\/bras_fin-1024x518.jpg\" alt=\"\" class=\"wp-image-1015\" srcset=\"https:\/\/acoustic-precision.fr\/wp-content\/uploads\/2021\/06\/bras_fin-1024x518.jpg 1024w, https:\/\/acoustic-precision.fr\/wp-content\/uploads\/2021\/06\/bras_fin-300x152.jpg 300w, https:\/\/acoustic-precision.fr\/wp-content\/uploads\/2021\/06\/bras_fin-768x389.jpg 768w, https:\/\/acoustic-precision.fr\/wp-content\/uploads\/2021\/06\/bras_fin-1200x607.jpg 1200w, https:\/\/acoustic-precision.fr\/wp-content\/uploads\/2021\/06\/bras_fin.jpg 1375w\" sizes=\"(max-width: 1024px) 100vw, 1024px\" \/><\/figure><\/div>\n","protected":false},"excerpt":{"rendered":"<p>GRAHAM Engineering TonearmBras de lecture Bob Graham est une figure l\u00e9gendaire de l&#8217;audio. La conception originale de ses bras de lecture a toujours \u00e9t\u00e9 \u00e0 l&#8217;avant-garde de la reproduction analogique et le Phantom III est l&#8217;aboutissement de ses recherches et de son engagement \u00e0 produire le meilleur bras de lecture possible. Sa conception et sa [&hellip;]<\/p>\n","protected":false},"author":1,"featured_media":0,"parent":0,"menu_order":0,"comment_status":"closed","ping_status":"closed","template":"","meta":[],"_links":{"self":[{"href":"https:\/\/acoustic-precision.fr\/index.php\/wp-json\/wp\/v2\/pages\/98"}],"collection":[{"href":"https:\/\/acoustic-precision.fr\/index.php\/wp-json\/wp\/v2\/pages"}],"about":[{"href":"https:\/\/acoustic-precision.fr\/index.php\/wp-json\/wp\/v2\/types\/page"}],"author":[{"embeddable":true,"href":"https:\/\/acoustic-precision.fr\/index.php\/wp-json\/wp\/v2\/users\/1"}],"replies":[{"embeddable":true,"href":"https:\/\/acoustic-precision.fr\/index.php\/wp-json\/wp\/v2\/comments?post=98"}],"version-history":[{"count":2,"href":"https:\/\/acoustic-precision.fr\/index.php\/wp-json\/wp\/v2\/pages\/98\/revisions"}],"predecessor-version":[{"id":1016,"href":"https:\/\/acoustic-precision.fr\/index.php\/wp-json\/wp\/v2\/pages\/98\/revisions\/1016"}],"wp:attachment":[{"href":"https:\/\/acoustic-precision.fr\/index.php\/wp-json\/wp\/v2\/media?parent=98"}],"curies":[{"name":"wp","href":"https:\/\/api.w.org\/{rel}","templated":true}]}}