{"id":786,"date":"2021-05-29T20:23:14","date_gmt":"2021-05-29T18:23:14","guid":{"rendered":"https:\/\/acoustic-precision.fr\/wordpress\/?page_id=786"},"modified":"2021-06-08T11:42:45","modified_gmt":"2021-06-08T09:42:45","slug":"ap-page-venture-gamme-enceintes","status":"publish","type":"page","link":"https:\/\/acoustic-precision.fr\/index.php\/ap-page-venture-gamme-enceintes\/","title":{"rendered":"VENTURE gamme enceintes"},"content":{"rendered":"\n<figure class=\"wp-block-table\"><table><tbody><tr><td class=\"has-text-align-center\" data-align=\"center\"><img src=\"https:\/\/acoustic-precision.fr\/wordpress\/wp-content\/uploads\/2021\/05\/logo.jpg\" class=\"wp-image-764\" style=\"width: 200px;\" alt=\"\"><img loading=\"lazy\" width=\"418\" height=\"136\" class=\"wp-image-1146\" style=\"width: 150px;\" src=\"http:\/\/acoustic-precision.fr\/wp-content\/uploads\/2021\/06\/logo-1.jpg\" alt=\"\" srcset=\"https:\/\/acoustic-precision.fr\/wp-content\/uploads\/2021\/06\/logo-1.jpg 418w, https:\/\/acoustic-precision.fr\/wp-content\/uploads\/2021\/06\/logo-1-300x98.jpg 300w\" sizes=\"(max-width: 418px) 100vw, 418px\" \/><br><strong>C\u00e2bles &amp; Enceintes<\/strong><\/td><td class=\"has-text-align-center\" data-align=\"center\"><img src=\"https:\/\/acoustic-precision.fr\/wordpress\/wp-content\/uploads\/2021\/05\/VENTURE-Charm-Ebony-bandeau-enceintes.jpg\" class=\"wp-image-780\" style=\"width: 300px;\" alt=\"\"><img loading=\"lazy\" width=\"750\" height=\"750\" class=\"wp-image-1162\" style=\"width: 150px;\" src=\"http:\/\/acoustic-precision.fr\/wp-content\/uploads\/2021\/06\/VENTURE-Charm-Ebony-bandeau-enceintes.jpg\" alt=\"\" srcset=\"https:\/\/acoustic-precision.fr\/wp-content\/uploads\/2021\/06\/VENTURE-Charm-Ebony-bandeau-enceintes.jpg 750w, https:\/\/acoustic-precision.fr\/wp-content\/uploads\/2021\/06\/VENTURE-Charm-Ebony-bandeau-enceintes-300x300.jpg 300w, https:\/\/acoustic-precision.fr\/wp-content\/uploads\/2021\/06\/VENTURE-Charm-Ebony-bandeau-enceintes-150x150.jpg 150w\" sizes=\"(max-width: 750px) 100vw, 750px\" \/><\/td><\/tr><\/tbody><\/table><\/figure>\n\n\n\n<p><strong>La gamme des Enceintes VENTURE<\/strong><\/p>\n\n\n\n<p>Les enceintes VENTURE sont des \u0153uvres d&#8217;art immobiles.<\/p>\n\n\n\n<p>Sans l\u2019ombre d\u2019un doute, Venture vous apporte l&#8217;exp\u00e9rience et la satisfaction des \u00e9v\u00e8nements musicaux en direct comme aucun autre haut-parleur !<\/p>\n\n\n\n<p>Toutes ces qualit\u00e9s des enceintes ultimes VENTURE garantissent que chaque aspect de l&#8217;enregistrement est r\u00e9v\u00e9l\u00e9 ainsi que les caract\u00e9ristiques de l&#8217;\u00e9lectronique qui les anime.<\/p>\n\n\n\n<p>Sans l\u2019ombre d\u2019un doute, la s\u00e9rie VENTURE Ultimate vous apporte le meilleur du son Live.<\/p>\n\n\n\n<div class=\"wp-block-file\"><a href=\"http:\/\/acoustic-precision.fr\/wp-content\/uploads\/2021\/06\/Venture-Grand-Ultimate-Loudspeaker.pdf\" target=\"_blank\" rel=\"noreferrer noopener\">Venture-Grand-Ultimate-Loudspeaker<\/a><\/div>\n\n\n\n<div class=\"wp-block-file\"><a href=\"http:\/\/acoustic-precision.fr\/wp-content\/uploads\/2021\/06\/Venture-Audio-Encore-Loudspeakers.pdf\" target=\"_blank\" rel=\"noreferrer noopener\">Venture-Audio-Encore-Loudspeakers<\/a><\/div>\n\n\n\n<div class=\"wp-block-file\"><a href=\"http:\/\/acoustic-precision.fr\/wp-content\/uploads\/2021\/06\/Venture-Audio-The-AudioBeat.pdf\" target=\"_blank\" rel=\"noreferrer noopener\">Venture-Audio-The-AudioBeat<\/a><\/div>\n\n\n\n<div class=\"wp-block-file\"><a href=\"http:\/\/acoustic-precision.fr\/wp-content\/uploads\/2021\/06\/Presentation-VENTURE.pdf\" target=\"_blank\" rel=\"noreferrer noopener\">Presentation-VENTURE<\/a><\/div>\n\n\n\n<p><strong>The Ultimate Series Speakers<\/strong><\/p>\n\n\n\n<figure class=\"wp-block-table aligncenter\"><table class=\"has-fixed-layout\"><tbody><tr><td class=\"has-text-align-center\" data-align=\"center\"><strong>Xtreme<\/strong> <img class=\"wp-image-792\" style=\"width: 150px;\" src=\"https:\/\/acoustic-precision.fr\/wordpress\/wp-content\/uploads\/2021\/05\/1.png\" alt=\"\"><img loading=\"lazy\" width=\"326\" height=\"420\" class=\"wp-image-1180\" style=\"width: 150px;\" src=\"http:\/\/acoustic-precision.fr\/wp-content\/uploads\/2021\/06\/1-2.png\" alt=\"\" srcset=\"https:\/\/acoustic-precision.fr\/wp-content\/uploads\/2021\/06\/1-2.png 326w, https:\/\/acoustic-precision.fr\/wp-content\/uploads\/2021\/06\/1-2-233x300.png 233w\" sizes=\"(max-width: 326px) 100vw, 326px\" \/> <strong>Frequency Response:<\/strong><br>20 &#8211; 60,000 Hz <strong>Sensitivity:<\/strong><br>93 dB <br><strong>Impedance:<\/strong><br>6 Ohm <strong>Recommended Power:<\/strong><br>Up to 1000 Watts (no Clipping) <br><strong>Break-in Time:<\/strong><br>Min 100\u00a0hrs\u00a0playing time <strong>Drivers:<\/strong><br>One 2&#8243; AGC Dynamic Tweeter<br>Two 5&#8243;\u00a0CFGC Drivers<br>Four 7&#8243; CFGC Underhung Midrange drivers<br>Six 9&#8243; CFGC Bass Drivers <br><strong>Wiring:<\/strong><br>VENTURE Cables <strong>Design:<\/strong><br>4-Way First Crossover Design <strong>Weight:<\/strong><br>Approx. 120 kg <strong>Dimensions:<\/strong><br>H172\u00a0x W66\u00a0x D61\u00a0(cm) <br><strong>Cabinet:<\/strong><br>Ebony<br><br><\/td><td class=\"has-text-align-center\" data-align=\"center\"><strong>Ultimate Reference<\/strong> <img class=\"wp-image-793\" style=\"width: 150px;\" src=\"https:\/\/acoustic-precision.fr\/wordpress\/wp-content\/uploads\/2021\/05\/2-1.png\" alt=\"\"><img loading=\"lazy\" width=\"326\" height=\"420\" class=\"wp-image-1179\" style=\"width: 150px;\" src=\"http:\/\/acoustic-precision.fr\/wp-content\/uploads\/2021\/06\/2-3.png\" alt=\"\" srcset=\"https:\/\/acoustic-precision.fr\/wp-content\/uploads\/2021\/06\/2-3.png 326w, https:\/\/acoustic-precision.fr\/wp-content\/uploads\/2021\/06\/2-3-233x300.png 233w\" sizes=\"(max-width: 326px) 100vw, 326px\" \/> <strong>Frequency Response:<\/strong><br>20 &#8211; 60,000 Hz <strong>Sensitivity:<\/strong><br>92 dB <br><strong>Impedance:<\/strong><br>6 Ohm <strong>Recommended Power:<\/strong><br>Up to 400 Watts (no Clipping) <br><strong>Break-in Time:<\/strong><br>Min 200\u00a0hrs min playing time <br><strong>Drivers:<\/strong><br>One 2&#8243; VENTURE AGC Fullrange Dynamic Tweeter<br>One 7&#8243; VENTURE CFC Drivers<br>Four 9&#8243; VENTURE CFC\u00a0Woofers <br><strong>Design:<\/strong><br>3-Way First order Crossover Design <strong>Weight:<\/strong><br>120 kg <br><strong>Dimensions:<\/strong><br>H148\u00a0x W40\u00a0x D60\u00a0(cm) <br><strong>Cabinet:<\/strong><br>Ebony or Elm Burl in High Gloss lacquer<br><br><br><br><\/td><td class=\"has-text-align-center\" data-align=\"center\"><br><strong>Grand Ultimate MK II<\/strong> <img loading=\"lazy\" width=\"326\" height=\"420\" class=\"wp-image-1178\" style=\"width: 150px;\" src=\"http:\/\/acoustic-precision.fr\/wp-content\/uploads\/2021\/06\/3-2.png\" alt=\"\" srcset=\"https:\/\/acoustic-precision.fr\/wp-content\/uploads\/2021\/06\/3-2.png 326w, https:\/\/acoustic-precision.fr\/wp-content\/uploads\/2021\/06\/3-2-233x300.png 233w\" sizes=\"(max-width: 326px) 100vw, 326px\" \/><img class=\"wp-image-794\" style=\"width: 150px;\" src=\"https:\/\/acoustic-precision.fr\/wordpress\/wp-content\/uploads\/2021\/05\/3.png\" alt=\"\"> <strong>Frequency Response:<\/strong><br>22 &#8211; 60,000 Hz <strong>Sensitivity:<\/strong><br>92 dB <br><strong>Impedance:<\/strong><br>4 Ohm <br><strong>Recommended Power:<\/strong><br>Up to 400 Watts (no Clipping) <br><strong>Break-in Time:<\/strong><br>100 hrs min playing time <br><strong>Drivers:<\/strong><br>One 2&#8243; VENTURE AGC Fullrange Dynamic Tweeter<br>One 7&#8243; VENTURE CFGC Underhung Midrange<br>Four 7&#8243; VENTURE CFGC\u00a0Woofers <br><strong>Design:<\/strong><br>3-Way First order Crossover Design <strong>Weight:<\/strong><br>80 kg or 175 lbs <strong>Dimensions:<\/strong><br>H140\u00a0x W35\u00a0x D53\u00a0(cm) <br><strong>Cabinet:<\/strong><br>Ebony in High Gloss lacquer<br><br><br><br><\/td><\/tr><tr><td class=\"has-text-align-center\" data-align=\"center\"><strong>Ultimate MKII<\/strong> <img src=\"https:\/\/acoustic-precision.fr\/wordpress\/wp-content\/uploads\/2021\/05\/4.png\" class=\"wp-image-795\" style=\"width: 150px;\" alt=\"\"><img loading=\"lazy\" width=\"326\" height=\"420\" class=\"wp-image-1181\" style=\"width: 150px;\" src=\"http:\/\/acoustic-precision.fr\/wp-content\/uploads\/2021\/06\/4-1.png\" alt=\"\" srcset=\"https:\/\/acoustic-precision.fr\/wp-content\/uploads\/2021\/06\/4-1.png 326w, https:\/\/acoustic-precision.fr\/wp-content\/uploads\/2021\/06\/4-1-233x300.png 233w\" sizes=\"(max-width: 326px) 100vw, 326px\" \/> <strong>Frequency Response:<\/strong><br>26 &#8211; 40,000 Hz <strong>Sensitivity:<\/strong><br>90 dB <br><strong>Impedance:<\/strong><br>6 Ohm <strong>Recommended Power:<\/strong><br>Up to 400 Watts (no Clipping) <br><strong>Break-in Time:<\/strong><br>Min 100\u00a0hrs min playing time <br><strong>Drivers:<\/strong><br>One 1.5&#8243; VENTURE AGC Dynamic Tweeter<br>One 5&#8243; VENTURE CFC Drivers<br>Three\u00a07&#8243; VENTURE AGC Woofers <strong>Design:<\/strong><br>3-Way First order Crossover Design <strong>Weight:<\/strong><br>75 kg <br><strong>Dimensions:<\/strong><br>H115\u00a0x W33\u00a0x D45\u00a0(cm) <br><strong>Cabinet:<\/strong><br>Makasar Ebony Veneer in Polyester High Gloss<\/td><td class=\"has-text-align-center\" data-align=\"center\"><br><strong>Encore<\/strong> <img src=\"https:\/\/acoustic-precision.fr\/wordpress\/wp-content\/uploads\/2021\/05\/5.png\" class=\"wp-image-796\" style=\"width: 150px;\" alt=\"\"><img loading=\"lazy\" width=\"326\" height=\"420\" class=\"wp-image-1182\" style=\"width: 150px;\" src=\"http:\/\/acoustic-precision.fr\/wp-content\/uploads\/2021\/06\/5.png\" alt=\"\" srcset=\"https:\/\/acoustic-precision.fr\/wp-content\/uploads\/2021\/06\/5.png 326w, https:\/\/acoustic-precision.fr\/wp-content\/uploads\/2021\/06\/5-233x300.png 233w\" sizes=\"(max-width: 326px) 100vw, 326px\" \/> <strong>Frequency Response:<\/strong><br>30 &#8211; 40,000 Hz <strong>Sensitivity:<\/strong><br>87 dB <br><strong>Impedance:<\/strong><br>6 Ohm <strong>Recommended Power:<\/strong><br>Up to 300 Watts (no Clipping) <br><strong>Break-in Time:<\/strong><br>Min 24 hrs min playing time <br><strong>Drivers:<\/strong><br>One 1.5&#8243; VENTURE AGC Dynamic Tweeter<br>One 5&#8243; VENTURE CFC Drivers<br>Two 7&#8243; VENTURE AGC Woofers <br><strong>Design:<\/strong><br>3-Way First order Crossover Design <strong>Weight:<\/strong><br>60 kg <br><strong>Dimensions:<\/strong><br>H112 x W30 x D38 (cm) <br><strong>Cabinet:<\/strong><br>Mirror Polish Piano Black\/White<br>Rosewood &amp; Makasar<br>Ebony Veneer<br>all with Polyester High Gloss<\/td><td class=\"has-text-align-center\" data-align=\"center\"><strong>Ultimate Charm<\/strong> <img src=\"https:\/\/acoustic-precision.fr\/wordpress\/wp-content\/uploads\/2021\/05\/6.png\" class=\"wp-image-797\" style=\"width: 150px;\" alt=\"\"> <img loading=\"lazy\" width=\"326\" height=\"420\" class=\"wp-image-1183\" style=\"width: 150px;\" src=\"http:\/\/acoustic-precision.fr\/wp-content\/uploads\/2021\/06\/6.png\" alt=\"\" srcset=\"https:\/\/acoustic-precision.fr\/wp-content\/uploads\/2021\/06\/6.png 326w, https:\/\/acoustic-precision.fr\/wp-content\/uploads\/2021\/06\/6-233x300.png 233w\" sizes=\"(max-width: 326px) 100vw, 326px\" \/><strong>Frequency Response:<\/strong><br>40 &#8211; 60,000 Hz <strong>Sensitivity:<\/strong><br>87 dB <br><strong>Impedance:<\/strong><br>4 Ohm <br><strong>Recommended Power:<\/strong><br>Up to 200 Watts (no Clipping) <br><strong>Break-in Time:<\/strong><br>Min 24 hrs min playing time <br><strong>Drivers:<\/strong><br>One 2&#8243; VENTURE AGC Dynamic Tweeter<br>One 7&#8243; VENTURE CFGC Woofers <br><strong>Design:<\/strong><br>2-Way First order Crossover Design <strong>Weight:<\/strong><br>50 kgs (incl. stands) <strong>Dimensions:<\/strong><br>H42 x W28 x D34 (cm)<br>Stands: H-111 <br><strong>Cabinet:<\/strong><br>Pearl White<br>Ebony Veneer with Polyester High Gloss<br><br><br><br><\/td><\/tr><\/tbody><\/table><\/figure>\n\n\n\n<figure class=\"wp-block-table aligncenter\"><table><tbody><tr><td class=\"has-text-align-center\" data-align=\"center\"><strong>Quantum Series<\/strong><br><strong>Quantum 8<\/strong><br> <img src=\"https:\/\/acoustic-precision.fr\/wordpress\/wp-content\/uploads\/2021\/05\/8-1.jpg\" class=\"wp-image-798\" style=\"width: 150px;\" alt=\"\"><img loading=\"lazy\" width=\"559\" height=\"687\" class=\"wp-image-1185\" style=\"width: 150px;\" src=\"http:\/\/acoustic-precision.fr\/wp-content\/uploads\/2021\/06\/8-2.jpg\" alt=\"\" srcset=\"https:\/\/acoustic-precision.fr\/wp-content\/uploads\/2021\/06\/8-2.jpg 559w, https:\/\/acoustic-precision.fr\/wp-content\/uploads\/2021\/06\/8-2-244x300.jpg 244w\" sizes=\"(max-width: 559px) 100vw, 559px\" \/> <br><strong>Frequency Response:<\/strong><br>24 &#8211; 40,000 Hz <br><strong>Max dBSPL:<\/strong><br>112 dB <br><strong>Total Amplifier Power:<\/strong><br>2400 Watts Class D <strong>Amplifier Channels:<\/strong><br>3 <br><strong>Analog Input:<\/strong><br>24bit XLR <br><strong>Digital Input:<\/strong><br>AES <br><strong>Drivers:<\/strong><br>One 2&#8243; ACG VENTURE Tweeter<br>One 6.5&#8243; AGC Midrange VENTURE Driver<br>One 8&#8243; ACG Woofer VENTURE Driver <br><strong>Design:<\/strong><br>3-Way <br><strong>Dimensions:<\/strong><br>H127 x W50 x D45 (cm) <strong>Weight:<\/strong><br>77 kgs <br><strong>Finish:<\/strong><br>Black Polyester High Gloss Mirror Finish<\/td><td class=\"has-text-align-center\" data-align=\"center\"><strong>La Vie Series<\/strong><br><strong>La Vie Compact Speaker<\/strong>  <img loading=\"lazy\" width=\"326\" height=\"435\" class=\"wp-image-1186\" style=\"width: 150px;\" src=\"http:\/\/acoustic-precision.fr\/wp-content\/uploads\/2021\/06\/8.png\" alt=\"\" srcset=\"https:\/\/acoustic-precision.fr\/wp-content\/uploads\/2021\/06\/8.png 326w, https:\/\/acoustic-precision.fr\/wp-content\/uploads\/2021\/06\/8-225x300.png 225w\" sizes=\"(max-width: 326px) 100vw, 326px\" \/><br><strong>Frequency Response:<\/strong><br>100 &#8211; 60,000 Hz <br><strong>Sensitivity:<\/strong><br>86 dB <br><strong>Impedance:<\/strong><br>5 Ohm Nominal <br><strong>Break-in Time:<\/strong><br>Min 200 hrs playing time <br><strong>Drivers:<\/strong><br>One 2&#8243; VENTURE AGC Fullrange Dynamic Driver <br><strong>Weight:<\/strong><br>3.9 kg <br><strong>Dimensions:<\/strong><br>H20 x W15 x D17 (cm) <br><strong>Cabinet:<\/strong><br>Piano Black Solid Acrylic Composite<br><br><br><br><br><br><br><br><br><br><\/td><\/tr><\/tbody><\/table><\/figure>\n\n\n\n<p><\/p>\n","protected":false},"excerpt":{"rendered":"<p>C\u00e2bles &amp; Enceintes La gamme des Enceintes VENTURE Les enceintes VENTURE sont des \u0153uvres d&#8217;art immobiles. Sans l\u2019ombre d\u2019un doute, Venture vous apporte l&#8217;exp\u00e9rience et la satisfaction des \u00e9v\u00e8nements musicaux en direct comme aucun autre haut-parleur ! Toutes ces qualit\u00e9s des enceintes ultimes VENTURE garantissent que chaque aspect de l&#8217;enregistrement est r\u00e9v\u00e9l\u00e9 ainsi que les [&hellip;]<\/p>\n","protected":false},"author":1,"featured_media":0,"parent":0,"menu_order":0,"comment_status":"closed","ping_status":"closed","template":"","meta":[],"_links":{"self":[{"href":"https:\/\/acoustic-precision.fr\/index.php\/wp-json\/wp\/v2\/pages\/786"}],"collection":[{"href":"https:\/\/acoustic-precision.fr\/index.php\/wp-json\/wp\/v2\/pages"}],"about":[{"href":"https:\/\/acoustic-precision.fr\/index.php\/wp-json\/wp\/v2\/types\/page"}],"author":[{"embeddable":true,"href":"https:\/\/acoustic-precision.fr\/index.php\/wp-json\/wp\/v2\/users\/1"}],"replies":[{"embeddable":true,"href":"https:\/\/acoustic-precision.fr\/index.php\/wp-json\/wp\/v2\/comments?post=786"}],"version-history":[{"count":7,"href":"https:\/\/acoustic-precision.fr\/index.php\/wp-json\/wp\/v2\/pages\/786\/revisions"}],"predecessor-version":[{"id":1188,"href":"https:\/\/acoustic-precision.fr\/index.php\/wp-json\/wp\/v2\/pages\/786\/revisions\/1188"}],"wp:attachment":[{"href":"https:\/\/acoustic-precision.fr\/index.php\/wp-json\/wp\/v2\/media?parent=786"}],"curies":[{"name":"wp","href":"https:\/\/api.w.org\/{rel}","templated":true}]}}