{"id":779,"date":"2021-05-29T19:44:46","date_gmt":"2021-05-29T17:44:46","guid":{"rendered":"https:\/\/acoustic-precision.fr\/wordpress\/?page_id=779"},"modified":"2021-06-08T11:34:55","modified_gmt":"2021-06-08T09:34:55","slug":"venture-enceintes","status":"publish","type":"page","link":"https:\/\/acoustic-precision.fr\/index.php\/venture-enceintes\/","title":{"rendered":"VENTURE Enceintes"},"content":{"rendered":"\n<div class=\"wp-block-jetpack-layout-grid alignfull column1-desktop-grid__span-2 column1-desktop-grid__start-5 column1-desktop-grid__row-1 column2-desktop-grid__span-2 column2-desktop-grid__start-7 column2-desktop-grid__row-1 column1-tablet-grid__span-4 column1-tablet-grid__row-1 column2-tablet-grid__span-4 column2-tablet-grid__start-5 column2-tablet-grid__row-1 column1-mobile-grid__span-4 column1-mobile-grid__row-1 column2-mobile-grid__span-4 column2-mobile-grid__row-2 are-vertically-aligned-center\">\n<div class=\"wp-block-jetpack-layout-grid-column wp-block-jetpack-layout-grid__padding-none is-vertically-aligned-center\">\n<div class=\"wp-block-image\"><figure class=\"aligncenter size-large\"><img loading=\"lazy\" width=\"418\" height=\"136\" src=\"http:\/\/acoustic-precision.fr\/wp-content\/uploads\/2021\/06\/logo-1.jpg\" alt=\"\" class=\"wp-image-1146\" srcset=\"https:\/\/acoustic-precision.fr\/wp-content\/uploads\/2021\/06\/logo-1.jpg 418w, https:\/\/acoustic-precision.fr\/wp-content\/uploads\/2021\/06\/logo-1-300x98.jpg 300w\" sizes=\"(max-width: 418px) 100vw, 418px\" \/><\/figure><\/div>\n\n\n\n<p class=\"has-text-align-center\"><strong>C\u00e2bles &amp; Enceintes<\/strong><\/p>\n<\/div>\n\n\n\n<div class=\"wp-block-jetpack-layout-grid-column wp-block-jetpack-layout-grid__padding-none is-vertically-aligned-center\">\n<div class=\"wp-block-image\"><figure class=\"aligncenter size-large\"><img loading=\"lazy\" width=\"750\" height=\"750\" src=\"http:\/\/acoustic-precision.fr\/wp-content\/uploads\/2021\/06\/VENTURE-Charm-Ebony-bandeau-enceintes.jpg\" alt=\"\" class=\"wp-image-1162\" srcset=\"https:\/\/acoustic-precision.fr\/wp-content\/uploads\/2021\/06\/VENTURE-Charm-Ebony-bandeau-enceintes.jpg 750w, https:\/\/acoustic-precision.fr\/wp-content\/uploads\/2021\/06\/VENTURE-Charm-Ebony-bandeau-enceintes-300x300.jpg 300w, https:\/\/acoustic-precision.fr\/wp-content\/uploads\/2021\/06\/VENTURE-Charm-Ebony-bandeau-enceintes-150x150.jpg 150w\" sizes=\"(max-width: 750px) 100vw, 750px\" \/><\/figure><\/div>\n<\/div>\n<\/div>\n\n\n\n<p><strong>Enceintes VENTURE<\/strong><\/p>\n\n\n\n<p>Les enceintes VENTURE sont des \u0153uvres d&#8217;art immobiles. Les qualit\u00e9s de r\u00e9alisation et de m\u00e9ticuleuse finition sont vraiment parfaites. La finition brillante avec de beaux placages et peintures est une marque de fabrique de VENTURE. Ces enceintes ont une couche de finition miroir \u00e9paisse (environ 1300 microns) en polyester dur et de haute brillance qui r\u00e9duit les vibrations le long des multiples couches de bois dur massif qui forment les parois ext\u00e9rieures.<\/p>\n\n\n\n<p>Les enceintes Venture pr\u00e9sentent un niveau de r\u00e9solution extr\u00eamement \u00e9lev\u00e9 r\u00e9v\u00e9lant toutes les qualit\u00e9s des sons, les changements de tonalit\u00e9s les plus subtils, le vibrato des voix et des instruments et les plus infimes niveaux de sibilance.<\/p>\n\n\n\n<p>Tout cela, sans aucune trace de duret\u00e9 que l&#8217;on retrouve dans de nombreuses enceintes.<\/p>\n\n\n\n<p>Les enceintes VENTURE sont si rapides que la plage et les \u00e9carts dynamiques sont restitu\u00e9s aux niveaux maximums de l\u2019enregistrement. Les instruments ont individuellement leur propre gamme dynamique, un ph\u00e9nom\u00e8ne pratiquement jamais entendu. Le bruit de fond est inaudible, la sc\u00e8ne sonore est large et profonde avec une reproduction spatiale tr\u00e8s pr\u00e9cise.<\/p>\n\n\n\n<p>Le son est si pur que la distorsion est inf\u00e9rieure \u00e0 tout ce qui est rencontr\u00e9 en audio aujourd&#8217;hui. La coh\u00e9rence des enceintes est telle que les auditeurs peuvent se lever, s&#8217;asseoir ou se d\u00e9placer dans la pi\u00e8ce sans aucun changement dans l&#8217;\u00e9quilibre tonal.<\/p>\n\n\n\n<p>Sans l\u2019ombre d\u2019un doute, Venture vous apporte l&#8217;exp\u00e9rience et la satisfaction des \u00e9v\u00e8nements musicaux en direct comme aucun autre haut-parleur !<\/p>\n\n\n\n<div class=\"wp-block-file\"><a href=\"http:\/\/acoustic-precision.fr\/wp-content\/uploads\/2021\/06\/Venture-Audio-Enceintes.pdf\" target=\"_blank\" rel=\"noreferrer noopener\">Venture-Audio-Enceintes<\/a><\/div>\n\n\n\n<div class=\"wp-block-file\"><a href=\"http:\/\/acoustic-precision.fr\/wp-content\/uploads\/2021\/06\/Venture-Audio-cable-line.pdf\" target=\"_blank\" rel=\"noreferrer noopener\">Venture-Audio-cable-line<\/a><\/div>\n\n\n\n<div class=\"wp-block-file\"><a href=\"http:\/\/acoustic-precision.fr\/wp-content\/uploads\/2021\/06\/Presentation-VENTURE.pdf\" target=\"_blank\" rel=\"noreferrer noopener\">Presentation-VENTURE<\/a><\/div>\n\n\n\n<figure class=\"wp-block-image size-large\"><img loading=\"lazy\" width=\"563\" height=\"1024\" src=\"http:\/\/acoustic-precision.fr\/wp-content\/uploads\/2021\/06\/VENTURE-UR-7-page-enceintes-563x1024.jpg\" alt=\"\" class=\"wp-image-1164\" srcset=\"https:\/\/acoustic-precision.fr\/wp-content\/uploads\/2021\/06\/VENTURE-UR-7-page-enceintes-563x1024.jpg 563w, https:\/\/acoustic-precision.fr\/wp-content\/uploads\/2021\/06\/VENTURE-UR-7-page-enceintes-165x300.jpg 165w, https:\/\/acoustic-precision.fr\/wp-content\/uploads\/2021\/06\/VENTURE-UR-7-page-enceintes.jpg 750w\" sizes=\"(max-width: 563px) 100vw, 563px\" \/><\/figure>\n\n\n\n<p><strong>Les Haut-Parleurs VENTURE<\/strong><\/p>\n\n\n\n<p>\u00c0 partir de 2001, VENTURE s&#8217;est engag\u00e9 dans un programme de recherche et d\u00e9veloppement lui donnant la capacit\u00e9 de concevoir et fabriquer ses propres haut-parleurs.<\/p>\n\n\n\n<p>Les membranes des haut-parleurs utilisent deux types de fibres. Le premier type de haut-parleur utilise des fibres de carbone individuelles, appel\u00e9es CFGC, pour composite fibre de carbone. Ces fibres sont dispos\u00e9es au travers du c\u00f4ne en r\u00e9sine selon un mod\u00e8le exclusif. Le deuxi\u00e8me type de haut-parleur utilise un c\u00f4ne compos\u00e9 de pulpe d&#8217;abaca avec des fibres d&#8217;abaca pour la rigidit\u00e9 et est appel\u00e9 AGC &#8211; Abaca Graphite Composite. Les fibres d&#8217;abaca proviennent des longues tiges des feuilles d&#8217;abaca. Des particules de graphite sont dispers\u00e9es dans la pulpe d&#8217;abaca pour former une matrice composite de graphite. Non seulement ces haut-parleurs sont durables, mais ils sont rigides, l\u00e9gers et donnent un son tr\u00e8s naturel.<\/p>\n\n\n\n<p>Ces caract\u00e9ristiques sont essentielles lorsque, dans une enceinte, sont utilis\u00e9s de filtres de premier ordre (pentes \u00e0 6 dB \/ octave). La mise en \u0153uvre de ces param\u00e8tres a \u00e9t\u00e9 si bien faite que l\u2019enceinte d\u00e9livre un son tr\u00e8s coh\u00e9rent, presque parfait. En fait, un auditeur peut se lever et marcher tout autour de la pi\u00e8ce d&#8217;\u00e9coute sans d\u00e9tecter de changement d&#8217;\u00e9quilibre tonal !<\/p>\n\n\n\n<p>VENTURE utilise dans ses haut-parleurs de tr\u00e8s gros et puissants aimants afin d&#8217;exercer un contr\u00f4le extr\u00eamement pr\u00e9cis sur du c\u00f4ne. Le contr\u00f4le des c\u00f4nes de haut-parleur de graves est si fort que leur Q est dans le domaine inou\u00ef de 0,2. Ainsi, le trainage des basses est pratiquement inexistant, ce qui signifie que les basses sont extr\u00eamement pr\u00e9cises et maitris\u00e9es.<\/p>\n\n\n\n<p>Les haut-parleurs de graves VENTURE sont tous de type CFGC. Les haut-parleurs de m\u00e9dium peuvent \u00eatre de type CFGC ou AGC selon le mod\u00e8le d\u2019enceinte. Les haut-parleurs de graves sont de 7 &#8220;ou 9&#8221; et les haut-parleurs de m\u00e9dium sont de 5 &#8220;ou 7&#8221;, \u00e9galement selon le mod\u00e8le d\u2019enceinte.<\/p>\n\n\n\n<p>VENTURE a con\u00e7u un tweeter unique de technologie AGC qui atteint une bande passante extr\u00eamement large de 100 Hz \u00e0 60 000 Hz. Le tweeter VENTURE est disponible en versions de 1,5 &#8220;ou 2,0&#8221; de diam\u00e8tre. Tous les tweeters dynamiques VENTURE sont du type AGC. Le tweeter large bande VENTURE est la touche ultime dans la r\u00e9alisation de haut-parleur \u00e9lectro-dynamiques. Les tweeters VENTURE sont capables d&#8217;une tr\u00e8s haute r\u00e9solution, d&#8217;une grande plage dynamique et peuvent \u00eatre combin\u00e9s avec pratiquement n&#8217;importe quelle fr\u00e9quence de croisement entre le haut-parleur de medium et le tweeter. Le tweeter VENTURE pr\u00e9sente une superbe combinaison avec les haut-parleurs de m\u00e9dium VENTURE, ce avec une excellente lin\u00e9arit\u00e9 en phase et en amplitude.<\/p>\n\n\n\n<p>VENTURE utilise \u00e9galement ses propres c\u00e2bles de liaison dans toutes ses enceintes afin d\u2019avoir un haut niveau de r\u00e9solution, r\u00e9v\u00e9lateur de toutes les qualit\u00e9s tonales, des vibratos des voix et des instruments. Les instruments ont individuellement leur propre plage dynamique et le bruit de fond est inaudible. La sc\u00e8ne sonore est large et profonde avec une image sonore tr\u00e8s pr\u00e9cise.<\/p>\n\n\n\n<p>Toutes ces qualit\u00e9s des enceintes ultimes VENTURE garantissent que chaque aspect de l&#8217;enregistrement est r\u00e9v\u00e9l\u00e9 ainsi que les caract\u00e9ristiques de l&#8217;\u00e9lectronique qui les anime.<\/p>\n\n\n\n<p>Sans l\u2019ombre d\u2019un doute, la s\u00e9rie VENTURE Ultimate vous apporte le meilleur du son Live.<\/p>\n\n\n\n<p><strong>Les Filtres<\/strong><\/p>\n\n\n\n<p>Tous les filtres d\u2019enceintes VENTURE sont du PREMIER ORDRE (6 dB \/ octave). Les filtres passifs sont construits \u00e0 la main avec un assemblage en l\u2019air point \u00e0 point et r\u00e9pondent \u00e0 des contr\u00f4les qualit\u00e9s rigoureux. Les composants sont soigneusement s\u00e9lectionn\u00e9s et test\u00e9s avant et apr\u00e8s l&#8217;assemblage.<\/p>\n\n\n\n<p>Pour que les filtres de premier ordre fonctionnent correctement, ils ne doivent pas pr\u00e9senter de d\u00e9fauts et les haut-parleurs doivent r\u00e9pondre aux crit\u00e8res d\u00e9crits pr\u00e9c\u00e9demment. Sinon, le son ne sera pas lin\u00e9aire en phase et\/ou en amplitude sur la zone \u00e9tendue des fr\u00e9quences de recouvrement du filtre, la r\u00e9solution sera alt\u00e9r\u00e9e et la coh\u00e9rence en souffrira.<br><br>Venture suit et teste en permanence de nouveaux composants et technologies \u00e0 utiliser dans les filtres de ses enceintes.<\/p>\n\n\n\n<p><strong>Le c\u00e2blage interne<\/strong><\/p>\n\n\n\n<p>Depuis 1987, VENTURE con\u00e7oit tous les c\u00e2bles utilis\u00e9s pour le c\u00e2blage interne de ses enceintes. La conception de ces c\u00e2ble est bas\u00e9e sur la m\u00eame technologie que celle utilis\u00e9e pour concevoir les interconnexions Venture et les c\u00e2bles d&#8217;enceintes. Le concept g\u00e9n\u00e9ral des c\u00e2bles Venture est similaire \u00e0 certains des c\u00e2bles con\u00e7us pour la technologie de radio communication micro-ondes qui peuvent avoir une bande passante jusqu&#8217;\u00e0 18 GHz avec une excellente lin\u00e9arit\u00e9 de phase. Le fil des c\u00e2bles est fabriqu\u00e9 avec du cuivre de haute puret\u00e9 avec un placage sp\u00e9cial en argent identique \u00e0 ceux utilis\u00e9s dans les applications micro-ondes. Les c\u00e2bles VENTURE sont parmi les meilleurs de l&#8217;audio haut de gamme<\/p>\n\n\n\n<div class=\"wp-block-file\"><a href=\"http:\/\/acoustic-precision.fr\/wp-content\/uploads\/2021\/06\/Venture-Audio-Enceintes.pdf\" target=\"_blank\" rel=\"noreferrer noopener\">Venture-Audio-Enceintes<\/a><\/div>\n\n\n\n<div class=\"wp-block-file\"><a href=\"http:\/\/acoustic-precision.fr\/wp-content\/uploads\/2021\/06\/Venture-Audio-cable-line.pdf\" target=\"_blank\" rel=\"noreferrer noopener\">Venture-Audio-cable-line<\/a><\/div>\n\n\n\n<div class=\"wp-block-file\"><a href=\"http:\/\/acoustic-precision.fr\/wp-content\/uploads\/2021\/06\/Presentation-VENTURE.pdf\" target=\"_blank\" rel=\"noreferrer noopener\">Presentation-VENTURE<\/a><\/div>\n\n\n\n<div class=\"wp-block-columns\">\n<div class=\"wp-block-column\" style=\"flex-basis:50%\">\n<figure class=\"wp-block-image size-large\"><img loading=\"lazy\" width=\"921\" height=\"921\" src=\"http:\/\/acoustic-precision.fr\/wp-content\/uploads\/2021\/06\/VENTURE-internalwiring-page-enceintes.jpg\" alt=\"\" class=\"wp-image-1167\" srcset=\"https:\/\/acoustic-precision.fr\/wp-content\/uploads\/2021\/06\/VENTURE-internalwiring-page-enceintes.jpg 921w, https:\/\/acoustic-precision.fr\/wp-content\/uploads\/2021\/06\/VENTURE-internalwiring-page-enceintes-300x300.jpg 300w, https:\/\/acoustic-precision.fr\/wp-content\/uploads\/2021\/06\/VENTURE-internalwiring-page-enceintes-150x150.jpg 150w, https:\/\/acoustic-precision.fr\/wp-content\/uploads\/2021\/06\/VENTURE-internalwiring-page-enceintes-768x768.jpg 768w\" sizes=\"(max-width: 921px) 100vw, 921px\" \/><\/figure>\n<\/div>\n\n\n\n<div class=\"wp-block-column\" style=\"flex-basis:50%\">\n<figure class=\"wp-block-image size-large\"><img loading=\"lazy\" width=\"1024\" height=\"1024\" src=\"http:\/\/acoustic-precision.fr\/wp-content\/uploads\/2021\/06\/VENTURE-connectorspanel-page-enceintes-1024x1024.jpg\" alt=\"\" class=\"wp-image-1168\" srcset=\"https:\/\/acoustic-precision.fr\/wp-content\/uploads\/2021\/06\/VENTURE-connectorspanel-page-enceintes-1024x1024.jpg 1024w, https:\/\/acoustic-precision.fr\/wp-content\/uploads\/2021\/06\/VENTURE-connectorspanel-page-enceintes-300x300.jpg 300w, https:\/\/acoustic-precision.fr\/wp-content\/uploads\/2021\/06\/VENTURE-connectorspanel-page-enceintes-150x150.jpg 150w, https:\/\/acoustic-precision.fr\/wp-content\/uploads\/2021\/06\/VENTURE-connectorspanel-page-enceintes-768x768.jpg 768w, https:\/\/acoustic-precision.fr\/wp-content\/uploads\/2021\/06\/VENTURE-connectorspanel-page-enceintes-1200x1200.jpg 1200w, https:\/\/acoustic-precision.fr\/wp-content\/uploads\/2021\/06\/VENTURE-connectorspanel-page-enceintes.jpg 1500w\" sizes=\"(max-width: 1024px) 100vw, 1024px\" \/><\/figure>\n<\/div>\n<\/div>\n","protected":false},"excerpt":{"rendered":"<p>Enceintes VENTURE Les enceintes VENTURE sont des \u0153uvres d&#8217;art immobiles. Les qualit\u00e9s de r\u00e9alisation et de m\u00e9ticuleuse finition sont vraiment parfaites. La finition brillante avec de beaux placages et peintures est une marque de fabrique de VENTURE. Ces enceintes ont une couche de finition miroir \u00e9paisse (environ 1300 microns) en polyester dur et de haute [&hellip;]<\/p>\n","protected":false},"author":1,"featured_media":0,"parent":0,"menu_order":0,"comment_status":"closed","ping_status":"closed","template":"","meta":[],"_links":{"self":[{"href":"https:\/\/acoustic-precision.fr\/index.php\/wp-json\/wp\/v2\/pages\/779"}],"collection":[{"href":"https:\/\/acoustic-precision.fr\/index.php\/wp-json\/wp\/v2\/pages"}],"about":[{"href":"https:\/\/acoustic-precision.fr\/index.php\/wp-json\/wp\/v2\/types\/page"}],"author":[{"embeddable":true,"href":"https:\/\/acoustic-precision.fr\/index.php\/wp-json\/wp\/v2\/users\/1"}],"replies":[{"embeddable":true,"href":"https:\/\/acoustic-precision.fr\/index.php\/wp-json\/wp\/v2\/comments?post=779"}],"version-history":[{"count":3,"href":"https:\/\/acoustic-precision.fr\/index.php\/wp-json\/wp\/v2\/pages\/779\/revisions"}],"predecessor-version":[{"id":1169,"href":"https:\/\/acoustic-precision.fr\/index.php\/wp-json\/wp\/v2\/pages\/779\/revisions\/1169"}],"wp:attachment":[{"href":"https:\/\/acoustic-precision.fr\/index.php\/wp-json\/wp\/v2\/media?parent=779"}],"curies":[{"name":"wp","href":"https:\/\/api.w.org\/{rel}","templated":true}]}}