{"id":474,"date":"2021-05-22T16:35:45","date_gmt":"2021-05-22T14:35:45","guid":{"rendered":"https:\/\/acoustic-precision.fr\/wordpress\/?page_id=474"},"modified":"2021-06-08T14:27:23","modified_gmt":"2021-06-08T12:27:23","slug":"commande","status":"publish","type":"page","link":"https:\/\/acoustic-precision.fr\/index.php\/commande\/","title":{"rendered":"Commande"},"content":{"rendered":"\n<p>Acoustic Precision propose les produits et les conseils les plus adapt\u00e9s aux besoins sp\u00e9cifiques de ses clients. Les \u00e9quipements ainsi d\u00e9finis sont toujours fournis dans leur version la plus r\u00e9cente, ce qui peut induire des d\u00e9lais de livraisons pr\u00e9cis\u00e9s \u00e0 la commande.<\/p>\n\n\n\n<p><strong>Pour toute commande ou demande d\u2019information, nous contacter:<\/strong><\/p>\n\n\n\n<div class=\"wp-block-buttons\">\n<div class=\"wp-block-button\"><a class=\"wp-block-button__link\" href=\"https:\/\/acoustic-precision.fr\/index.php\/contact\/\">contact \/ demande de renseignement<\/a><\/div>\n<\/div>\n\n\n\n<p>Les produits distribu\u00e9s par Acoustic Precision sont \u00e9galement disponibles chez nos revendeurs partenaires. Ceux-ci vous apporteront le support n\u00e9cessaire \u00e0 leur meilleure mise en \u0153uvre.<\/p>\n\n\n\n<div class=\"wp-block-buttons\">\n<div class=\"wp-block-button\"><a class=\"wp-block-button__link\" href=\"https:\/\/acoustic-precision.fr\/index.php\/contact\/\">contact \/ demande de renseignement<\/a><\/div>\n\n\n\n<div class=\"wp-block-button\"><a class=\"wp-block-button__link\" href=\"http:\/\/acoustic-precision.fr\/index.php\/sites-partenaires\/\">Liste des Revendeurs partenaires<\/a><\/div>\n<\/div>\n","protected":false},"excerpt":{"rendered":"<p>Acoustic Precision propose les produits et les conseils les plus adapt\u00e9s aux besoins sp\u00e9cifiques de ses clients. Les \u00e9quipements ainsi d\u00e9finis sont toujours fournis dans leur version la plus r\u00e9cente, ce qui peut induire des d\u00e9lais de livraisons pr\u00e9cis\u00e9s \u00e0 la commande. Pour toute commande ou demande d\u2019information, nous contacter: Les produits distribu\u00e9s par Acoustic [&hellip;]<\/p>\n","protected":false},"author":1,"featured_media":0,"parent":0,"menu_order":0,"comment_status":"closed","ping_status":"closed","template":"","meta":[],"_links":{"self":[{"href":"https:\/\/acoustic-precision.fr\/index.php\/wp-json\/wp\/v2\/pages\/474"}],"collection":[{"href":"https:\/\/acoustic-precision.fr\/index.php\/wp-json\/wp\/v2\/pages"}],"about":[{"href":"https:\/\/acoustic-precision.fr\/index.php\/wp-json\/wp\/v2\/types\/page"}],"author":[{"embeddable":true,"href":"https:\/\/acoustic-precision.fr\/index.php\/wp-json\/wp\/v2\/users\/1"}],"replies":[{"embeddable":true,"href":"https:\/\/acoustic-precision.fr\/index.php\/wp-json\/wp\/v2\/comments?post=474"}],"version-history":[{"count":1,"href":"https:\/\/acoustic-precision.fr\/index.php\/wp-json\/wp\/v2\/pages\/474\/revisions"}],"predecessor-version":[{"id":1324,"href":"https:\/\/acoustic-precision.fr\/index.php\/wp-json\/wp\/v2\/pages\/474\/revisions\/1324"}],"wp:attachment":[{"href":"https:\/\/acoustic-precision.fr\/index.php\/wp-json\/wp\/v2\/media?parent=474"}],"curies":[{"name":"wp","href":"https:\/\/api.w.org\/{rel}","templated":true}]}}