{"id":273,"date":"2021-04-23T16:40:18","date_gmt":"2021-04-23T14:40:18","guid":{"rendered":"https:\/\/acousticprecision.wordpress.com\/?page_id=273"},"modified":"2021-06-07T22:29:14","modified_gmt":"2021-06-07T20:29:14","slug":"millennium","status":"publish","type":"page","link":"https:\/\/acoustic-precision.fr\/index.php\/millennium\/","title":{"rendered":"MILLENNIUM"},"content":{"rendered":"\n<figure class=\"wp-block-table\"><table><tbody><tr><td class=\"has-text-align-center\" data-align=\"center\"><img loading=\"lazy\" width=\"290\" height=\"77\" class=\"wp-image-1031\" style=\"width: 150px;\" src=\"http:\/\/acoustic-precision.fr\/wp-content\/uploads\/2021\/06\/logo.jpg\" alt=\"\"><\/td><td class=\"has-text-align-center\" data-align=\"center\"><strong>Accessoires &amp; Vinyle<\/strong><\/td><\/tr><\/tbody><\/table><\/figure>\n\n\n\n<p><strong>MILLENNIUM CD Enhancer<\/strong><\/p>\n\n\n\n<p>Amortissement carbone pour lecteur de CD<\/p>\n\n\n\n<figure class=\"wp-block-image size-large\"><img loading=\"lazy\" width=\"300\" height=\"158\" src=\"http:\/\/acoustic-precision.fr\/wp-content\/uploads\/2021\/06\/1-1.png\" alt=\"\" class=\"wp-image-1032\"\/><\/figure>\n\n\n\n<div class=\"wp-block-file\"><a href=\"http:\/\/acoustic-precision.fr\/wp-content\/uploads\/2021\/06\/Millennium-CD-Enhancement.pdf\" target=\"_blank\" rel=\"noreferrer noopener\">Millennium-CD-Enhancement<\/a><\/div>\n\n\n\n<p><strong>MILLENNIUM Center Weight<\/strong><\/p>\n\n\n\n<p>Pallet presseur pour platine tourne disque<\/p>\n\n\n\n<figure class=\"wp-block-image size-large\"><img loading=\"lazy\" width=\"275\" height=\"210\" src=\"http:\/\/acoustic-precision.fr\/wp-content\/uploads\/2021\/06\/2.png\" alt=\"\" class=\"wp-image-1035\"\/><\/figure>\n\n\n\n<div class=\"wp-block-file\"><a href=\"http:\/\/acoustic-precision.fr\/wp-content\/uploads\/2021\/06\/Millennium-Silentor-Center-Weight.pdf\" target=\"_blank\" rel=\"noreferrer noopener\">Millennium-Silentor-Center-Weight<\/a><\/div>\n\n\n\n<p><strong>Boite \u00e0 outils vinyle MILLENNIUM<\/strong><\/p>\n\n\n\n<figure class=\"wp-block-table\"><table><tbody><tr><td>&nbsp; Seul un r\u00e9glage optimal du bras de lecture et de la g\u00e9om\u00e9trie de la cellule PHONO permet de profiter pleinement&nbsp; de la qualit\u00e9 et des ressources des composants audio analogiques.<br>En raison de la conception \u00e9labor\u00e9e du \u00ab&nbsp;Protractor-Set&nbsp;\u00bb et de nombreuses exp\u00e9riences d&#8217;\u00e9coute et de comparaison, Millenium propose un ensemble complet d\u2019outils tenant compte des profils d&#8217;utilisateurs diff\u00e9rents, tant professionnels qu\u2019audiophiles amateurs de vinyle.<br>En suivant la proc\u00e9dure du manuel utilisateur, on obtient un alignement parfait et reproductible.<br>Les descriptions et les sch\u00e9mas d\u00e9crivent une succession d\u2019op\u00e9rations conduisant facilement \u00e0 un excellent r\u00e9sultat, sans les erreurs souvent commises et pourtant \u00e9vitables. &nbsp;Les d\u00e9butants et les utilisateurs professionnels appr\u00e9cieront les outils fournis, comme le protractor finement grav\u00e9 en &nbsp;aluminium, le bloc acrylique pour le r\u00e9glage vertical et lat\u00e9ral ainsi que les niveaux \u00e0 bulle, la loupe et l\u2019aiguille facilitant l\u2019alignement de la cellule.<br><br>Outils fournis<br>1. Protractor alu<br>2. Barre de distance \/ Protecteur du diamant<br>3. Niveau \u00e0 bulle bois<br>4. Niveau \u00e0 bulle tubes 5 et 7 mm<br>5. Bloc d\u2019alignement en acrylique pour controler VTA and azimuth<br>6. Aiguille d\u2019acier pour l\u2019alignement de la cellule<br>7. Loupe (dioptre 3)<br>8. Niveau \u00e0 bulle rond 20 mm<br>9. Manuel Utilisateur<\/td><\/tr><\/tbody><\/table><\/figure>\n\n\n\n<figure class=\"wp-block-image size-large\"><img loading=\"lazy\" width=\"428\" height=\"283\" src=\"http:\/\/acoustic-precision.fr\/wp-content\/uploads\/2021\/06\/3.png\" alt=\"\" class=\"wp-image-1037\" srcset=\"https:\/\/acoustic-precision.fr\/wp-content\/uploads\/2021\/06\/3.png 428w, https:\/\/acoustic-precision.fr\/wp-content\/uploads\/2021\/06\/3-300x198.png 300w\" sizes=\"(max-width: 428px) 100vw, 428px\" \/><\/figure>\n\n\n\n<p><strong>MILLENIUM Carbonspacer Set<\/strong><\/p>\n\n\n\n<p>Le set se compose de 6 Carbonspacers de diff\u00e9rentes tailles et \u00e9paisseurs, de vis et d\u2019\u00e9crous ca.20x22mm en acier inox non magn\u00e9tique.<\/p>\n\n\n\n<p>Les Carbonspacers permettent de r\u00e9gler la VTA en compensant les diff\u00e9rences de hauteur. Ils assurent en m\u00eame temps \u00e0 un contact optimal entre la cellule et la coquille.<\/p>\n\n\n\n<p>La r\u00e9sonance diff\u00e9rente et les qualit\u00e9s d&#8217;amortissement des plaquettes ont une grande influence sur la r\u00e9sonance de l\u2019ensemble cellule-coquille-bras de lecture, am\u00e9liorant nettement la lisibilit\u00e9 de la cellule.<\/p>\n\n\n\n<p>En outre, la mise en \u0153uvre d\u2019une seule ou des deux plaquettes de 0.15mm permet le r\u00e9glage d&#8217;azimut.<\/p>\n\n\n\n<figure class=\"wp-block-table alignwide\"><table><tbody><tr><td><img class=\"wp-image-282\" style=\"width:150px;\" src=\"http:\/\/acoustic-precision.fr\/wordpress\/wp-content\/uploads\/2021\/04\/4.jpg\" alt=\"\"><img loading=\"lazy\" width=\"369\" height=\"454\" class=\"wp-image-1038\" style=\"width: 150px;\" src=\"http:\/\/acoustic-precision.fr\/wp-content\/uploads\/2021\/06\/4.jpg\" alt=\"\" srcset=\"https:\/\/acoustic-precision.fr\/wp-content\/uploads\/2021\/06\/4.jpg 369w, https:\/\/acoustic-precision.fr\/wp-content\/uploads\/2021\/06\/4-244x300.jpg 244w\" sizes=\"(max-width: 369px) 100vw, 369px\" \/><\/td><td><img src=\"http:\/\/acoustic-precision.fr\/wordpress\/wp-content\/uploads\/2021\/04\/5.jpg\" class=\"wp-image-283\" style=\"width:150px;\" alt=\"\"><img loading=\"lazy\" width=\"403\" height=\"268\" class=\"wp-image-1039\" style=\"width: 150px;\" src=\"http:\/\/acoustic-precision.fr\/wp-content\/uploads\/2021\/06\/5.jpg\" alt=\"\" srcset=\"https:\/\/acoustic-precision.fr\/wp-content\/uploads\/2021\/06\/5.jpg 403w, https:\/\/acoustic-precision.fr\/wp-content\/uploads\/2021\/06\/5-300x200.jpg 300w\" sizes=\"(max-width: 403px) 100vw, 403px\" \/><br><img class=\"wp-image-284\" style=\"width:150px;\" src=\"http:\/\/acoustic-precision.fr\/wordpress\/wp-content\/uploads\/2021\/04\/6.jpg\" alt=\"\"><img loading=\"lazy\" width=\"401\" height=\"275\" class=\"wp-image-1040\" style=\"width: 150px;\" src=\"http:\/\/acoustic-precision.fr\/wp-content\/uploads\/2021\/06\/6.jpg\" alt=\"\" srcset=\"https:\/\/acoustic-precision.fr\/wp-content\/uploads\/2021\/06\/6.jpg 401w, https:\/\/acoustic-precision.fr\/wp-content\/uploads\/2021\/06\/6-300x206.jpg 300w\" sizes=\"(max-width: 401px) 100vw, 401px\" \/><\/td><\/tr><tr><td><strong>Plaquettes:<\/strong><\/td><td><strong>Visserie<\/strong><\/td><\/tr><tr><td>2 x 0.15mm   Spacerh\u00e4lften   0.10g<br>1 x 0.15mm   Spacer              0.10g<br>1 x 0.35mm   Spacer              0.20g<br>2 x 1.00mm   Spacer              0.70g<br>1 x 3.00mm &nbsp; Spacer              2.10g<\/td><td>2x Schraube M 2,5 x&nbsp;&nbsp; 8mm<br>2x Schraube M 2,5 x 12mm<br>2x Schraube M 2,5 x 14mm<br>2x Schraube M 2,5 x 16mm<br>2x Schraube M 2,5 x 18mm<br>2x Schraube M 2,5 x 20mm<br><br>4x Mutter&nbsp;&nbsp;&nbsp;&nbsp; M 2,5 <\/td><\/tr><\/tbody><\/table><\/figure>\n","protected":false},"excerpt":{"rendered":"<p>Accessoires &amp; Vinyle MILLENNIUM CD Enhancer Amortissement carbone pour lecteur de CD MILLENNIUM Center Weight Pallet presseur pour platine tourne disque Boite \u00e0 outils vinyle MILLENNIUM &nbsp; Seul un r\u00e9glage optimal du bras de lecture et de la g\u00e9om\u00e9trie de la cellule PHONO permet de profiter pleinement&nbsp; de la qualit\u00e9 et des ressources des composants [&hellip;]<\/p>\n","protected":false},"author":1,"featured_media":0,"parent":0,"menu_order":0,"comment_status":"closed","ping_status":"closed","template":"","meta":[],"_links":{"self":[{"href":"https:\/\/acoustic-precision.fr\/index.php\/wp-json\/wp\/v2\/pages\/273"}],"collection":[{"href":"https:\/\/acoustic-precision.fr\/index.php\/wp-json\/wp\/v2\/pages"}],"about":[{"href":"https:\/\/acoustic-precision.fr\/index.php\/wp-json\/wp\/v2\/types\/page"}],"author":[{"embeddable":true,"href":"https:\/\/acoustic-precision.fr\/index.php\/wp-json\/wp\/v2\/users\/1"}],"replies":[{"embeddable":true,"href":"https:\/\/acoustic-precision.fr\/index.php\/wp-json\/wp\/v2\/comments?post=273"}],"version-history":[{"count":2,"href":"https:\/\/acoustic-precision.fr\/index.php\/wp-json\/wp\/v2\/pages\/273\/revisions"}],"predecessor-version":[{"id":1041,"href":"https:\/\/acoustic-precision.fr\/index.php\/wp-json\/wp\/v2\/pages\/273\/revisions\/1041"}],"wp:attachment":[{"href":"https:\/\/acoustic-precision.fr\/index.php\/wp-json\/wp\/v2\/media?parent=273"}],"curies":[{"name":"wp","href":"https:\/\/api.w.org\/{rel}","templated":true}]}}