{"id":192,"date":"2021-04-12T16:20:00","date_gmt":"2021-04-12T14:20:00","guid":{"rendered":"https:\/\/acousticprecision.wordpress.com\/?page_id=192"},"modified":"2021-06-08T13:41:54","modified_gmt":"2021-06-08T11:41:54","slug":"lyra-phono-pipe","status":"publish","type":"page","link":"https:\/\/acoustic-precision.fr\/index.php\/lyra-phono-pipe\/","title":{"rendered":"LYRA Phono Pipe"},"content":{"rendered":"\n<figure class=\"wp-block-image size-large\"><img loading=\"lazy\" width=\"205\" height=\"51\" src=\"http:\/\/acoustic-precision.fr\/wp-content\/uploads\/2021\/06\/logo-2.png\" alt=\"\" class=\"wp-image-1228\"\/><\/figure>\n\n\n\n<p><strong>LYRA PhonoPipe<\/strong><\/p>\n\n\n\n<div class=\"wp-block-image\"><figure class=\"aligncenter size-large\"><img loading=\"lazy\" width=\"405\" height=\"304\" src=\"http:\/\/acoustic-precision.fr\/wp-content\/uploads\/2021\/06\/LYRA-Phonopipe-page-Phonopipe.gif\" alt=\"\" class=\"wp-image-1280\"\/><\/figure><\/div>\n\n\n\n<p>Le Lyra Phono Pipe est un c\u00e2ble de liaison entre le bras de lecture et l\u2019\u00e9tage phono du pr\u00e9ampli. Il a principalement \u00e9t\u00e9 con\u00e7u pour pr\u00e9senter une tr\u00e8s faible capacit\u00e9 parasite, ceci afin de permettre \u00e0 l\u2019utilisateur un grand champ d\u2019adaptation de la r\u00e9sistance de charge de l\u2019\u00e9tage phono. En permettant l\u2019utilisation d\u2019une plus grande r\u00e9sistance de charge, la dynamique et le contraste dynamique sont accrus de m\u00eame que la r\u00e9solution et la facilit\u00e9 de lecture (tracking ability).<\/p>\n\n\n\n<p>La priorit\u00e9 absolue donn\u00e9e par Jonathan Carr \u00e0 la tr\u00e8s faible capacitance du c\u00e2ble permet de supprimer les r\u00e9sonances et oscillations \u00e9lectriques (EMI, RFI qui saturent l\u2019\u00e9tage phono)) qui se traduisent souvent par des duret\u00e9s (quelque fois prises pour de la dynamique !) et am\u00e9liore la r\u00e9solution et le naturel des cellules \u00e0 bobines mobiles.<\/p>\n\n\n\n<p>La bande passante tr\u00e8s large et d\u00e9pourvue de pics permet d\u2019avoir la meilleure balance spectrale (grave\u2010medium\u2010aigu) avec une r\u00e9solution spatiale in\u00e9gal\u00e9e (d\u00e9croissance des notes sans saturation, respect des silences, s\u00e9paration des bruits de surface du signal musical \u2026). Le PHONOPIPE LYRA donne une sensation d\u2019extension sans limite du registre aigu : celui\u2010ci est parfaitement int\u00e9gr\u00e9 avec le reste du spectre musical, sans aucune mise en avant artificielle d\u2019harmoniques. Le naturel et la coh\u00e9rence de la reproduction musicale sont remarquables.<\/p>\n\n\n\n<p>Le Phono Pipe utilise des techniques et des mat\u00e9riaux qui sont efficaces afin de r\u00e9duire la capacitance, mais comme ces techniques ne permettent pas une production m\u00e9canis\u00e9e, les Lyra PhonoPipe sont fabriqu\u00e9s \u00e0 la main.<\/p>\n\n\n\n<p>Les fils conducteurs sont en cuivre haute puret\u00e9 6N et organis\u00e9s en paires largement torsad\u00e9s afin de r\u00e9duire la capacitance. L\u2019air est le di\u00e9lectrique utilis\u00e9 car il est le meilleur et le r\u00e9sultat est une capacitance plus basse que celle de tout autres mat\u00e9riaux.<\/p>\n\n\n\n<p>Le connecteur 5 broches s\u00e9pare imm\u00e9diatement \u00e0 la base du bras les canaux droit et gauche afin de minimiser l\u2019intermodulation entre canaux. Chaque canal est enferm\u00e9 dans une gaine isolante rigide mais souple qui elle aussi r\u00e9duit la capacitance et l\u2019intermodulation. Les fiches RCA de sortie utilisent un minimum de m\u00e9tal est sont elles aussi con\u00e7ues afin de diminuer la capacitance.<br>Le Phono Pipe peut \u00eatre disponible avec des fiches d\u2019entr\u00e9s 5 Broches ou RCA ou XLR. Des fiches XLR peuvent \u00eatre disponibles en sortie : sur commande)<\/p>\n\n\n\n<p>Comme r\u00e9sultats de cet intense travail de conception et de la m\u00e9thode de construction m\u00e9ticuleuse est que le Lyra Phono Pipe mesure seulement 32pF pour une longueur de 120cm, incluant les connecteurs.<\/p>\n\n\n\n<p><em>\u00ab Pour les oreilles, le PhonoPipe s\u2019est av\u00e9r\u00e9 \u00eatre un grand succ\u00e8s et a \u00e9t\u00e9 notre vainqueur : dynamique, pr\u00e9cis, jamais agressif, ce c\u00e2ble est le plus coh\u00e9rent musicalement, dans la droite ligne des valeurs d\u2019excellence de Lyra \u00bb.<\/em><\/p>\n\n\n\n<p><strong>STEREOPLAY <\/strong>Test &amp; Technik\u2010Phonocable (septembre 2013)<\/p>\n\n\n\n<p><strong>Longueur standard : 1,20 m. <\/strong>Longueur 1,50 m et connecteurs XLR, RCA\u2026 en option \u00e0 la commande<\/p>\n","protected":false},"excerpt":{"rendered":"<p>LYRA PhonoPipe Le Lyra Phono Pipe est un c\u00e2ble de liaison entre le bras de lecture et l\u2019\u00e9tage phono du pr\u00e9ampli. Il a principalement \u00e9t\u00e9 con\u00e7u pour pr\u00e9senter une tr\u00e8s faible capacit\u00e9 parasite, ceci afin de permettre \u00e0 l\u2019utilisateur un grand champ d\u2019adaptation de la r\u00e9sistance de charge de l\u2019\u00e9tage phono. En permettant l\u2019utilisation d\u2019une [&hellip;]<\/p>\n","protected":false},"author":1,"featured_media":0,"parent":0,"menu_order":0,"comment_status":"closed","ping_status":"closed","template":"","meta":[],"_links":{"self":[{"href":"https:\/\/acoustic-precision.fr\/index.php\/wp-json\/wp\/v2\/pages\/192"}],"collection":[{"href":"https:\/\/acoustic-precision.fr\/index.php\/wp-json\/wp\/v2\/pages"}],"about":[{"href":"https:\/\/acoustic-precision.fr\/index.php\/wp-json\/wp\/v2\/types\/page"}],"author":[{"embeddable":true,"href":"https:\/\/acoustic-precision.fr\/index.php\/wp-json\/wp\/v2\/users\/1"}],"replies":[{"embeddable":true,"href":"https:\/\/acoustic-precision.fr\/index.php\/wp-json\/wp\/v2\/comments?post=192"}],"version-history":[{"count":2,"href":"https:\/\/acoustic-precision.fr\/index.php\/wp-json\/wp\/v2\/pages\/192\/revisions"}],"predecessor-version":[{"id":1282,"href":"https:\/\/acoustic-precision.fr\/index.php\/wp-json\/wp\/v2\/pages\/192\/revisions\/1282"}],"wp:attachment":[{"href":"https:\/\/acoustic-precision.fr\/index.php\/wp-json\/wp\/v2\/media?parent=192"}],"curies":[{"name":"wp","href":"https:\/\/api.w.org\/{rel}","templated":true}]}}