{"id":181,"date":"2021-04-12T16:19:42","date_gmt":"2021-04-12T14:19:42","guid":{"rendered":"https:\/\/acousticprecision.wordpress.com\/?page_id=181"},"modified":"2021-06-08T13:40:30","modified_gmt":"2021-06-08T11:40:30","slug":"lyra-stp","status":"publish","type":"page","link":"https:\/\/acoustic-precision.fr\/index.php\/lyra-stp\/","title":{"rendered":"LYRA STP"},"content":{"rendered":"\n<figure class=\"wp-block-image size-large\"><img loading=\"lazy\" width=\"205\" height=\"51\" src=\"http:\/\/acoustic-precision.fr\/wp-content\/uploads\/2021\/06\/logo-2.png\" alt=\"\" class=\"wp-image-1228\"\/><\/figure>\n\n\n\n<p><strong>LYRA STP<\/strong><\/p>\n\n\n\n<div class=\"wp-block-image\"><figure class=\"aligncenter size-large\"><img loading=\"lazy\" width=\"340\" height=\"249\" src=\"http:\/\/acoustic-precision.fr\/wp-content\/uploads\/2021\/06\/LYRA-STP-page-STP.png\" alt=\"\" class=\"wp-image-1276\" srcset=\"https:\/\/acoustic-precision.fr\/wp-content\/uploads\/2021\/06\/LYRA-STP-page-STP.png 340w, https:\/\/acoustic-precision.fr\/wp-content\/uploads\/2021\/06\/LYRA-STP-page-STP-300x220.png 300w\" sizes=\"(max-width: 340px) 100vw, 340px\" \/><\/figure><\/div>\n\n\n\n<p>Le LYRA Stylus Performance Treatment (SPT) est un produit de nettoyage des diamants \u00e0 base d\u2019eau purifi\u00e9e, sans alcool qui permet de maintenir propre la partir lectrice de la cellule.<\/p>\n\n\n\n<p>En plus de l\u2019eau hautement purifi\u00e9e le SPT contient une petite quantit\u00e9 d\u2019agents nettoyants organique. Le SPT est compl\u00e8tement s\u00e9cure avec toutes les cellules (pas seulement les LYRA). Quelle que soit la cellule, une quantit\u00e9 excessive de liquide ne doit jamais \u00eatre appliqu\u00e9 dus le diamant ou le porte diamant.<\/p>\n\n\n\n<p>Un \u00e9l\u00e9ment cl\u00e9 du STP est la brosse qui l\u2019accompagne et a \u00e9t\u00e9 con\u00e7ue avec des poils super doux. Grace a ces poils il est possible de passer sans danger cette brossette sur le porte diamant et le diamant de la cellule. La plupart des autres brossettes du march\u00e9 ont des poils plus durs qui peuvent potentiellement endommager la cellule. Cependant la brosse LYRA ne doit pas entrer en contact avec d\u2019autres parties de la cellule.&nbsp;<\/p>\n\n\n\n<p><em>\u00ab La r\u00e9duction du bruit de surface \u00e9tait perceptible sur tous les types d&#8217;enregistrement susmentionn\u00e9s. Les fr\u00e9quences \u00e9lev\u00e9es semblent demeurer inchang\u00e9es, les instruments paraissent mieux pr\u00e9sents dans l\u2019espace avec une r\u00e9verb\u00e9ration sensiblement plus pr\u00e9cise \u00bb.<br><br><\/em><strong>The Stereo Times <\/strong>Jason Thorpe (26\/07\/2000)<em><\/em><\/p>\n","protected":false},"excerpt":{"rendered":"<p>LYRA STP Le LYRA Stylus Performance Treatment (SPT) est un produit de nettoyage des diamants \u00e0 base d\u2019eau purifi\u00e9e, sans alcool qui permet de maintenir propre la partir lectrice de la cellule. En plus de l\u2019eau hautement purifi\u00e9e le SPT contient une petite quantit\u00e9 d\u2019agents nettoyants organique. Le SPT est compl\u00e8tement s\u00e9cure avec toutes les [&hellip;]<\/p>\n","protected":false},"author":1,"featured_media":0,"parent":0,"menu_order":0,"comment_status":"closed","ping_status":"closed","template":"","meta":[],"_links":{"self":[{"href":"https:\/\/acoustic-precision.fr\/index.php\/wp-json\/wp\/v2\/pages\/181"}],"collection":[{"href":"https:\/\/acoustic-precision.fr\/index.php\/wp-json\/wp\/v2\/pages"}],"about":[{"href":"https:\/\/acoustic-precision.fr\/index.php\/wp-json\/wp\/v2\/types\/page"}],"author":[{"embeddable":true,"href":"https:\/\/acoustic-precision.fr\/index.php\/wp-json\/wp\/v2\/users\/1"}],"replies":[{"embeddable":true,"href":"https:\/\/acoustic-precision.fr\/index.php\/wp-json\/wp\/v2\/comments?post=181"}],"version-history":[{"count":2,"href":"https:\/\/acoustic-precision.fr\/index.php\/wp-json\/wp\/v2\/pages\/181\/revisions"}],"predecessor-version":[{"id":1278,"href":"https:\/\/acoustic-precision.fr\/index.php\/wp-json\/wp\/v2\/pages\/181\/revisions\/1278"}],"wp:attachment":[{"href":"https:\/\/acoustic-precision.fr\/index.php\/wp-json\/wp\/v2\/media?parent=181"}],"curies":[{"name":"wp","href":"https:\/\/api.w.org\/{rel}","templated":true}]}}