{"id":180,"date":"2021-04-12T16:19:40","date_gmt":"2021-04-12T14:19:40","guid":{"rendered":"https:\/\/acousticprecision.wordpress.com\/?page_id=180"},"modified":"2021-06-08T13:10:22","modified_gmt":"2021-06-08T11:10:22","slug":"the-wand-plus","status":"publish","type":"page","link":"https:\/\/acoustic-precision.fr\/index.php\/the-wand-plus\/","title":{"rendered":"The Wand Plus"},"content":{"rendered":"\n<p><strong>The Wand Plus<\/strong><\/p>\n\n\n\n<figure class=\"wp-block-image size-large\"><img loading=\"lazy\" width=\"573\" height=\"196\" src=\"http:\/\/acoustic-precision.fr\/wp-content\/uploads\/2021\/06\/haut.png\" alt=\"\" class=\"wp-image-1218\" srcset=\"https:\/\/acoustic-precision.fr\/wp-content\/uploads\/2021\/06\/haut.png 573w, https:\/\/acoustic-precision.fr\/wp-content\/uploads\/2021\/06\/haut-300x103.png 300w\" sizes=\"(max-width: 573px) 100vw, 573px\" \/><\/figure>\n\n\n\n<p><strong>CONSTRUCTION<\/strong><\/p>\n\n\n\n<p>Le bras porte cellule est en fibre de carbone de grand diam\u00e8tre (22mm), environ 4 fois plus rigide qu\u2019un bras conventionnel. Un amortissement interne \u00e9limine toute vibration.<\/p>\n\n\n\n<p>La masse effective (13 \u00e0 16 g) convient \u00e0 la majorit\u00e9 des cellules. 4 contrepoids sont livr\u00e9s pour permettre un ajustement au plus pr\u00e8s au regard du poids de la cellule.<\/p>\n\n\n\n<p>Ce bras est de type uni pivot. La rotation du bras est assur\u00e9e par un axe support conique et trois billes en acier inoxydable. Le tout garanti une stabilit\u00e9 parfaite (comme un tr\u00e9pied).<\/p>\n\n\n\n<p><strong>SPECIFICATIONS du bras The Wand Plus:<\/strong><\/p>\n\n\n\n<ul><li><em>(12.5g pour le bras 9in, 14g pour le 10.3in, 15g pour le 12in)<\/em><\/li><li><em>SME, Technics, Linn &amp; Lenco mount options.<\/em><\/li><\/ul>\n\n\n\n<p><strong>INSTALLATION<\/strong><\/p>\n\n\n\n<p>L\u2019installation de la partie fixe sur la platine est tr\u00e8s simple (un seul trou de diam\u00e8tre 25 mm), elle garantit la stabilit\u00e9 de lecture et la p\u00e9rennit\u00e9 des r\u00e9glages, assurant la lecture du signal sans vibration parasite et une reproduction musicale sans distorsion.<\/p>\n\n\n\n<p>Le <strong>guide de montage<\/strong> est fourni&nbsp;avec tous les accessoires n\u00e9cessaires&nbsp;: un <strong>protractor<\/strong> sp\u00e9cifique pour permettre un positionnement pr\u00e9cis aussi bien verticalement qu\u2019horizontalement et en azimuth. Sont \u00e9galement fournis&nbsp;: une <strong>balance<\/strong> de pr\u00e9cision pour le r\u00e9glage de la force d\u2019appuis ainsi que la visserie n\u00e9cessaire \u00e0 l\u2019installation.<\/p>\n\n\n\n<p>La fixation pr\u00e9cise du bras sur la platine positionne la pointe de lecture de sorte qu\u2019elle soit parfaitement tangente au rayon du disque, donc parfaitement dans l\u2019axe du sillon, afin de suive le sillon &nbsp;avec&nbsp; un tr\u00e8s faible d\u00e9calage angulaire.<\/p>\n\n\n\n<p><em>En raison de la taille elliptique des diamants des cellules de qualit\u00e9 actuelles (Shibata, micro-ridge etc),<\/em> c<em>ette pr\u00e9cision de lecture est aujourd\u2019hui essentielle.<\/em><\/p>\n\n\n\n<p><strong>CE QUE DIT LA PRESSE:<\/strong><\/p>\n\n\n\n<p><em>\u00ab Je ne me souviens pas d&#8217;avoir entendu un son Lyra aussi muscl\u00e9 et dynamique, et, clairement, la stabilit\u00e9 m\u00e9canique du bras et le c\u00e2blage \u00e0 faible perte contribuent \u00e0 cela. Oui, il semble que le mouvement du stylet soit directement coupl\u00e9 \u00e0 l&#8217;amplificateur ! \u00bb.<\/em><\/p>\n\n\n\n<p>Wand Plus, Hifi &amp; Music (Su\u00e8de), Lyra Kleos, (D\u00e9cembre 2015)<\/p>\n\n\n\n<div class=\"wp-block-file\"><a href=\"http:\/\/acoustic-precision.fr\/wp-content\/uploads\/2021\/06\/TheWand-Plus-Tonearm.pdf\" target=\"_blank\" rel=\"noreferrer noopener\">TheWand-Plus-Tonearm<\/a><\/div>\n\n\n\n<div class=\"wp-block-file\"><a href=\"http:\/\/acoustic-precision.fr\/wp-content\/uploads\/2021\/06\/TheWand-Plus-HiFi-World.pdf\" target=\"_blank\" rel=\"noreferrer noopener\">TheWand-Plus-HiFi-World<\/a><\/div>\n\n\n\n<div class=\"wp-block-file\"><a href=\"http:\/\/acoustic-precision.fr\/wp-content\/uploads\/2021\/06\/TheWand-Plus-HiFi-Plus.pdf\" target=\"_blank\" rel=\"noreferrer noopener\">TheWand-Plus-HiFi-Plus<\/a><\/div>\n\n\n\n<div class=\"wp-block-file\"><a href=\"http:\/\/acoustic-precision.fr\/wp-content\/uploads\/2021\/06\/TheWand-Plus-HiFi-Choice.pdf\" target=\"_blank\" rel=\"noreferrer noopener\">TheWand-Plus-HiFi-Choice<\/a><\/div>\n\n\n\n<figure class=\"wp-block-image size-large\"><img loading=\"lazy\" width=\"699\" height=\"273\" src=\"http:\/\/acoustic-precision.fr\/wp-content\/uploads\/2021\/06\/bas.png\" alt=\"\" class=\"wp-image-1220\" srcset=\"https:\/\/acoustic-precision.fr\/wp-content\/uploads\/2021\/06\/bas.png 699w, https:\/\/acoustic-precision.fr\/wp-content\/uploads\/2021\/06\/bas-300x117.png 300w\" sizes=\"(max-width: 699px) 100vw, 699px\" \/><\/figure>\n","protected":false},"excerpt":{"rendered":"<p>The Wand Plus CONSTRUCTION Le bras porte cellule est en fibre de carbone de grand diam\u00e8tre (22mm), environ 4 fois plus rigide qu\u2019un bras conventionnel. Un amortissement interne \u00e9limine toute vibration. La masse effective (13 \u00e0 16 g) convient \u00e0 la majorit\u00e9 des cellules. 4 contrepoids sont livr\u00e9s pour permettre un ajustement au plus pr\u00e8s [&hellip;]<\/p>\n","protected":false},"author":1,"featured_media":0,"parent":0,"menu_order":0,"comment_status":"closed","ping_status":"closed","template":"","meta":[],"_links":{"self":[{"href":"https:\/\/acoustic-precision.fr\/index.php\/wp-json\/wp\/v2\/pages\/180"}],"collection":[{"href":"https:\/\/acoustic-precision.fr\/index.php\/wp-json\/wp\/v2\/pages"}],"about":[{"href":"https:\/\/acoustic-precision.fr\/index.php\/wp-json\/wp\/v2\/types\/page"}],"author":[{"embeddable":true,"href":"https:\/\/acoustic-precision.fr\/index.php\/wp-json\/wp\/v2\/users\/1"}],"replies":[{"embeddable":true,"href":"https:\/\/acoustic-precision.fr\/index.php\/wp-json\/wp\/v2\/comments?post=180"}],"version-history":[{"count":2,"href":"https:\/\/acoustic-precision.fr\/index.php\/wp-json\/wp\/v2\/pages\/180\/revisions"}],"predecessor-version":[{"id":1226,"href":"https:\/\/acoustic-precision.fr\/index.php\/wp-json\/wp\/v2\/pages\/180\/revisions\/1226"}],"wp:attachment":[{"href":"https:\/\/acoustic-precision.fr\/index.php\/wp-json\/wp\/v2\/media?parent=180"}],"curies":[{"name":"wp","href":"https:\/\/api.w.org\/{rel}","templated":true}]}}