{"id":177,"date":"2021-04-12T16:19:38","date_gmt":"2021-04-12T14:19:38","guid":{"rendered":"https:\/\/acousticprecision.wordpress.com\/?page_id=177"},"modified":"2021-06-08T12:50:33","modified_gmt":"2021-06-08T10:50:33","slug":"the-wand-platine","status":"publish","type":"page","link":"https:\/\/acoustic-precision.fr\/index.php\/the-wand-platine\/","title":{"rendered":"The Wand Platine"},"content":{"rendered":"\n<p><strong>The Wand TURNTABLE<\/strong><\/p>\n\n\n\n<figure class=\"wp-block-image size-large\"><img loading=\"lazy\" width=\"1024\" height=\"683\" src=\"http:\/\/acoustic-precision.fr\/wp-content\/uploads\/2021\/06\/Wand-TT_med_10in_Master_6780-1024x683.jpg\" alt=\"\" class=\"wp-image-1207\" srcset=\"https:\/\/acoustic-precision.fr\/wp-content\/uploads\/2021\/06\/Wand-TT_med_10in_Master_6780-1024x683.jpg 1024w, https:\/\/acoustic-precision.fr\/wp-content\/uploads\/2021\/06\/Wand-TT_med_10in_Master_6780-300x200.jpg 300w, https:\/\/acoustic-precision.fr\/wp-content\/uploads\/2021\/06\/Wand-TT_med_10in_Master_6780-768x512.jpg 768w, https:\/\/acoustic-precision.fr\/wp-content\/uploads\/2021\/06\/Wand-TT_med_10in_Master_6780-1200x800.jpg 1200w, https:\/\/acoustic-precision.fr\/wp-content\/uploads\/2021\/06\/Wand-TT_med_10in_Master_6780.jpg 1500w\" sizes=\"(max-width: 1024px) 100vw, 1024px\" \/><\/figure>\n\n\n\n<p>En compl\u00e9ment de ses bras de lecture THE WAND&nbsp; a d\u00e9velopp\u00e9 une platine tourne disque (Model14-4) tout aussi innovante et performante permettant d\u2019accepter des bras de lecture de 9 \u00e0 12 pouces de longueur.<\/p>\n\n\n\n<p><strong>Principales fonctionnalit\u00e9s et sp\u00e9cifications :<\/strong><\/p>\n\n\n\n<p>o Le plateau de grand diam\u00e8tre :360 mm de diam\u00e8tre procurant&nbsp; 20% d\u2019inertie suppl\u00e9mentaire que les plateaux conventionnels de m\u00eame masse. Ce plateau constitu\u00e9 de quatre couches de mat\u00e9riaux afin d\u2019amortir les vibrations et les transferts de bruits. La surface en contact avec le disque est en mat\u00e9riau acrylique pour une meilleure transmission des informations musicales du disque, d\u2019accroitre la r\u00e9solution, augmenter les silences entre les notes, le contraste dynamique, la musicalit\u00e9 et \u00e9liminer les r\u00e9sonnances parasites. Un palet presseur viss\u00e9 en mat\u00e9riaux acrylique assure la plan\u00e9it\u00e9 du disque .<\/p>\n\n\n\n<p>o Structure du ch\u00e2ssis en bois Multiplis. Forme Asym\u00e9trique et usinage interne con\u00e7us afin de dissiper les vibrations.<\/p>\n\n\n\n<p>o L\u2019isolation du monde ambiant est assur\u00e9 par un syst\u00e8me de suspension en trois points Zentroidal\u2122. Le point central de la suspension (le plus immobile) est proche de l\u2019arc de lecture du disque afin de maximiser la rejection des vibrations et chocs ext\u00e9rieurs.<\/p>\n\n\n\n<p>o Alimentation externe, r\u00e9gul\u00e9e, d\u00e9livrant un courant continu de grande qualit\u00e9 (ne rayonne pas sur la cellule).<\/p>\n\n\n\n<p>o Moteur Courant continu avec \u00e9lectronique de contr\u00f4le de vitesse et arr\u00eat rapide du plateau.<\/p>\n\n\n\n<p>o Peut recevoir les bras de lecture The Wand 9.5in \/ 10.3in ou 12in (ou d\u2019autre manufacturier)<\/p>\n\n\n\n<p>o Corroie plate fabriqu\u00e9e sur cahier des charges en Suisse, donnant de la dynamique et l\u2019isolation m\u00e9canique.<\/p>\n\n\n\n<p>o Comprends un couvercle \u00e9l\u00e9gant.<\/p>\n\n\n\n<p>o Couvercle m\u00e9caniquement situe hors du syst\u00e8me de lecture<\/p>\n\n\n\n<p>o Le couvercle reste vertical sur son cot\u00e9 arri\u00e8re.<\/p>\n\n\n\n<p>o Support optionnel pour un second bras 9.5in .<\/p>\n\n\n\n<p>o 11kg (~480mm x 400mm x 120mm, ~19\u201d x 15\u201d3\/4 x 5\u201d)<\/p>\n\n\n\n<div class=\"wp-block-file\"><a href=\"http:\/\/acoustic-precision.fr\/wp-content\/uploads\/2021\/06\/TheWand-Turntable-Visual-Features-Guide.pdf\" target=\"_blank\" rel=\"noreferrer noopener\">TheWand-Turntable-Visual-Features-Guide<\/a><\/div>\n\n\n\n<div class=\"wp-block-file\"><a href=\"http:\/\/acoustic-precision.fr\/wp-content\/uploads\/2021\/06\/TheWand-Turntable.pdf\" target=\"_blank\" rel=\"noreferrer noopener\">TheWand-Turntable<\/a><\/div>\n\n\n\n<div class=\"wp-block-file\"><a href=\"http:\/\/acoustic-precision.fr\/wp-content\/uploads\/2021\/06\/TheWand-Turntable-LP-Review.pdf\" target=\"_blank\" rel=\"noreferrer noopener\">TheWand-Turntable-LP-Review<\/a><\/div>\n\n\n\n<div class=\"wp-block-file\"><a href=\"http:\/\/acoustic-precision.fr\/wp-content\/uploads\/2021\/06\/TheWand-Turntable-Feedback.pdf\" target=\"_blank\" rel=\"noreferrer noopener\">TheWand-Turntable-Feedback<\/a><\/div>\n\n\n\n<div class=\"wp-block-file\"><a href=\"http:\/\/acoustic-precision.fr\/wp-content\/uploads\/2021\/06\/TheWand-Turntable-Design-QA.pdf\" target=\"_blank\" rel=\"noreferrer noopener\">TheWand-Turntable-Design-QA<\/a><\/div>\n\n\n\n<div class=\"wp-block-file\"><a href=\"http:\/\/acoustic-precision.fr\/wp-content\/uploads\/2021\/06\/The-Wand-Turntable-Review.pdf\" target=\"_blank\" rel=\"noreferrer noopener\">The-Wand-Turntable-Review<\/a><\/div>\n\n\n\n<figure class=\"wp-block-image size-large\"><img loading=\"lazy\" width=\"1024\" height=\"683\" src=\"http:\/\/acoustic-precision.fr\/wp-content\/uploads\/2021\/06\/Wand-TT_med_Right_Lid_6719-1024x683.jpg\" alt=\"\" class=\"wp-image-1215\" srcset=\"https:\/\/acoustic-precision.fr\/wp-content\/uploads\/2021\/06\/Wand-TT_med_Right_Lid_6719-1024x683.jpg 1024w, https:\/\/acoustic-precision.fr\/wp-content\/uploads\/2021\/06\/Wand-TT_med_Right_Lid_6719-300x200.jpg 300w, https:\/\/acoustic-precision.fr\/wp-content\/uploads\/2021\/06\/Wand-TT_med_Right_Lid_6719-768x512.jpg 768w, https:\/\/acoustic-precision.fr\/wp-content\/uploads\/2021\/06\/Wand-TT_med_Right_Lid_6719-1200x800.jpg 1200w, https:\/\/acoustic-precision.fr\/wp-content\/uploads\/2021\/06\/Wand-TT_med_Right_Lid_6719.jpg 1500w\" sizes=\"(max-width: 1024px) 100vw, 1024px\" \/><\/figure>\n","protected":false},"excerpt":{"rendered":"<p>The Wand TURNTABLE En compl\u00e9ment de ses bras de lecture THE WAND&nbsp; a d\u00e9velopp\u00e9 une platine tourne disque (Model14-4) tout aussi innovante et performante permettant d\u2019accepter des bras de lecture de 9 \u00e0 12 pouces de longueur. Principales fonctionnalit\u00e9s et sp\u00e9cifications : o Le plateau de grand diam\u00e8tre :360 mm de diam\u00e8tre procurant&nbsp; 20% d\u2019inertie [&hellip;]<\/p>\n","protected":false},"author":1,"featured_media":0,"parent":0,"menu_order":0,"comment_status":"closed","ping_status":"closed","template":"","meta":[],"_links":{"self":[{"href":"https:\/\/acoustic-precision.fr\/index.php\/wp-json\/wp\/v2\/pages\/177"}],"collection":[{"href":"https:\/\/acoustic-precision.fr\/index.php\/wp-json\/wp\/v2\/pages"}],"about":[{"href":"https:\/\/acoustic-precision.fr\/index.php\/wp-json\/wp\/v2\/types\/page"}],"author":[{"embeddable":true,"href":"https:\/\/acoustic-precision.fr\/index.php\/wp-json\/wp\/v2\/users\/1"}],"replies":[{"embeddable":true,"href":"https:\/\/acoustic-precision.fr\/index.php\/wp-json\/wp\/v2\/comments?post=177"}],"version-history":[{"count":1,"href":"https:\/\/acoustic-precision.fr\/index.php\/wp-json\/wp\/v2\/pages\/177\/revisions"}],"predecessor-version":[{"id":1216,"href":"https:\/\/acoustic-precision.fr\/index.php\/wp-json\/wp\/v2\/pages\/177\/revisions\/1216"}],"wp:attachment":[{"href":"https:\/\/acoustic-precision.fr\/index.php\/wp-json\/wp\/v2\/media?parent=177"}],"curies":[{"name":"wp","href":"https:\/\/api.w.org\/{rel}","templated":true}]}}