{"id":176,"date":"2021-04-12T16:19:37","date_gmt":"2021-04-12T14:19:37","guid":{"rendered":"https:\/\/acousticprecision.wordpress.com\/?page_id=176"},"modified":"2021-06-08T12:47:05","modified_gmt":"2021-06-08T10:47:05","slug":"the-wand-master","status":"publish","type":"page","link":"https:\/\/acoustic-precision.fr\/index.php\/the-wand-master\/","title":{"rendered":"The Wand Master"},"content":{"rendered":"\n<p><strong>The Wand MASTER<\/strong><\/p>\n\n\n\n<figure class=\"wp-block-image size-large\"><img loading=\"lazy\" width=\"772\" height=\"210\" src=\"http:\/\/acoustic-precision.fr\/wp-content\/uploads\/2021\/06\/Master_9in_assy_shaded_side-1.jpg\" alt=\"\" class=\"wp-image-1198\" srcset=\"https:\/\/acoustic-precision.fr\/wp-content\/uploads\/2021\/06\/Master_9in_assy_shaded_side-1.jpg 772w, https:\/\/acoustic-precision.fr\/wp-content\/uploads\/2021\/06\/Master_9in_assy_shaded_side-1-300x82.jpg 300w, https:\/\/acoustic-precision.fr\/wp-content\/uploads\/2021\/06\/Master_9in_assy_shaded_side-1-768x209.jpg 768w\" sizes=\"(max-width: 772px) 100vw, 772px\" \/><\/figure>\n\n\n\n<p><strong>CONSTRUCTION<\/strong><\/p>\n\n\n\n<p>Ce bras est de type uni pivot. La rotation du bras est assur\u00e9e par un axe support conique et trois billes en acier inoxydable. Le tout garanti une stabilit\u00e9 parfaite (comme un tr\u00e9pied).<\/p>\n\n\n\n<p>La hauteur du bras, est ajust\u00e9e \u00e0 l\u2019aide d\u2019un syst\u00e8me microm\u00e9trique assurant une grande facilit\u00e9 et une grande pr\u00e9cision du r\u00e9glage de l\u2019angle de lecture du diamant (VTA).<\/p>\n\n\n\n<p>La dynamique verticale du bras peut \u00eatre ajust\u00e9e \u00e0 l\u2019aide d&#8217;un dispositif d\u2019amortissement variable.<\/p>\n\n\n\n<p>Le bras porte cellule est en fibre de carbone de grand diam\u00e8tre (22mm), environ 4 fois plus rigide qu\u2019un bras conventionnel. Un amortissement interne \u00e9limine toute vibration.<\/p>\n\n\n\n<p>La masse effective (13 \u00e0 16 g) convient \u00e0 la majorit\u00e9 des cellules. 4 contrepoids sont livr\u00e9s pour permettre un ajustement au plus pr\u00e8s au regard du poids de la cellule.<\/p>\n\n\n\n<p>C\u00e2blage interne NORDOST.<\/p>\n\n\n\n<p><strong>SPECIFICATIONS du bras The Wand MASTER<\/strong><\/p>\n\n\n\n<ul><li>Tube en fibre de carbone de grand diam\u00e8tre (22mm)&nbsp;: 4 fois plus rigide qu\u2019un bras de diam\u00e8tre standard<\/li><li>Manipulation ergonomique via l\u2019extr\u00e9mit\u00e9 du bras ou par le m\u00e9canisme amorti<\/li><li>Porte cellule en Titane d\u00e9coup\u00e9 au laser et assurant un contr\u00f4le vibratoire du bras.<\/li><li>Surface de contact de l\u2019axe en zirconium de grande qualit\u00e9&nbsp;: tr\u00e8s bon transfert de l\u2019\u00e9nergie vibratoire malgr\u00e9 une faible force de friction.<\/li><li>Masse effective permettant l\u2019utilisation de toutes les cellules. (13.5g pour le bras 9in, 15g pour le 10.3in, 16g pour le 12in)<\/li><li>Facilit\u00e9 d\u2019installation donnant 90% des performance rapidement, et du premier coup.<\/li><li>Alignement au standard Baerwald (en tenant compte des dimensions du dernier sillon dans le monde r\u00e9el).<\/li><li>Remplacement direct des bras de g\u00e9om\u00e9trie REGA (~240mm).&nbsp; Options SME, Technics, Linn &amp; Lenco<\/li><li>C\u00e2blage hybride Argent\/Cuivre NORDOST avec des connecteurs RCA femelle fixe.<\/li><li>Antiskating de type fil \/ masselotte.<\/li><li>Vibration shunt (syst\u00e8me d\u2019amortissement shunt de vibration)<\/li><li>M\u00e9daille d\u2019argent .au 2016 BEST Design Awards<\/li><\/ul>\n\n\n\n<p><strong>INSTALLATION<\/strong><\/p>\n\n\n\n<p>L\u2019installation de la partie fixe sur la platine est tr\u00e8s simple (un seul trou de diam\u00e8tre 25 mm), elle garantit la stabilit\u00e9 de lecture et la p\u00e9rennit\u00e9 des r\u00e9glages, assurant la lecture du signal sans vibration parasite et une reproduction musicale sans distorsion.<\/p>\n\n\n\n<p>Le <strong>guide de montage<\/strong> est fourni&nbsp;avec tous les accessoires n\u00e9cessaires&nbsp;: un <strong>protractor<\/strong> sp\u00e9cifique pour permettre un positionnement pr\u00e9cis aussi bien verticalement qu\u2019horizontalement et en azimuth. Sont \u00e9galement fournis&nbsp;: une <strong>balance<\/strong> de pr\u00e9cision pour le r\u00e9glage de la force d\u2019appuis ainsi que la visserie n\u00e9cessaire \u00e0 l\u2019installation.<\/p>\n\n\n\n<p>La fixation pr\u00e9cise du bras sur la platine positionne la pointe de lecture de sorte qu\u2019elle soit parfaitement tangente au rayon du disque, donc parfaitement dans l\u2019axe du sillon, afin de suive le sillon &nbsp;avec&nbsp; un tr\u00e8s faible d\u00e9calage angulaire.<\/p>\n\n\n\n<p><em>En raison de la taille elliptique des diamants des cellules de qualit\u00e9 actuelles (Shibata, micro-ridge etc),<\/em> c<em>ette pr\u00e9cision de lecture est aujourd\u2019hui essentielle.<\/em><\/p>\n\n\n\n<p><strong>CE QUE DIT LA PRESSE&nbsp;:<\/strong><\/p>\n\n\n\n<p><em>\u00ab Un unipivot robuste, subtil, plut\u00f4t intelligent et remarquablement abordable, d\u00e9crit par une personne qualifi\u00e9e comme \u00ab Le bras que le Naim Aro aurait d\u00fb \u00eatre! \u00bb. Le nouveau bras de la s\u00e9rie Wand MASTER est construit autour du m\u00eame bras massif en fibre de carbone que l&#8217;original <\/em>(le Wand Plus). <em>Il utilise le m\u00eame ensemble de contrepoids et de contrepoids composite, ce qui permet de maintenir la masse aussi pr\u00e8s du point de pivotement que possible et la r\u00e9sonance structurelle au minimum. Au lieu de l\u2019acier tremp\u00e9 de l\u2019axe standard, le bras de la s\u00e9rie MASTER utilise du zirconium pour le pivot. Il b\u00e9n\u00e9ficie en outre d&#8217;un dispositif d\u2019amortissement variable, d\u2019un ajustement de la VTA \u00e0 l\u2019aide d\u2019une molette et d\u2019un c\u00e2blage interne Nordost\u2122 \u00bb.<\/em><\/p>\n\n\n\n<p>The Audio Beat (Royaume\u2010Uni \/ \u00c9tats\u2010Unis); Mai 2017<\/p>\n\n\n\n<div class=\"wp-block-file\"><a href=\"http:\/\/acoustic-precision.fr\/wp-content\/uploads\/2021\/06\/TheWand-Master-Tonearm.pdf\" target=\"_blank\" rel=\"noreferrer noopener\">TheWand-Master-Tonearm<\/a><\/div>\n\n\n\n<div class=\"wp-block-file\"><a href=\"http:\/\/acoustic-precision.fr\/wp-content\/uploads\/2021\/06\/TheWand-Master-Fidelity-Magazin-DE.pdf\" target=\"_blank\" rel=\"noreferrer noopener\">TheWand-Master-Fidelity-Magazin-DE<\/a><\/div>\n\n\n\n<figure class=\"wp-block-table alignwide\"><table><tbody><tr><td><strong>Dimensions<\/strong><br><br><strong>Data;<\/strong><br>\u00b7&nbsp;&nbsp;&nbsp;&nbsp;&nbsp;&nbsp;&nbsp;&nbsp; Poids =0.6kg (0.65kg for 12in)<br>\u00b7&nbsp;&nbsp;&nbsp;&nbsp;&nbsp;&nbsp;&nbsp;&nbsp; Masse du bras = 12.5g (14g for 10.3in, 15g for 12in)<br>\u00b7&nbsp;&nbsp;&nbsp;&nbsp;&nbsp;&nbsp;&nbsp;&nbsp; Capacitance des c\u00e2bles&nbsp;: 35pF<\/td><td class=\"has-text-align-center\" data-align=\"center\"><img class=\"wp-image-740\" style=\"width: 700px;\" src=\"https:\/\/acoustic-precision.fr\/wordpress\/wp-content\/uploads\/2021\/05\/Capture.png\" alt=\"\"><img loading=\"lazy\" width=\"529\" height=\"282\" class=\"wp-image-1199\" style=\"width: 150px;\" src=\"http:\/\/acoustic-precision.fr\/wp-content\/uploads\/2021\/06\/Capture.png\" alt=\"\" srcset=\"https:\/\/acoustic-precision.fr\/wp-content\/uploads\/2021\/06\/Capture.png 529w, https:\/\/acoustic-precision.fr\/wp-content\/uploads\/2021\/06\/Capture-300x160.png 300w\" sizes=\"(max-width: 529px) 100vw, 529px\" \/><\/td><\/tr><\/tbody><\/table><\/figure>\n\n\n\n<figure class=\"wp-block-image size-large\"><img loading=\"lazy\" width=\"1024\" height=\"312\" src=\"http:\/\/acoustic-precision.fr\/wp-content\/uploads\/2021\/06\/The-Wand-Master-Photo-1024x312.png\" alt=\"\" class=\"wp-image-1200\" srcset=\"https:\/\/acoustic-precision.fr\/wp-content\/uploads\/2021\/06\/The-Wand-Master-Photo-1024x312.png 1024w, https:\/\/acoustic-precision.fr\/wp-content\/uploads\/2021\/06\/The-Wand-Master-Photo-300x91.png 300w, https:\/\/acoustic-precision.fr\/wp-content\/uploads\/2021\/06\/The-Wand-Master-Photo-768x234.png 768w, https:\/\/acoustic-precision.fr\/wp-content\/uploads\/2021\/06\/The-Wand-Master-Photo-1536x468.png 1536w, https:\/\/acoustic-precision.fr\/wp-content\/uploads\/2021\/06\/The-Wand-Master-Photo-1200x366.png 1200w, https:\/\/acoustic-precision.fr\/wp-content\/uploads\/2021\/06\/The-Wand-Master-Photo.png 1844w\" sizes=\"(max-width: 1024px) 100vw, 1024px\" \/><\/figure>\n","protected":false},"excerpt":{"rendered":"<p>The Wand MASTER CONSTRUCTION Ce bras est de type uni pivot. La rotation du bras est assur\u00e9e par un axe support conique et trois billes en acier inoxydable. Le tout garanti une stabilit\u00e9 parfaite (comme un tr\u00e9pied). La hauteur du bras, est ajust\u00e9e \u00e0 l\u2019aide d\u2019un syst\u00e8me microm\u00e9trique assurant une grande facilit\u00e9 et une grande [&hellip;]<\/p>\n","protected":false},"author":1,"featured_media":0,"parent":0,"menu_order":0,"comment_status":"closed","ping_status":"closed","template":"","meta":[],"_links":{"self":[{"href":"https:\/\/acoustic-precision.fr\/index.php\/wp-json\/wp\/v2\/pages\/176"}],"collection":[{"href":"https:\/\/acoustic-precision.fr\/index.php\/wp-json\/wp\/v2\/pages"}],"about":[{"href":"https:\/\/acoustic-precision.fr\/index.php\/wp-json\/wp\/v2\/types\/page"}],"author":[{"embeddable":true,"href":"https:\/\/acoustic-precision.fr\/index.php\/wp-json\/wp\/v2\/users\/1"}],"replies":[{"embeddable":true,"href":"https:\/\/acoustic-precision.fr\/index.php\/wp-json\/wp\/v2\/comments?post=176"}],"version-history":[{"count":3,"href":"https:\/\/acoustic-precision.fr\/index.php\/wp-json\/wp\/v2\/pages\/176\/revisions"}],"predecessor-version":[{"id":1205,"href":"https:\/\/acoustic-precision.fr\/index.php\/wp-json\/wp\/v2\/pages\/176\/revisions\/1205"}],"wp:attachment":[{"href":"https:\/\/acoustic-precision.fr\/index.php\/wp-json\/wp\/v2\/media?parent=176"}],"curies":[{"name":"wp","href":"https:\/\/api.w.org\/{rel}","templated":true}]}}