{"id":175,"date":"2021-04-12T16:19:35","date_gmt":"2021-04-12T14:19:35","guid":{"rendered":"https:\/\/acousticprecision.wordpress.com\/?page_id=175"},"modified":"2021-06-08T12:44:13","modified_gmt":"2021-06-08T10:44:13","slug":"the-wand-eq","status":"publish","type":"page","link":"https:\/\/acoustic-precision.fr\/index.php\/the-wand-eq\/","title":{"rendered":"The Wand EQ"},"content":{"rendered":"\n<p><strong>The Wand EQ Phono Stage<\/strong><\/p>\n\n\n\n<figure class=\"wp-block-image size-large\"><img loading=\"lazy\" width=\"1024\" height=\"588\" src=\"http:\/\/acoustic-precision.fr\/wp-content\/uploads\/2021\/06\/Wand-EQ-0002-1024x588.jpg\" alt=\"\" class=\"wp-image-1192\" srcset=\"https:\/\/acoustic-precision.fr\/wp-content\/uploads\/2021\/06\/Wand-EQ-0002-1024x588.jpg 1024w, https:\/\/acoustic-precision.fr\/wp-content\/uploads\/2021\/06\/Wand-EQ-0002-300x172.jpg 300w, https:\/\/acoustic-precision.fr\/wp-content\/uploads\/2021\/06\/Wand-EQ-0002-768x441.jpg 768w, https:\/\/acoustic-precision.fr\/wp-content\/uploads\/2021\/06\/Wand-EQ-0002-1536x882.jpg 1536w, https:\/\/acoustic-precision.fr\/wp-content\/uploads\/2021\/06\/Wand-EQ-0002-1200x689.jpg 1200w, https:\/\/acoustic-precision.fr\/wp-content\/uploads\/2021\/06\/Wand-EQ-0002-1980x1138.jpg 1980w, https:\/\/acoustic-precision.fr\/wp-content\/uploads\/2021\/06\/Wand-EQ-0002.jpg 2000w\" sizes=\"(max-width: 1024px) 100vw, 1024px\" \/><\/figure>\n\n\n\n<p><strong>CONCEPTION :<\/strong><\/p>\n\n\n\n<p>L\u2019\u00e9tage de pr\u00e9 amplification phono The Wand EQ a \u00e9t\u00e9 con\u00e7u et r\u00e9aliser afin d\u2019amplifier sans distorsion les informations extraites de vos disques LP.<\/p>\n\n\n\n<p>Le nom EQ vient du fait que cet \u00e9tage phono \u00e0 \u00e9t\u00e9 ajust\u00e9 afin de maximiser le facteur \u00e9motionnel de la musique (Emotional Quotient) qui peut \u00eatre restitu\u00e9 par un vinyle. Des transistors J-FET \u00e0 tr\u00e8s bas bruit sont utilis\u00e9s dans l\u2019\u00e9tage d\u2019entr\u00e9e ainsi que dans l\u2019alimentation afin d\u2019avoir un niveau de r\u00e9solution des d\u00e9tails \u00e0 celui de la platine et des bras The Wand.<\/p>\n\n\n\n<p>L\u2019\u00e9tage phono The Wand EQ est op\u00e9rationnel avec des cellules \u00e0 bobine mobile (MC) ou \u00e0 aimant mobile (MM). Pour les bobines mobiles (MC) la r\u00e9sistance de charge est ajustable.<\/p>\n\n\n\n<figure class=\"wp-block-table\"><table><tbody><tr><td><strong>SPECIFICATIONS:<\/strong> <br>\u2022 Gain (@1kHz): MC 62dB, MM 40dB <br>\u2022 R\u00e9ponse en Fr\u00e9quence : 20Hz \u00e0 20kHz&nbsp; +\/-0.3dB des sp\u00e9cifications RIAA <br>\u2022 Imp\u00e9dance d\u2019entr\u00e9e : 82, 100, 475, 47k Ohms et 220pF commutables<br>\u2022 Imp\u00e9dance de Sortie : 100 ohms <br>\u2022 Distorsion : &lt;0.01%&nbsp; \u2022 Rapport Signal \/ Bruit: &gt;80dBA (avec 5mV \u00e0 l\u2019entr\u00e9e) <br>\u2022 Consommation \u00e9lectrique : 2.5W (Pour de meilleurs r\u00e9sultats laisser l\u2019alimentation sous tension) &nbsp;<\/td><\/tr><\/tbody><\/table><\/figure>\n\n\n\n<figure class=\"wp-block-image size-large\"><img loading=\"lazy\" width=\"1024\" height=\"361\" src=\"http:\/\/acoustic-precision.fr\/wp-content\/uploads\/2021\/06\/The-Wand-EQ-Back-1024x361.png\" alt=\"\" class=\"wp-image-1193\" srcset=\"https:\/\/acoustic-precision.fr\/wp-content\/uploads\/2021\/06\/The-Wand-EQ-Back-1024x361.png 1024w, https:\/\/acoustic-precision.fr\/wp-content\/uploads\/2021\/06\/The-Wand-EQ-Back-300x106.png 300w, https:\/\/acoustic-precision.fr\/wp-content\/uploads\/2021\/06\/The-Wand-EQ-Back-768x271.png 768w, https:\/\/acoustic-precision.fr\/wp-content\/uploads\/2021\/06\/The-Wand-EQ-Back-1200x424.png 1200w, https:\/\/acoustic-precision.fr\/wp-content\/uploads\/2021\/06\/The-Wand-EQ-Back.png 1204w\" sizes=\"(max-width: 1024px) 100vw, 1024px\" \/><\/figure>\n\n\n\n<figure class=\"wp-block-image size-large\"><img loading=\"lazy\" width=\"584\" height=\"134\" src=\"http:\/\/acoustic-precision.fr\/wp-content\/uploads\/2021\/06\/The-Wand-impedance-selector.png\" alt=\"\" class=\"wp-image-1195\" srcset=\"https:\/\/acoustic-precision.fr\/wp-content\/uploads\/2021\/06\/The-Wand-impedance-selector.png 584w, https:\/\/acoustic-precision.fr\/wp-content\/uploads\/2021\/06\/The-Wand-impedance-selector-300x69.png 300w\" sizes=\"(max-width: 584px) 100vw, 584px\" \/><\/figure>\n","protected":false},"excerpt":{"rendered":"<p>The Wand EQ Phono Stage CONCEPTION : L\u2019\u00e9tage de pr\u00e9 amplification phono The Wand EQ a \u00e9t\u00e9 con\u00e7u et r\u00e9aliser afin d\u2019amplifier sans distorsion les informations extraites de vos disques LP. Le nom EQ vient du fait que cet \u00e9tage phono \u00e0 \u00e9t\u00e9 ajust\u00e9 afin de maximiser le facteur \u00e9motionnel de la musique (Emotional Quotient) [&hellip;]<\/p>\n","protected":false},"author":1,"featured_media":0,"parent":0,"menu_order":0,"comment_status":"closed","ping_status":"closed","template":"","meta":[],"_links":{"self":[{"href":"https:\/\/acoustic-precision.fr\/index.php\/wp-json\/wp\/v2\/pages\/175"}],"collection":[{"href":"https:\/\/acoustic-precision.fr\/index.php\/wp-json\/wp\/v2\/pages"}],"about":[{"href":"https:\/\/acoustic-precision.fr\/index.php\/wp-json\/wp\/v2\/types\/page"}],"author":[{"embeddable":true,"href":"https:\/\/acoustic-precision.fr\/index.php\/wp-json\/wp\/v2\/users\/1"}],"replies":[{"embeddable":true,"href":"https:\/\/acoustic-precision.fr\/index.php\/wp-json\/wp\/v2\/comments?post=175"}],"version-history":[{"count":1,"href":"https:\/\/acoustic-precision.fr\/index.php\/wp-json\/wp\/v2\/pages\/175\/revisions"}],"predecessor-version":[{"id":1196,"href":"https:\/\/acoustic-precision.fr\/index.php\/wp-json\/wp\/v2\/pages\/175\/revisions\/1196"}],"wp:attachment":[{"href":"https:\/\/acoustic-precision.fr\/index.php\/wp-json\/wp\/v2\/media?parent=175"}],"curies":[{"name":"wp","href":"https:\/\/api.w.org\/{rel}","templated":true}]}}