{"id":144,"date":"2021-04-12T15:19:32","date_gmt":"2021-04-12T13:19:32","guid":{"rendered":"https:\/\/acousticprecision.wordpress.com\/?page_id=141"},"modified":"2021-06-08T11:04:25","modified_gmt":"2021-06-08T09:04:25","slug":"sound-strip","status":"publish","type":"page","link":"https:\/\/acoustic-precision.fr\/index.php\/sound-strip\/","title":{"rendered":"SOUND STRIP"},"content":{"rendered":"\n<div class=\"wp-block-jetpack-layout-grid alignfull column1-desktop-grid__span-2 column1-desktop-grid__start-5 column1-desktop-grid__row-1 column2-desktop-grid__span-2 column2-desktop-grid__start-7 column2-desktop-grid__row-1 column1-tablet-grid__span-4 column1-tablet-grid__row-1 column2-tablet-grid__span-4 column2-tablet-grid__start-5 column2-tablet-grid__row-1 column1-mobile-grid__span-4 column1-mobile-grid__row-1 column2-mobile-grid__span-4 column2-mobile-grid__row-2 are-vertically-aligned-center\">\n<div class=\"wp-block-jetpack-layout-grid-column wp-block-jetpack-layout-grid__padding-none is-vertically-aligned-center\">\n<figure class=\"wp-block-image size-large\"><img loading=\"lazy\" width=\"1024\" height=\"508\" src=\"http:\/\/acoustic-precision.fr\/wp-content\/uploads\/2021\/06\/SoundStrip-NB-1024x508.jpg\" alt=\"\" class=\"wp-image-1139\" srcset=\"https:\/\/acoustic-precision.fr\/wp-content\/uploads\/2021\/06\/SoundStrip-NB-1024x508.jpg 1024w, https:\/\/acoustic-precision.fr\/wp-content\/uploads\/2021\/06\/SoundStrip-NB-300x149.jpg 300w, https:\/\/acoustic-precision.fr\/wp-content\/uploads\/2021\/06\/SoundStrip-NB-768x381.jpg 768w, https:\/\/acoustic-precision.fr\/wp-content\/uploads\/2021\/06\/SoundStrip-NB.jpg 1104w\" sizes=\"(max-width: 1024px) 100vw, 1024px\" \/><\/figure>\n<\/div>\n\n\n\n<div class=\"wp-block-jetpack-layout-grid-column wp-block-jetpack-layout-grid__padding-none is-vertically-aligned-center\">\n<p>Sound enhancer technologies<\/p>\n<\/div>\n<\/div>\n\n\n\n<p><strong>Sound Strip<\/strong><\/p>\n\n\n\n<p class=\"has-drop-cap\">Les syst\u00e8mes audio assembl\u00e9s avec le plus grand soin par les m\u00e9lomanes audiophiles favorisent aujourd\u2019hui une reproduction musicale juste et pr\u00e9cise, laissant toute sa place \u00e0 l\u2019\u00e9motion de la musique.<\/p>\n\n\n\n<p>Ces qualit\u00e9s sont le fruit d\u2019une s\u00e9lection rigoureuse du mat\u00e9riel mais aussi de c\u00e2bles d\u2019alimentation et d\u2019interconnexion performants. La combinaison d\u2019un choix rigoureux des \u00e9quipements et d\u2019une mise en \u0153uvre soign\u00e9e permet d\u2019obtenir une reproduction musicale d\u2019un \u00e9quilibre tonal et d\u2019une qualit\u00e9 sonore surprenante dans un espace r\u00e9sidentiel.<\/p>\n\n\n\n<p>L\u2019aspect souvent oubli\u00e9 d\u2019une reproduction musicale est qu\u2019elle ne doit pas seulement \u00eatre la meilleure mais surtout la plus enthousiasmante. C\u2019est ce qu\u2019apporte le <strong>Sound Strip<\/strong>.<\/p>\n\n\n\n<p>Le <strong>Sound Strip<\/strong> est un ruban qui, positionn\u00e9 sur n\u2019importe quel c\u00e2ble d\u2019un syst\u00e8me audio, am\u00e9liore de mani\u00e8re significative la qualit\u00e9 et la musicalit\u00e9 du son reproduit. Le r\u00e9sultat est imm\u00e9diat, la musique devient plus vivante, l\u2019auditeur est immerg\u00e9 dans l\u2019\u00e9v\u00e8nement musical et l\u2019atmosph\u00e8re propre \u00e0 chaque enregistrement est conserv\u00e9e.<\/p>\n\n\n\n<p>Le <strong>Sound Strip<\/strong> am\u00e9liore, sans modification du syst\u00e8me existant, le contraste dynamique, la coh\u00e9rence et la r\u00e9solution spatiale. Les signatures sonores caract\u00e9risant les instruments, salles ou studios d\u2019enregistrement sont davantage perceptibles. Les contrastes entre son direct et r\u00e9verb\u00e9r\u00e9 sont mieux discernables. La s\u00e9paration instrumentale est accrue et la d\u00e9croissance des notes am\u00e9lior\u00e9e, le silence plus profond. La musique et les musiciens prennent vie.<\/p>\n\n\n\n<p>Le registre grave est riche en transitoires et mieux articul\u00e9. Le medium en b\u00e9n\u00e9ficie \u00e9galement, avec les plus fines inflexions des voix. L\u2019aigu est bien pr\u00e9sent, plus int\u00e9gr\u00e9 et d\u00e9fini dans l\u2019espace sonore, sans mise en avant ni sensation d\u2019\u00e9touffement ou d\u2019\u00e9cr\u00eatage.<\/p>\n\n\n\n<p>L\u2019auditeur est plong\u00e9 dans l\u2019\u00e9v\u00e8nement musical et l\u2019immersion est compl\u00e8te. L\u2019\u00e9coute devient plus \u00ab&nbsp;facile&nbsp;\u00bb.<\/p>\n\n\n\n<p><strong>Description<\/strong> du<strong> Sound Strip<\/strong><\/p>\n\n\n\n<p>La structure support est un ruban auto-adh\u00e9rant de type Velcro, tr\u00e8s r\u00e9sistant et n\u2019alt\u00e9rant pas le c\u00e2ble qu\u2019il entoure.<\/p>\n\n\n\n<p>La face externe pr\u00e9sente un point de couleur qui permet de l\u2019identifier&nbsp;; l\u2019autre face contient le principe actif du <strong>Sound Strip<\/strong>.<\/p>\n\n\n\n<p>Le ruban permet un accroissement de la r\u00e9solution dynamique sur tout le spectre audio sans alt\u00e9ration de l\u2019\u00e9quilibre tonal du syst\u00e8me ainsi qu\u2019une am\u00e9lioration de la repr\u00e9sentation spatiale (sc\u00e8ne sonore).<strong><\/strong><\/p>\n\n\n\n<p><strong>Installation<\/strong>&nbsp;du <strong>Sound Strip<\/strong><\/p>\n\n\n\n<p>Le ruban <strong>Sound Strip<\/strong> est efficace sur tous les types de c\u00e2bles&nbsp;: secteur, modulation, num\u00e9riques (USB, Ethernet) et haut-parleurs, positionn\u00e9 autour des c\u00e2bles de syst\u00e8mes haute-fid\u00e9lit\u00e9 et\/ou home cin\u00e9ma.<\/p>\n\n\n\n<p>La structure m\u00e9canique du <strong>Sound Strip<\/strong> est con\u00e7ue pour une installation et d\u00e9sinstallation simplissimes. La face interne est en contact avec le c\u00e2ble, les points de couleur sont \u00e0 l\u2019ext\u00e9rieur.<\/p>\n\n\n\n<p>L\u2019effet <strong>Sound Strip<\/strong> est cumulatif&nbsp;: l\u2019am\u00e9lioration est d\u2019autant plus sensible que le nombre de c\u00e2bles trait\u00e9s augmente.<\/p>\n\n\n\n<p>Le <strong>Sound Strip<\/strong> est op\u00e9rant d\u00e8s sa mise en place.<\/p>\n\n\n\n<p><strong>Recommandations&nbsp;d\u2019utilisation<\/strong><strong> <\/strong>du <strong>Sound Strip<\/strong><\/p>\n\n\n\n<p>L\u2019effet <strong>Sound Strip<\/strong> op\u00e8re d\u00e8s le premier install\u00e9, cependant l\u2019installation de plusieurs <strong>Sound Strip<\/strong> permet d\u2019accroitre la lisibilit\u00e9, le contraste dynamique, et la musicalit\u00e9&nbsp;:<\/p>\n\n\n\n<ol type=\"1\"><li>\u00c9quiper en premier les c\u00e2bles alimentant les barrettes secteur puis les c\u00e2bles secteurs des sources (num\u00e9riques et analogiques), les pr\u00e9amplificateurs et amplificateurs, enfin les c\u00e2bles de modulation et haut-parleurs.<\/li><li>Pour les sources digitales, \u00e9quiper le c\u00e2ble d\u2019alimentation puis le c\u00e2ble digital et enfin les c\u00e2bles d\u2019interconnexion.<\/li><li>Pour les platines tourne disques les rubans peuvent \u00eatre utilis\u00e9s sur l\u2019alimentation du moteur de la platine ainsi que sur le c\u00e2ble de modulation reliant la platine au pr\u00e9amplificateur.<\/li><\/ol>\n\n\n\n<p><strong>Dimensions<\/strong>&nbsp;du <strong>Sound Strip<\/strong><\/p>\n\n\n\n<figure class=\"wp-block-table\"><table><tbody><tr><td>Longueur&nbsp;:&nbsp;&nbsp;&nbsp; 100 mm<\/td><td>Largeur&nbsp;:&nbsp;&nbsp;&nbsp;&nbsp;&nbsp;&nbsp;&nbsp; 20 mm<\/td><td>Epaisseur&nbsp;:&nbsp;&nbsp; 3 mm<\/td><\/tr><\/tbody><\/table><\/figure>\n\n\n\n<figure class=\"wp-block-table\"><table><tbody><tr><td class=\"has-text-align-center\" data-align=\"center\"><em>Le <strong>Sound Strip<\/strong> augmente le contraste dynamique et la coh\u00e9rence spatiale, les informations musicales et architecturales, souvent inaudibles deviennent discernables sans interf\u00e9rer avec la reproduction musicale.<\/em><br><em>Le <strong>Sound Strip<\/strong> ne fonctionne pas comme un filtre&nbsp;: aucune information musicale n\u2019est supprim\u00e9e, les timbres ne sont pas alt\u00e9r\u00e9s, car le signal audio circulant dans les \u00e9quipements demeure intact<\/em><\/td><\/tr><\/tbody><\/table><\/figure>\n\n\n\n<p><em>Les, d\u00e9signations et sp\u00e9cifications des produits Sound Strip sont donn\u00e9es \u00e0 titre indicatif.<\/em><\/p>\n\n\n\n<div class=\"wp-block-file\"><a href=\"http:\/\/acoustic-precision.fr\/wp-content\/uploads\/2021\/06\/Sound-Strip-Fr.pdf\" target=\"_blank\" rel=\"noreferrer noopener\">Sound-Strip-Fr<\/a><\/div>\n\n\n\n<div class=\"wp-block-file\"><a href=\"http:\/\/acoustic-precision.fr\/wp-content\/uploads\/2021\/06\/Sound-Strip-Eng.pdf\" target=\"_blank\" rel=\"noreferrer noopener\">Sound-Strip-Eng<\/a><\/div>\n\n\n\n<div class=\"wp-block-file\"><a href=\"http:\/\/acoustic-precision.fr\/wp-content\/uploads\/2021\/06\/Sound-Strip-User-Manual-Eng.pdf\" target=\"_blank\" rel=\"noreferrer noopener\">Sound-Strip-User-Manual-Eng<\/a><\/div>\n\n\n\n<div class=\"wp-block-file\"><a href=\"http:\/\/acoustic-precision.fr\/wp-content\/uploads\/2021\/06\/Sound-Strip-FAQ-Eng.pdf\" target=\"_blank\" rel=\"noreferrer noopener\">Sound-Strip-FAQ-Eng<\/a><\/div>\n","protected":false},"excerpt":{"rendered":"<p>Sound Strip Les syst\u00e8mes audio assembl\u00e9s avec le plus grand soin par les m\u00e9lomanes audiophiles favorisent aujourd\u2019hui une reproduction musicale juste et pr\u00e9cise, laissant toute sa place \u00e0 l\u2019\u00e9motion de la musique. Ces qualit\u00e9s sont le fruit d\u2019une s\u00e9lection rigoureuse du mat\u00e9riel mais aussi de c\u00e2bles d\u2019alimentation et d\u2019interconnexion performants. La combinaison d\u2019un choix rigoureux [&hellip;]<\/p>\n","protected":false},"author":1,"featured_media":0,"parent":0,"menu_order":0,"comment_status":"closed","ping_status":"closed","template":"","meta":[],"_links":{"self":[{"href":"https:\/\/acoustic-precision.fr\/index.php\/wp-json\/wp\/v2\/pages\/144"}],"collection":[{"href":"https:\/\/acoustic-precision.fr\/index.php\/wp-json\/wp\/v2\/pages"}],"about":[{"href":"https:\/\/acoustic-precision.fr\/index.php\/wp-json\/wp\/v2\/types\/page"}],"author":[{"embeddable":true,"href":"https:\/\/acoustic-precision.fr\/index.php\/wp-json\/wp\/v2\/users\/1"}],"replies":[{"embeddable":true,"href":"https:\/\/acoustic-precision.fr\/index.php\/wp-json\/wp\/v2\/comments?post=144"}],"version-history":[{"count":2,"href":"https:\/\/acoustic-precision.fr\/index.php\/wp-json\/wp\/v2\/pages\/144\/revisions"}],"predecessor-version":[{"id":1145,"href":"https:\/\/acoustic-precision.fr\/index.php\/wp-json\/wp\/v2\/pages\/144\/revisions\/1145"}],"wp:attachment":[{"href":"https:\/\/acoustic-precision.fr\/index.php\/wp-json\/wp\/v2\/media?parent=144"}],"curies":[{"name":"wp","href":"https:\/\/api.w.org\/{rel}","templated":true}]}}