{"id":143,"date":"2021-04-12T15:19:30","date_gmt":"2021-04-12T13:19:30","guid":{"rendered":"https:\/\/acousticprecision.wordpress.com\/?page_id=139"},"modified":"2021-06-08T11:44:17","modified_gmt":"2021-06-08T09:44:17","slug":"venture","status":"publish","type":"page","link":"https:\/\/acoustic-precision.fr\/index.php\/venture\/","title":{"rendered":"VENTURE"},"content":{"rendered":"\n<div class=\"wp-block-jetpack-layout-grid alignfull column1-desktop-grid__span-2 column1-desktop-grid__start-5 column1-desktop-grid__row-1 column2-desktop-grid__span-2 column2-desktop-grid__start-7 column2-desktop-grid__row-1 column1-tablet-grid__span-4 column1-tablet-grid__row-1 column2-tablet-grid__span-4 column2-tablet-grid__start-5 column2-tablet-grid__row-1 column1-mobile-grid__span-4 column1-mobile-grid__row-1 column2-mobile-grid__span-4 column2-mobile-grid__row-2 are-vertically-aligned-center\">\n<div class=\"wp-block-jetpack-layout-grid-column wp-block-jetpack-layout-grid__padding-none is-vertically-aligned-center\">\n<div class=\"wp-block-image\"><figure class=\"aligncenter size-large\"><img loading=\"lazy\" width=\"418\" height=\"136\" src=\"http:\/\/acoustic-precision.fr\/wp-content\/uploads\/2021\/06\/logo-1.jpg\" alt=\"\" class=\"wp-image-1146\" srcset=\"https:\/\/acoustic-precision.fr\/wp-content\/uploads\/2021\/06\/logo-1.jpg 418w, https:\/\/acoustic-precision.fr\/wp-content\/uploads\/2021\/06\/logo-1-300x98.jpg 300w\" sizes=\"(max-width: 418px) 100vw, 418px\" \/><\/figure><\/div>\n\n\n\n<p class=\"has-text-align-center\"><strong>C\u00e2bles &amp; Enceintes<\/strong><\/p>\n<\/div>\n\n\n\n<div class=\"wp-block-jetpack-layout-grid-column wp-block-jetpack-layout-grid__padding-none is-vertically-aligned-center\">\n<div class=\"wp-block-image\"><figure class=\"aligncenter size-large\"><img loading=\"lazy\" width=\"750\" height=\"750\" src=\"http:\/\/acoustic-precision.fr\/wp-content\/uploads\/2021\/06\/VENTURE-photo-bandeau-cables.png\" alt=\"\" class=\"wp-image-1148\" srcset=\"https:\/\/acoustic-precision.fr\/wp-content\/uploads\/2021\/06\/VENTURE-photo-bandeau-cables.png 750w, https:\/\/acoustic-precision.fr\/wp-content\/uploads\/2021\/06\/VENTURE-photo-bandeau-cables-300x300.png 300w, https:\/\/acoustic-precision.fr\/wp-content\/uploads\/2021\/06\/VENTURE-photo-bandeau-cables-150x150.png 150w\" sizes=\"(max-width: 750px) 100vw, 750px\" \/><\/figure><\/div>\n<\/div>\n<\/div>\n\n\n\n<p><strong>VENTURE et la technologie<\/strong><\/p>\n\n\n\n<p>VENTURE a \u00e9t\u00e9 cr\u00e9\u00e9 en 1986 par un scientifique, Njoo Hoo Kong, plus connu sous le nom de &#8220;Didi&#8221;.<\/p>\n\n\n\n<p>Titulaire d&#8217;une ma\u00eetrise en physique de l&#8217;Universit\u00e9 de Francfort, Il a mis sa formation au service d&#8217;un laboratoire effectuant des recherches sur la cryog\u00e9nie et les mat\u00e9riaux supra conducteurs.<br>Didi a alors commenc\u00e9 une qu\u00eate pour concevoir et fabriquer les enceintes les plus performantes possibles en fondant Venture Audio.<br>Didi apporte ainsi un bagage technique exceptionnel \u00e0 VENTURE conduisant \u00e0 de nombreuses innovations dans la conception des haut-parleurs et des c\u00e2bles qui sont en grande partie responsables du superbe son de ses enceintes.<\/p>\n\n\n\n<p>Cet ensemble de connaissances techniques et musicales ont contribu\u00e9 \u00e0 la conception et la fabrication des enceintes les plus avanc\u00e9es possibles afin d\u2019atteindre le summum du r\u00e9alisme.<br>La cr\u00e9ativit\u00e9 de Didi lui a permis d\u2019imaginer, concevoir et fabriquer des haut-parleurs et des enceintes qui permettent d\u2019apporter l&#8217;essence des performances et des \u00e9v\u00e9nements musicaux dans l&#8217;environnement domestique d&#8217;un auditeur.<\/p>\n\n\n\n<p>Apr\u00e8s plus de 30 ans, Venture est toujours engag\u00e9 dans la conception de haut-parleurs et d\u2019enceintes de hautes qualit\u00e9s ainsi que la recherche de nouvelles technologies. Venture permet d\u2019offrir aux m\u00e9lomanes et aux audiophiles la plus grande satisfaction de reproduction musicale \u00ab&nbsp;live&nbsp;\u00bb, la plus grande qualit\u00e9 sonore, leur permettant de vivre leur musique sans limite et de changer d\u00e9finitivement leur plaisir d&#8217;\u00e9coute.<\/p>\n\n\n\n<p>Les enceintes, c\u00e2bles et \u00e9lectroniques VENTURE font parti du tout petit nombre de marques consid\u00e9r\u00e9es comme \u00e9tant des r\u00e9f\u00e9rences dans leur domaines respectifs sur les march\u00e9s Asiatiques et Nord-Am\u00e9ricain.<\/p>\n\n\n\n<p>Les produits VENTURE sont con\u00e7us et fabriqu\u00e9s en Belgique.<\/p>\n\n\n\n<div class=\"wp-block-buttons\">\n<div class=\"wp-block-button\"><a class=\"wp-block-button__link\" href=\"http:\/\/acoustic-precision.fr\/index.php\/venture-cable-line\/\">AP Page VENTURE cable line<\/a><\/div>\n\n\n\n<div class=\"wp-block-button\"><a class=\"wp-block-button__link\" href=\"http:\/\/acoustic-precision.fr\/index.php\/venture-enceintes\/\">AP Page VENTURE Enceintes<\/a><\/div>\n\n\n\n<div class=\"wp-block-button\"><a class=\"wp-block-button__link\" href=\"http:\/\/acoustic-precision.fr\/index.php\/ap-page-venture-gamme-enceintes\/\">AP page VENTURE gamme enceintes<\/a><\/div>\n<\/div>\n\n\n\n<div class=\"wp-block-file\"><a href=\"http:\/\/acoustic-precision.fr\/wp-content\/uploads\/2021\/06\/Venture-Audio-cable-line.pdf\" target=\"_blank\" rel=\"noreferrer noopener\">Venture-Audio-cable-line<\/a><\/div>\n\n\n\n<div class=\"wp-block-file\"><a href=\"http:\/\/acoustic-precision.fr\/wp-content\/uploads\/2021\/06\/Venture-Audio-Enceintes.pdf\" target=\"_blank\" rel=\"noreferrer noopener\">Venture-Audio-Enceintes<\/a><\/div>\n\n\n\n<div class=\"wp-block-file\"><a href=\"http:\/\/acoustic-precision.fr\/wp-content\/uploads\/2021\/06\/Presentation-VENTURE.pdf\" target=\"_blank\" rel=\"noreferrer noopener\">Presentation-VENTURE<\/a><\/div>\n\n\n\n<figure class=\"wp-block-image size-large\"><img loading=\"lazy\" width=\"1024\" height=\"1024\" src=\"http:\/\/acoustic-precision.fr\/wp-content\/uploads\/2021\/06\/VENTURE-Grand_Ultimate_MKII_flat-page-principale-1024x1024.jpg\" alt=\"\" class=\"wp-image-1152\" srcset=\"https:\/\/acoustic-precision.fr\/wp-content\/uploads\/2021\/06\/VENTURE-Grand_Ultimate_MKII_flat-page-principale-1024x1024.jpg 1024w, https:\/\/acoustic-precision.fr\/wp-content\/uploads\/2021\/06\/VENTURE-Grand_Ultimate_MKII_flat-page-principale-300x300.jpg 300w, https:\/\/acoustic-precision.fr\/wp-content\/uploads\/2021\/06\/VENTURE-Grand_Ultimate_MKII_flat-page-principale-150x150.jpg 150w, https:\/\/acoustic-precision.fr\/wp-content\/uploads\/2021\/06\/VENTURE-Grand_Ultimate_MKII_flat-page-principale-768x768.jpg 768w, https:\/\/acoustic-precision.fr\/wp-content\/uploads\/2021\/06\/VENTURE-Grand_Ultimate_MKII_flat-page-principale-1200x1200.jpg 1200w, https:\/\/acoustic-precision.fr\/wp-content\/uploads\/2021\/06\/VENTURE-Grand_Ultimate_MKII_flat-page-principale.jpg 1500w\" sizes=\"(max-width: 1024px) 100vw, 1024px\" \/><\/figure>\n","protected":false},"excerpt":{"rendered":"<p>VENTURE et la technologie VENTURE a \u00e9t\u00e9 cr\u00e9\u00e9 en 1986 par un scientifique, Njoo Hoo Kong, plus connu sous le nom de &#8220;Didi&#8221;. Titulaire d&#8217;une ma\u00eetrise en physique de l&#8217;Universit\u00e9 de Francfort, Il a mis sa formation au service d&#8217;un laboratoire effectuant des recherches sur la cryog\u00e9nie et les mat\u00e9riaux supra conducteurs.Didi a alors commenc\u00e9 [&hellip;]<\/p>\n","protected":false},"author":1,"featured_media":0,"parent":0,"menu_order":0,"comment_status":"closed","ping_status":"closed","template":"","meta":[],"_links":{"self":[{"href":"https:\/\/acoustic-precision.fr\/index.php\/wp-json\/wp\/v2\/pages\/143"}],"collection":[{"href":"https:\/\/acoustic-precision.fr\/index.php\/wp-json\/wp\/v2\/pages"}],"about":[{"href":"https:\/\/acoustic-precision.fr\/index.php\/wp-json\/wp\/v2\/types\/page"}],"author":[{"embeddable":true,"href":"https:\/\/acoustic-precision.fr\/index.php\/wp-json\/wp\/v2\/users\/1"}],"replies":[{"embeddable":true,"href":"https:\/\/acoustic-precision.fr\/index.php\/wp-json\/wp\/v2\/comments?post=143"}],"version-history":[{"count":5,"href":"https:\/\/acoustic-precision.fr\/index.php\/wp-json\/wp\/v2\/pages\/143\/revisions"}],"predecessor-version":[{"id":1189,"href":"https:\/\/acoustic-precision.fr\/index.php\/wp-json\/wp\/v2\/pages\/143\/revisions\/1189"}],"wp:attachment":[{"href":"https:\/\/acoustic-precision.fr\/index.php\/wp-json\/wp\/v2\/media?parent=143"}],"curies":[{"name":"wp","href":"https:\/\/api.w.org\/{rel}","templated":true}]}}