{"id":142,"date":"2021-04-12T15:19:28","date_gmt":"2021-04-12T13:19:28","guid":{"rendered":"https:\/\/acousticprecision.wordpress.com\/?page_id=138"},"modified":"2021-06-07T22:25:19","modified_gmt":"2021-06-07T20:25:19","slug":"london","status":"publish","type":"page","link":"https:\/\/acoustic-precision.fr\/index.php\/london\/","title":{"rendered":"LONDON"},"content":{"rendered":"\n<figure class=\"wp-block-table\"><table><tbody><tr><td class=\"has-text-align-center\" data-align=\"center\"><strong>LONDON DECCA<\/strong><br><strong>Cellules Haut Niveau<\/strong><\/td><td class=\"has-text-align-center\" data-align=\"center\"><img loading=\"lazy\" width=\"350\" height=\"299\" class=\"wp-image-1017\" style=\"width: 150px;\" src=\"http:\/\/acoustic-precision.fr\/wp-content\/uploads\/2021\/06\/london_dore.jpg\" alt=\"\" srcset=\"https:\/\/acoustic-precision.fr\/wp-content\/uploads\/2021\/06\/london_dore.jpg 350w, https:\/\/acoustic-precision.fr\/wp-content\/uploads\/2021\/06\/london_dore-300x256.jpg 300w\" sizes=\"(max-width: 350px) 100vw, 350px\" \/><\/td><\/tr><\/tbody><\/table><\/figure>\n\n\n\n<p><strong>DECCA LONDON&nbsp;: Une l\u00e9gende de l\u2019Audio<\/strong><\/p>\n\n\n\n<p>Les cellules phono lectrices LONDON utilisent un syst\u00e8me de lecture original&nbsp;: le stylet est positionn\u00e9 verticalement sans cantilever. Cette disposition exclusive \u00e0 la Marque est reconnue comme donnant un sentiment de rapidit\u00e9, de dynamisme et d&#8217;imm\u00e9diatet\u00e9 in\u00e9gal\u00e9e par les cellules plus conventionnelles.<\/p>\n\n\n\n<p><strong>acoustic precision diffusion<\/strong> distribue ces remarquables cellules<strong>. <em>En liaison avec le constructeur, nous assurons \u00e9galement divers services tels que nettoyage, r\u00e9vision, r\u00e9-\u00e9talonnage et retipping, disponibles pour les propri\u00e9taires existants.<\/em><\/strong><strong><em><\/em><\/strong><\/p>\n\n\n\n<p>Les cellules London sont absolument uniques \u00e0 la fois dans leur conception et dans leur performance. Leur rapport qualit\u00e9-prix est r\u00e9ellement surprenant car elles \u00e9galent ou surpassent la plupart des cellules de haut de gamme. Leur HAUT NIVEAU DE SORTIE simplifie la mise en \u0153uvre (<strong>5 mV<\/strong>).<a><\/a><\/p>\n\n\n\n<p><strong>En quoi une cellule LONDON est-elle diff\u00e9rente ?<\/strong><\/p>\n\n\n\n<p>En quoi une cellule REFERENCE LONDON est-elle diff\u00e9rente et pourquoi certains audiophiles l\u2019estiment sup\u00e9rieure \u00e0 toutes les autres ? Est-ce une cellule \u00e0 &#8220;bobine mobile&#8221; &#8220;ou \u00e0 &#8220;aimant mobile&#8221; ? \u2026.. Ni l\u2019un ni l\u2019autre !<\/p>\n\n\n\n<p>Les cellules &#8220;classiques&#8221; \u00e0 bobine ou aimant mobile ont leur stylet mont\u00e9 \u00e0 l&#8217;extr\u00e9mit\u00e9 d&#8217;un long tube mince (cantilever) reli\u00e9 \u00e0 une bobine de fil ou \u00e0 un aimant. Au point d&#8217;appui, une partie \u00e9lastique constitue le pivot qui permet \u00e0 l\u2019assemblage stylet \/ cantilever de suivre les inflexions du sillon du disque. La partie avant du cantilever, qui tient le stylet, est beaucoup plus longue que la partie arri\u00e8re qui est attach\u00e9e \u00e0 la bobine ou un aimant ; c\u2019est pourquoi un grand mouvement du stylet se transforme en un mouvement plus petit \u00e0 la bobine ou \u00e0 l\u2019aimant. Ceci explique probablement pourquoi les cellules \u00ab \u00e0 cantilever \u00bb manquent parfois cruellement de rapidit\u00e9 dans les attaques transitoires et paraissent dynamiquement compress\u00e9es.<\/p>\n\n\n\n<p>Les Ing\u00e9nieurs London sugg\u00e8rent que ce probl\u00e8me de dynamique et de r\u00e9ponse transitoire est aggrav\u00e9 par l\u2019\u00e9lasticit\u00e9 du point d&#8217;appui lui-m\u00eame (vieillissant souvent mal) et qui a tendance \u00e0 absorber une quantit\u00e9 importante du mouvement g\u00e9n\u00e9r\u00e9 par le stylet avant qu&#8217;il puisse atteindre le g\u00e9n\u00e9rateur \u00e9lectrique constitu\u00e9 par la bobine ou l\u2019aimant. Il en r\u00e9sulte un voile sur la reproduction musicale attribu\u00e9 au \u2018\u2019trainage\u2019\u2019 du cantilever.<\/p>\n\n\n\n<p>Une LONDON n&#8217;a pas de long cantilever ni de point d&#8217;appui \u00e9lastique susceptibles d&#8217;absorber, de dissiper ou de polluer l&#8217;\u00e9nergie vitale de la musique. Le stylet est directement attach\u00e9 \u00e0 une armature m\u00e9tallique magn\u00e9tique de quelques microm\u00e8tres d&#8217;\u00e9paisseur. Cette armature passe par le centre de la bobine g\u00e9n\u00e9ratrice principale positionn\u00e9e \u00e0 environ 1 millim\u00e8tre seulement au-dessus du stylet. Le mouvement du stylet n&#8217;est pas invers\u00e9 ou diminu\u00e9, comme dans les conceptions \u00e0 cantilever long. Il d\u00e9coule de cette lecture directe du sillon un r\u00e9alisme de la reproduction musicale r\u00e9ellement \u00e9poustouflant.<\/p>\n\n\n\n<div class=\"wp-block-image\"><figure class=\"aligncenter size-large\"><img loading=\"lazy\" width=\"346\" height=\"288\" src=\"http:\/\/acoustic-precision.fr\/wp-content\/uploads\/2021\/06\/london-cartridge-diagram.jpg\" alt=\"\" class=\"wp-image-1019\" srcset=\"https:\/\/acoustic-precision.fr\/wp-content\/uploads\/2021\/06\/london-cartridge-diagram.jpg 346w, https:\/\/acoustic-precision.fr\/wp-content\/uploads\/2021\/06\/london-cartridge-diagram-300x250.jpg 300w\" sizes=\"(max-width: 346px) 100vw, 346px\" \/><\/figure><\/div>\n\n\n\n<h2>La gamme compl\u00e8te<\/h2>\n\n\n\n<h2>&nbsp;<\/h2>\n\n\n\n<figure class=\"wp-block-table aligncenter\"><table><tbody><tr><td>&nbsp;<\/td><td class=\"has-text-align-right\" data-align=\"right\"><strong>London Reference Phono Cartridge<\/strong><\/td><\/tr><tr><td><img loading=\"lazy\" width=\"288\" height=\"191\" class=\"wp-image-1020\" style=\"width: 1500px;\" src=\"http:\/\/acoustic-precision.fr\/wp-content\/uploads\/2021\/06\/tableau1-1.png\" alt=\"\"><br><em>Ultra Low Mass Fine Line<\/em><\/td><td class=\"has-text-align-right\" data-align=\"right\"><em>\u201cWith dynamics, timbres, definition, imaging, and spatial cues eclipsing all other designs I have ever heard, the London even tracks flawlessly!&#8230;<\/em> <em>Recommended for the ultimate audiophile who wants to get past the flavour of the day phono cartridge playback and get there already! WOW, what a cartridge! Special heartfelt thanks and kudos to Brian Smith for a job well done in the service of recorded music and audiophiles everywhere who love LP\u2019s. You have bestowed on the London Reference the shock and awe of live music in real space!\u201d<\/em> <em>&nbsp;<\/em>Robert H. Levi POSITIVE FEEDBACK (USA)<\/td><\/tr><tr><td>&nbsp;<\/td><td class=\"has-text-align-right\" data-align=\"right\"><strong>London Jubilee Phono Cartridge<\/strong><\/td><\/tr><tr><td><img loading=\"lazy\" width=\"410\" height=\"252\" class=\"wp-image-1021\" style=\"width: 1500px;\" src=\"http:\/\/acoustic-precision.fr\/wp-content\/uploads\/2021\/06\/tableau2-1.jpg\" alt=\"\" srcset=\"https:\/\/acoustic-precision.fr\/wp-content\/uploads\/2021\/06\/tableau2-1.jpg 410w, https:\/\/acoustic-precision.fr\/wp-content\/uploads\/2021\/06\/tableau2-1-300x184.jpg 300w\" sizes=\"(max-width: 410px) 100vw, 410px\" \/><\/td><td class=\"has-text-align-right\" data-align=\"right\"><em>&#8220;Amazing! Incredible! Fantastic! These were the words that sprang to mind when auditioning the London Jubilee&#8230;the sheer detail and vividness of the Jubilee bowled me over&#8230;brings music to life like no other.&#8221;<\/em> <strong>Jubilee, Hi-Fi Choice,.<\/strong> En MONO, recommand\u00e9e pour les microsillons \u00e0 partir de 1954&nbsp;. &nbsp;<\/td><\/tr><tr><td><em>Extended Line Contact<\/em><\/td><td class=\"has-text-align-right\" data-align=\"right\">&nbsp;<\/td><\/tr><tr><td><\/td><td class=\"has-text-align-right\" data-align=\"right\"><strong>London Super Gold, <\/strong><strong>Phono Cartridge<\/strong><strong><\/strong><\/td><\/tr><tr><td><img loading=\"lazy\" width=\"100\" height=\"100\" class=\"wp-image-1022\" style=\"width: 1500px;\" src=\"http:\/\/acoustic-precision.fr\/wp-content\/uploads\/2021\/06\/tableau3-1.jpg\" alt=\"\"><\/td><td class=\"has-text-align-right\" data-align=\"right\"><em>&#8220;Sound was glorious, with superb image placement, powerful bass and detail retrieval of the highest order&#8230; the finest cartridge I&#8217;ve heard in my 40 years in the industry.&#8221;<\/em> En MONO, recommand\u00e9e pour les microsillons \u00e0 partir de 1954.<\/td><\/tr><tr><td><em>Extended Line Contact<\/em><\/td><td class=\"has-text-align-right\" data-align=\"right\">&nbsp;<\/td><\/tr><tr><td>&nbsp;<\/td><td class=\"has-text-align-right\" data-align=\"right\"><strong>&nbsp;<\/strong><strong>London Gold, <\/strong><strong>Phono Cartridge<\/strong><strong><\/strong><\/td><\/tr><tr><td><img loading=\"lazy\" width=\"204\" height=\"247\" class=\"wp-image-1023\" style=\"width: 1500px;\" src=\"http:\/\/acoustic-precision.fr\/wp-content\/uploads\/2021\/06\/tableau4-1.jpg\" alt=\"\"><\/td><td class=\"has-text-align-right\" data-align=\"right\">&nbsp; Habillage et g\u00e9n\u00e9rateur identique \u00e0 la SUPER GOLD ci-dessus. La Gold procure environ 80\/85% de l\u2019extraordinaire r\u00e9alisme musical de la Jubilee.<\/td><\/tr><tr><td><em>Elliptical <\/em><em>diamond stylus<\/em><\/td><td class=\"has-text-align-right\" data-align=\"right\"><strong>&nbsp;<\/strong><\/td><\/tr><tr><td>&nbsp;<\/td><td class=\"has-text-align-right\" data-align=\"right\"><strong>London Decca Maroon Phono Cartridge<\/strong><\/td><\/tr><tr><td><img loading=\"lazy\" width=\"100\" height=\"100\" class=\"wp-image-1024\" style=\"width: 1500px;\" src=\"http:\/\/acoustic-precision.fr\/wp-content\/uploads\/2021\/06\/tableau5.jpg\" alt=\"\"><\/td><td class=\"has-text-align-right\" data-align=\"right\">Habillage et g\u00e9n\u00e9rateur identique \u00e0 la GOLD ci-dessus. La Maroon procure environ 75\/80% de l\u2019extraordinaire r\u00e9alisme musical de la Jubilee. Recommand\u00e9e en version MONO pour les 78 tours (diamant sph\u00e9rique de diam\u00e8tre 72 microns) et pour les premiers microsillons.<\/td><\/tr><tr><td><em>Spherical<\/em> <em>diamond stylus<\/em><\/td><td class=\"has-text-align-right\" data-align=\"right\">&nbsp;<\/td><\/tr><\/tbody><\/table><\/figure>\n\n\n\n<p><strong>L\u2019\u00e9coute<\/strong><\/p>\n\n\n\n<p>Sur toutes les LONDON, une feuille de m\u00e9tal magn\u00e9tique, l\u00e9g\u00e8re, mince et tr\u00e8s courte, porte le stylet ; cette feuille constitue l&#8217;ensemble du syst\u00e8me en mouvement. La masse mobile est donc beaucoup plus l\u00e9g\u00e8re que dans les mod\u00e8les classiques \u00e0 bobine mobile ou \u00e0 aimant mobile \u2026 et c\u2019est peut-\u00eatre le fondement de leur succ\u00e8s incroyable.<\/p>\n\n\n\n<p>Il a \u00e9t\u00e9 dit que les London &#8220;suent la musicalit\u00e9&#8221;<\/p>\n\n\n\n<p>La premi\u00e8re impression est de vivre la musique en direct, d\u00e9part et extinction de notes sont d\u2019un r\u00e9alisme inou\u00ef. Revenir ensuite \u00e0 une cellule plus conventionnelle moyenne donne un sentiment de reproduction froide et d\u00e9pourvue de vie. Les personnes ayant une perte auditive l\u00e9g\u00e8re ne per\u00e7oivent pas toujours cette absence d\u2019inertie dans la lecture de l\u2019enregistrement, pourtant souvent consid\u00e9r\u00e9e comme un crit\u00e8re essentiel.<\/p>\n\n\n\n<p>Ce que l\u2019on ressent ensuite est l\u2019\u00e9tonnante plage dynamique qui rend la reproduction vivante et agr\u00e9able m\u00eame \u00e0 faible volume. \u00c0 des niveaux normaux ou forts, elle permet une exp\u00e9rience passionnante et tr\u00e8s divertissante.<\/p>\n\n\n\n<p>A ces deux points forts imm\u00e9diatement perceptibles, les cellules LONDON ajoutent ce qui fait l\u2019apanage des \u00ab&nbsp;grandes&nbsp;\u00bb cellules&nbsp;: acuit\u00e9 et r\u00e9alisme des timbres, d\u00e9licatesse des nuances, pr\u00e9cision et profondeur de l\u2019image.<\/p>\n\n\n\n<p>Comme tout produit Haute-Fid\u00e9lit\u00e9, les cellules LONDON ont leurs z\u00e9lateurs passionn\u00e9s et leurs d\u00e9tracteurs non moins convaincus. Il faut simplement reconna\u00eetre que dans un bon syst\u00e8me avec la bonne mise en \u0153uvre, ces cellules sont in\u00e9gal\u00e9es pour faire vivre la musique.<\/p>\n\n\n\n<p>L&#8217;auditeur a le sentiment que les artistes sont en fait dans la m\u00eame pi\u00e8ce, avec une pr\u00e9sence palpable surprenante.<\/p>\n\n\n\n<div class=\"wp-block-image\"><figure class=\"aligncenter size-large\"><img loading=\"lazy\" width=\"323\" height=\"328\" src=\"http:\/\/acoustic-precision.fr\/wp-content\/uploads\/2021\/06\/London-Ref.jpg\" alt=\"\" class=\"wp-image-1027\" srcset=\"https:\/\/acoustic-precision.fr\/wp-content\/uploads\/2021\/06\/London-Ref.jpg 323w, https:\/\/acoustic-precision.fr\/wp-content\/uploads\/2021\/06\/London-Ref-295x300.jpg 295w\" sizes=\"(max-width: 323px) 100vw, 323px\" \/><\/figure><\/div>\n\n\n\n<div class=\"wp-block-file\"><a href=\"http:\/\/acoustic-precision.fr\/wp-content\/uploads\/2021\/06\/LONDON-Cellules.pdf\" target=\"_blank\" rel=\"noreferrer noopener\">LONDON-Cellules<\/a><\/div>\n\n\n\n<div class=\"wp-block-file\"><a href=\"http:\/\/acoustic-precision.fr\/wp-content\/uploads\/2021\/06\/LONDON-DECCA-Stereophile.pdf\" target=\"_blank\" rel=\"noreferrer noopener\">LONDON-DECCA-Stereophile<\/a><\/div>\n","protected":false},"excerpt":{"rendered":"<p>LONDON DECCACellules Haut Niveau DECCA LONDON&nbsp;: Une l\u00e9gende de l\u2019Audio Les cellules phono lectrices LONDON utilisent un syst\u00e8me de lecture original&nbsp;: le stylet est positionn\u00e9 verticalement sans cantilever. Cette disposition exclusive \u00e0 la Marque est reconnue comme donnant un sentiment de rapidit\u00e9, de dynamisme et d&#8217;imm\u00e9diatet\u00e9 in\u00e9gal\u00e9e par les cellules plus conventionnelles. acoustic precision diffusion [&hellip;]<\/p>\n","protected":false},"author":1,"featured_media":0,"parent":0,"menu_order":0,"comment_status":"closed","ping_status":"closed","template":"","meta":[],"_links":{"self":[{"href":"https:\/\/acoustic-precision.fr\/index.php\/wp-json\/wp\/v2\/pages\/142"}],"collection":[{"href":"https:\/\/acoustic-precision.fr\/index.php\/wp-json\/wp\/v2\/pages"}],"about":[{"href":"https:\/\/acoustic-precision.fr\/index.php\/wp-json\/wp\/v2\/types\/page"}],"author":[{"embeddable":true,"href":"https:\/\/acoustic-precision.fr\/index.php\/wp-json\/wp\/v2\/users\/1"}],"replies":[{"embeddable":true,"href":"https:\/\/acoustic-precision.fr\/index.php\/wp-json\/wp\/v2\/comments?post=142"}],"version-history":[{"count":4,"href":"https:\/\/acoustic-precision.fr\/index.php\/wp-json\/wp\/v2\/pages\/142\/revisions"}],"predecessor-version":[{"id":1030,"href":"https:\/\/acoustic-precision.fr\/index.php\/wp-json\/wp\/v2\/pages\/142\/revisions\/1030"}],"wp:attachment":[{"href":"https:\/\/acoustic-precision.fr\/index.php\/wp-json\/wp\/v2\/media?parent=142"}],"curies":[{"name":"wp","href":"https:\/\/api.w.org\/{rel}","templated":true}]}}