{"id":136,"date":"2021-04-12T15:19:26","date_gmt":"2021-04-12T13:19:26","guid":{"rendered":"https:\/\/acousticprecision.wordpress.com\/?page_id=136"},"modified":"2021-06-07T22:07:45","modified_gmt":"2021-06-07T20:07:45","slug":"acteon","status":"publish","type":"page","link":"https:\/\/acoustic-precision.fr\/index.php\/acteon\/","title":{"rendered":"ACTEON"},"content":{"rendered":"\n<div class=\"wp-block-jetpack-layout-grid alignfull column1-desktop-grid__span-4 column1-desktop-grid__start-3 column1-desktop-grid__row-1 column2-desktop-grid__span-4 column2-desktop-grid__start-7 column2-desktop-grid__row-1 column1-tablet-grid__span-4 column1-tablet-grid__row-1 column2-tablet-grid__span-4 column2-tablet-grid__start-5 column2-tablet-grid__row-1 column1-mobile-grid__span-4 column1-mobile-grid__row-1 column2-mobile-grid__span-4 column2-mobile-grid__row-2 are-vertically-aligned-center\">\n<div class=\"wp-block-jetpack-layout-grid-column wp-block-jetpack-layout-grid__padding-none is-vertically-aligned-center\">\n<div class=\"wp-block-image\"><figure class=\"aligncenter size-large\"><img loading=\"lazy\" width=\"371\" height=\"79\" src=\"http:\/\/acoustic-precision.fr\/wp-content\/uploads\/2021\/06\/logo_acteon.jpg\" alt=\"\" class=\"wp-image-993\" srcset=\"https:\/\/acoustic-precision.fr\/wp-content\/uploads\/2021\/06\/logo_acteon.jpg 371w, https:\/\/acoustic-precision.fr\/wp-content\/uploads\/2021\/06\/logo_acteon-300x64.jpg 300w\" sizes=\"(max-width: 371px) 100vw, 371px\" \/><\/figure><\/div>\n\n\n\n<p class=\"has-text-align-center\"><strong>Accessoires &amp; Vinyle<\/strong><\/p>\n<\/div>\n\n\n\n<div class=\"wp-block-jetpack-layout-grid-column wp-block-jetpack-layout-grid__padding-none is-vertically-aligned-center\">\n<div class=\"wp-block-image\"><figure class=\"aligncenter size-large\"><img loading=\"lazy\" width=\"453\" height=\"326\" src=\"http:\/\/acoustic-precision.fr\/wp-content\/uploads\/2021\/06\/1.png\" alt=\"\" class=\"wp-image-994\" srcset=\"https:\/\/acoustic-precision.fr\/wp-content\/uploads\/2021\/06\/1.png 453w, https:\/\/acoustic-precision.fr\/wp-content\/uploads\/2021\/06\/1-300x216.png 300w\" sizes=\"(max-width: 453px) 100vw, 453px\" \/><\/figure><\/div>\n<\/div>\n<\/div>\n\n\n\n<p><strong>ACT\u00c9ON&nbsp; dans le temps<\/strong><\/p>\n\n\n\n<p>Les produits ACTEON s\u2019inscrivent autour de la reproduction des disques vinyle avec des accessoires permettant de sublimer leur reproduction.<\/p>\n\n\n\n<p>Dans la mythologie grecque, la l\u00e9gende d\u2019<strong>Act\u00e9on<\/strong> illustre un chasseur victime de sa passion, \u00e0 l\u2019instar de celle que Denis Lemonne nourrit depuis plusieurs d\u00e9cennies pour la reproduction haute-fid\u00e9lit\u00e9.&nbsp;<\/p>\n\n\n\n<p>Tour \u00e0 tour fabriquant puis consultant au sein de soci\u00e9t\u00e9s \u00e0 la renomm\u00e9e enviable dans le domaine de l\u2019\u00e9lectroacoustique, comme Evolute, puis <strong>LEM<\/strong>, cr\u00e9e par son p\u00e8re (3 premi\u00e8res lettres de son patronyme) et qui a fabriqu\u00e9 des microphones pour l\u2019ORTF.<\/p>\n\n\n\n<p>Tout jeune Denis lan\u00e7a sa propre marque en concevant une enceinte biblioth\u00e8que renomm\u00e9e : la <strong>Profil 01<\/strong>, puis d\u00e9j\u00e0 les transformateurs pour cellules MC <em>Le Cube<\/em>.<\/p>\n\n\n\n<p>\u00c9ternel passionn\u00e9 insatisfait, Denis livre maintenant ses derni\u00e8res cr\u00e9ations sous la marque <strong>Act\u00e9on<\/strong>, passerelle entre le vintage h\u00e9rit\u00e9 de son p\u00e8re et la technologie d\u2019aujourd\u2019hui, avec toujours comme objectif de satisfaire l\u2019exigence des audiophiles et des amoureux de la marque.<\/p>\n\n\n\n<p class=\"has-text-align-center\"><strong>MELODI MC STEP-UP<\/strong><\/p>\n\n\n\n<figure class=\"wp-block-image size-large\"><img loading=\"lazy\" width=\"1024\" height=\"740\" src=\"http:\/\/acoustic-precision.fr\/wp-content\/uploads\/2021\/06\/melodi-1-1600-1024x740.jpg\" alt=\"\" class=\"wp-image-996\" srcset=\"https:\/\/acoustic-precision.fr\/wp-content\/uploads\/2021\/06\/melodi-1-1600-1024x740.jpg 1024w, https:\/\/acoustic-precision.fr\/wp-content\/uploads\/2021\/06\/melodi-1-1600-300x217.jpg 300w, https:\/\/acoustic-precision.fr\/wp-content\/uploads\/2021\/06\/melodi-1-1600-768x555.jpg 768w, https:\/\/acoustic-precision.fr\/wp-content\/uploads\/2021\/06\/melodi-1-1600-1536x1110.jpg 1536w, https:\/\/acoustic-precision.fr\/wp-content\/uploads\/2021\/06\/melodi-1-1600-1200x867.jpg 1200w, https:\/\/acoustic-precision.fr\/wp-content\/uploads\/2021\/06\/melodi-1-1600.jpg 1600w\" sizes=\"(max-width: 1024px) 100vw, 1024px\" \/><\/figure>\n\n\n\n<p><strong>Act\u00e9on<\/strong> propose des transformateurs pour cellule bobine mobile bas niveau (MC SET-UP) d\u2019une qualit\u00e9 exceptionnelle, comportant 4 enroulements s\u00e9par\u00e9s au primaire, et s\u2019appuyant sur l\u2019expertise de LEM dans la r\u00e9alisation de transformateurs pour ses microphones professionnels.<\/p>\n\n\n\n<p>Ces transformateurs, un par canal, sont constitu\u00e9s de circuits \u00e0 base de t\u00f4les nickel chrome et silicium \u00e0 grain orient\u00e9.<\/p>\n\n\n\n<p>Bobin\u00e9s avec le plus grand soin en fil de cuivre pur \u00e9maill\u00e9&nbsp;\u2205 0,1 mm guip\u00e9 soie silicon\u00e9e.<\/p>\n\n\n\n<p>Chaque transfo est isol\u00e9 par un blindage mum\u00e9tal garantissant une protection optimale aux pollutions \u00e9lectro-magn\u00e9tiques n\u00e9fastes \u00e0 la reproduction, puis impr\u00e9gn\u00e9s \u00e0 l\u2019\u00e9poxy dans leur boitier afin de garantir une immunit\u00e9 aux vibrations ext\u00e9rieures.<\/p>\n\n\n\n<p><em>&#8211; Particularit\u00e9 unique :&nbsp;<\/em><\/p>\n\n\n\n<p>Les 4 enroulements c\u00f4t\u00e9 cellule permettent d\u2019adapter l\u2019imp\u00e9dance de toute MC comprise entre 5 et 100 ohms garantissant une grande universalit\u00e9, avec 5 options possibles \u00e0 la demande :<\/p>\n\n\n\n<p><strong>Imp\u00e9dances pour charges de cellules possibles :&nbsp;<\/strong><\/p>\n\n\n\n<p>\u2013 5-20 ohms SPU \/ LYRA DELOS, KLEOS, ETNA<strong> <strong>\u03bb<\/strong><\/strong>&nbsp;&amp; ATLAS<strong> \u03bb<\/strong> (version sp\u00e9ciale pour mod\u00e8le SL)<\/p>\n\n\n\n<p>\u2013 20-40 ohms EMT TSD15<\/p>\n\n\n\n<p>\u2013 40-60 ohms EMT JSD5\/6, DL103<\/p>\n\n\n\n<p>\u2013 60-80 ohms<\/p>\n\n\n\n<p>\u2013 80-100 ohms BENZ<\/p>\n\n\n\n<p>Des connecteurs RCA de qualit\u00e9, plaqu\u00e9s or et isol\u00e9s T\u00e9flon, ainsi que la prise de masse, vous permettent des connections sans perte de dynamique ni d\u00e9gradation du signal.<\/p>\n\n\n\n<p>L\u2019ensemble de ces caract\u00e9ristiques techniques vous garantissent une interface passive entre la cellule et le pr\u00e9ampli phono capable de procurer l\u2019\u00e9motion musicale intacte que vous attendez du vinyle.<\/p>\n\n\n\n<div class=\"wp-block-group alignfull\"><div class=\"wp-block-group__inner-container\">\n<div class=\"wp-block-jetpack-layout-grid alignfull column1-desktop-grid__span-5 column1-desktop-grid__start-2 column1-desktop-grid__row-1 column2-desktop-grid__span-5 column2-desktop-grid__start-7 column2-desktop-grid__row-1 column1-tablet-grid__span-4 column1-tablet-grid__row-1 column2-tablet-grid__span-4 column2-tablet-grid__start-5 column2-tablet-grid__row-1 column1-mobile-grid__span-4 column1-mobile-grid__row-1 column2-mobile-grid__span-4 column2-mobile-grid__row-2\">\n<div class=\"wp-block-jetpack-layout-grid-column wp-block-jetpack-layout-grid__padding-none is-vertically-aligned-top\">\n<p class=\"has-text-align-center\"><strong>THE WIZARD\u00a0 MAT<\/strong><\/p>\n\n\n\n<figure class=\"wp-block-image size-large\"><img loading=\"lazy\" width=\"1024\" height=\"768\" src=\"http:\/\/acoustic-precision.fr\/wp-content\/uploads\/2021\/06\/wizard-3-1600-1024x768.jpg\" alt=\"\" class=\"wp-image-998\" srcset=\"https:\/\/acoustic-precision.fr\/wp-content\/uploads\/2021\/06\/wizard-3-1600-1024x768.jpg 1024w, https:\/\/acoustic-precision.fr\/wp-content\/uploads\/2021\/06\/wizard-3-1600-300x225.jpg 300w, https:\/\/acoustic-precision.fr\/wp-content\/uploads\/2021\/06\/wizard-3-1600-768x576.jpg 768w, https:\/\/acoustic-precision.fr\/wp-content\/uploads\/2021\/06\/wizard-3-1600-1536x1152.jpg 1536w, https:\/\/acoustic-precision.fr\/wp-content\/uploads\/2021\/06\/wizard-3-1600-1200x900.jpg 1200w, https:\/\/acoustic-precision.fr\/wp-content\/uploads\/2021\/06\/wizard-3-1600.jpg 1600w\" sizes=\"(max-width: 1024px) 100vw, 1024px\" \/><\/figure>\n<\/div>\n\n\n\n<div class=\"wp-block-jetpack-layout-grid-column wp-block-jetpack-layout-grid__padding-none\">\n<p>Apr\u00e8s avoir test\u00e9 un certain nombre de couvre-plateaux, de toute composition aux mati\u00e8res des plus souples aux plus rigides, Act\u00e9on a d\u00e9velopp\u00e9 ce couvre-plateau adapt\u00e9 \u00e0 toutes les platines (except\u00e9es celles avec plateau aspirant).<\/p>\n\n\n\n<p>THE WIZARD est \u00e0 la fois l\u00e9ger, semi-rigide, non m\u00e9tallique et d\u2019une \u00e9paisseur raisonnable de 3 mm. Il apporte dynamique et absence de coloration tout en pr\u00e9servant la bande passante, particuli\u00e8rement aux deux extr\u00e9mit\u00e9s du spectre.<\/p>\n\n\n\n<p>Le rev\u00eatement antistatique sup\u00e9rieur favorise l\u2019\u00e9coulement des charges en surface. Associ\u00e9 avec le mat\u00e9riau semi-rigide, il assure une interface id\u00e9ale entre le disque et le plateau, favorisant au mieux le travail de la cellule.<\/p>\n\n\n\n<p>Un ajustage fin de la VTA sera un plus pour un r\u00e9glage optimal.<\/p>\n<\/div>\n<\/div>\n<\/div><\/div>\n\n\n\n<div class=\"wp-block-jetpack-layout-grid alignfull column1-desktop-grid__span-5 column1-desktop-grid__start-2 column1-desktop-grid__row-1 column2-desktop-grid__span-5 column2-desktop-grid__start-7 column2-desktop-grid__row-1 column1-tablet-grid__span-4 column1-tablet-grid__row-1 column2-tablet-grid__span-4 column2-tablet-grid__start-5 column2-tablet-grid__row-1 column1-mobile-grid__span-4 column1-mobile-grid__row-1 column2-mobile-grid__span-4 column2-mobile-grid__row-2\">\n<div class=\"wp-block-jetpack-layout-grid-column wp-block-jetpack-layout-grid__padding-none is-vertically-aligned-top\">\n<p><strong>LP BRUSH CLEANING DUST<\/strong><\/p>\n\n\n\n<figure class=\"wp-block-image size-large\"><img loading=\"lazy\" width=\"1024\" height=\"740\" src=\"http:\/\/acoustic-precision.fr\/wp-content\/uploads\/2021\/06\/lp-brush-brosse-antistatic-fluid-1600-1024x740.jpg\" alt=\"\" class=\"wp-image-999\" srcset=\"https:\/\/acoustic-precision.fr\/wp-content\/uploads\/2021\/06\/lp-brush-brosse-antistatic-fluid-1600-1024x740.jpg 1024w, https:\/\/acoustic-precision.fr\/wp-content\/uploads\/2021\/06\/lp-brush-brosse-antistatic-fluid-1600-300x217.jpg 300w, https:\/\/acoustic-precision.fr\/wp-content\/uploads\/2021\/06\/lp-brush-brosse-antistatic-fluid-1600-768x555.jpg 768w, https:\/\/acoustic-precision.fr\/wp-content\/uploads\/2021\/06\/lp-brush-brosse-antistatic-fluid-1600-1536x1110.jpg 1536w, https:\/\/acoustic-precision.fr\/wp-content\/uploads\/2021\/06\/lp-brush-brosse-antistatic-fluid-1600-1200x867.jpg 1200w, https:\/\/acoustic-precision.fr\/wp-content\/uploads\/2021\/06\/lp-brush-brosse-antistatic-fluid-1600.jpg 1600w\" sizes=\"(max-width: 1024px) 100vw, 1024px\" \/><\/figure>\n<\/div>\n\n\n\n<div class=\"wp-block-jetpack-layout-grid-column wp-block-jetpack-layout-grid__padding-none\">\n<p>Inconditionnel de la lecture vinyle et apr\u00e8s avoir tout essay\u00e9 (ou presque) en termes d\u2019accessoires, Act\u00e9on propose une solution atypique sous forme d\u2019un pinceau aux fibres multiples ultrafines permettant sans pression excessive sur le disque de le d\u00e9barrasser des poussi\u00e8res.<\/p>\n\n\n\n<p>Encapsul\u00e9 et prot\u00e9g\u00e9 des charges \u00e9lectrostatiques ext\u00e9rieures, le LP BRUSH CLEANING DUST avec l\u2019action conjugu\u00e9e de son liquide ANTISTATIC FLUID, permet d\u2019\u00e9liminer les poussi\u00e8res et les charges statiques de vos vinyles en toute s\u00e9curit\u00e9 et de mani\u00e8re durable.<\/p>\n<\/div>\n<\/div>\n\n\n\n<figure class=\"wp-block-table alignwide\"><table><tbody><tr><td class=\"has-text-align-center\" data-align=\"center\"><strong>THE WIZARD\u00a0 MAT<\/strong><br><img loading=\"lazy\" width=\"1600\" height=\"1200\" class=\"wp-image-998\" style=\"width: 150px;\" src=\"http:\/\/acoustic-precision.fr\/wp-content\/uploads\/2021\/06\/wizard-3-1600.jpg\" alt=\"\" srcset=\"https:\/\/acoustic-precision.fr\/wp-content\/uploads\/2021\/06\/wizard-3-1600.jpg 1600w, https:\/\/acoustic-precision.fr\/wp-content\/uploads\/2021\/06\/wizard-3-1600-300x225.jpg 300w, https:\/\/acoustic-precision.fr\/wp-content\/uploads\/2021\/06\/wizard-3-1600-1024x768.jpg 1024w, https:\/\/acoustic-precision.fr\/wp-content\/uploads\/2021\/06\/wizard-3-1600-768x576.jpg 768w, https:\/\/acoustic-precision.fr\/wp-content\/uploads\/2021\/06\/wizard-3-1600-1536x1152.jpg 1536w, https:\/\/acoustic-precision.fr\/wp-content\/uploads\/2021\/06\/wizard-3-1600-1200x900.jpg 1200w\" sizes=\"(max-width: 1600px) 100vw, 1600px\" \/><\/td><td>Apr\u00e8s avoir test\u00e9 un certain nombre de couvre-plateaux, de toute composition aux mati\u00e8res des plus souples aux plus rigides, Act\u00e9on&nbsp;a d\u00e9velopp\u00e9 ce couvre-plateau adapt\u00e9 \u00e0 toutes les platines (except\u00e9es celles avec plateau aspirant).<br><br>THE WIZARD&nbsp;est \u00e0 la fois l\u00e9ger, semi-rigide,&nbsp;non m\u00e9tallique&nbsp;et d\u2019une \u00e9paisseur raisonnable de 3 mm. Il apporte dynamique et absence de coloration tout en pr\u00e9servant la bande passante, particuli\u00e8rement aux deux extr\u00e9mit\u00e9s du spectre.<br><br>Le rev\u00eatement antistatique&nbsp;sup\u00e9rieur favorise l\u2019\u00e9coulement des charges en surface. Associ\u00e9 avec le mat\u00e9riau semi-rigide, il assure une interface id\u00e9ale entre le disque et le plateau, favorisant au mieux le travail de la cellule.<br><br>Un ajustage fin de la VTA sera un plus pour un r\u00e9glage optimal.<\/td><\/tr><tr><td class=\"has-text-align-center\" data-align=\"center\"><strong>LP BRUSH CLEANING DUST<\/strong><br><img loading=\"lazy\" width=\"1600\" height=\"1156\" class=\"wp-image-999\" style=\"width: 150px;\" src=\"http:\/\/acoustic-precision.fr\/wp-content\/uploads\/2021\/06\/lp-brush-brosse-antistatic-fluid-1600.jpg\" alt=\"\" srcset=\"https:\/\/acoustic-precision.fr\/wp-content\/uploads\/2021\/06\/lp-brush-brosse-antistatic-fluid-1600.jpg 1600w, https:\/\/acoustic-precision.fr\/wp-content\/uploads\/2021\/06\/lp-brush-brosse-antistatic-fluid-1600-300x217.jpg 300w, https:\/\/acoustic-precision.fr\/wp-content\/uploads\/2021\/06\/lp-brush-brosse-antistatic-fluid-1600-1024x740.jpg 1024w, https:\/\/acoustic-precision.fr\/wp-content\/uploads\/2021\/06\/lp-brush-brosse-antistatic-fluid-1600-768x555.jpg 768w, https:\/\/acoustic-precision.fr\/wp-content\/uploads\/2021\/06\/lp-brush-brosse-antistatic-fluid-1600-1536x1110.jpg 1536w, https:\/\/acoustic-precision.fr\/wp-content\/uploads\/2021\/06\/lp-brush-brosse-antistatic-fluid-1600-1200x867.jpg 1200w\" sizes=\"(max-width: 1600px) 100vw, 1600px\" \/><img class=\"wp-image-233\" style=\"width: 150px;\" src=\"http:\/\/acoustic-precision.fr\/wordpress\/wp-content\/uploads\/2021\/04\/lp-brush-brosse-antistatic-fluid-1600.jpg\" alt=\"\"><\/td><td>Inconditionnel de la lecture vinyle et apr\u00e8s avoir tout essay\u00e9 (ou presque) en termes d\u2019accessoires, Act\u00e9on&nbsp;propose une solution atypique sous forme d\u2019un pinceau aux fibres multiples ultrafines permettant sans pression excessive sur le disque de le d\u00e9barrasser des poussi\u00e8res.<br><br>Encapsul\u00e9 et prot\u00e9g\u00e9 des charges \u00e9lectrostatiques ext\u00e9rieures, le LP BRUSH CLEANING DUST avec l\u2019action conjugu\u00e9e de son liquide ANTISTATIC FLUID,&nbsp;permet d\u2019\u00e9liminer les poussi\u00e8res et les charges statiques de vos vinyles en toute s\u00e9curit\u00e9 et de mani\u00e8re durable.<\/td><\/tr><\/tbody><\/table><\/figure>\n\n\n\n<div class=\"wp-block-file\"><a href=\"http:\/\/acoustic-precision.fr\/wp-content\/uploads\/2021\/06\/ACTEON-vinyle.pdf\" target=\"_blank\" rel=\"noreferrer noopener\">ACTEON-vinyle<\/a><\/div>\n\n\n\n<p><\/p>\n","protected":false},"excerpt":{"rendered":"<p>ACT\u00c9ON&nbsp; dans le temps Les produits ACTEON s\u2019inscrivent autour de la reproduction des disques vinyle avec des accessoires permettant de sublimer leur reproduction. Dans la mythologie grecque, la l\u00e9gende d\u2019Act\u00e9on illustre un chasseur victime de sa passion, \u00e0 l\u2019instar de celle que Denis Lemonne nourrit depuis plusieurs d\u00e9cennies pour la reproduction haute-fid\u00e9lit\u00e9.&nbsp; Tour \u00e0 tour [&hellip;]<\/p>\n","protected":false},"author":1,"featured_media":0,"parent":0,"menu_order":0,"comment_status":"closed","ping_status":"closed","template":"","meta":[],"_links":{"self":[{"href":"https:\/\/acoustic-precision.fr\/index.php\/wp-json\/wp\/v2\/pages\/136"}],"collection":[{"href":"https:\/\/acoustic-precision.fr\/index.php\/wp-json\/wp\/v2\/pages"}],"about":[{"href":"https:\/\/acoustic-precision.fr\/index.php\/wp-json\/wp\/v2\/types\/page"}],"author":[{"embeddable":true,"href":"https:\/\/acoustic-precision.fr\/index.php\/wp-json\/wp\/v2\/users\/1"}],"replies":[{"embeddable":true,"href":"https:\/\/acoustic-precision.fr\/index.php\/wp-json\/wp\/v2\/comments?post=136"}],"version-history":[{"count":3,"href":"https:\/\/acoustic-precision.fr\/index.php\/wp-json\/wp\/v2\/pages\/136\/revisions"}],"predecessor-version":[{"id":1336,"href":"https:\/\/acoustic-precision.fr\/index.php\/wp-json\/wp\/v2\/pages\/136\/revisions\/1336"}],"wp:attachment":[{"href":"https:\/\/acoustic-precision.fr\/index.php\/wp-json\/wp\/v2\/media?parent=136"}],"curies":[{"name":"wp","href":"https:\/\/api.w.org\/{rel}","templated":true}]}}