{"id":104,"date":"2021-04-07T11:43:35","date_gmt":"2021-04-07T09:43:35","guid":{"rendered":"https:\/\/acousticprecision.wordpress.com\/?page_id=104"},"modified":"2021-06-08T13:11:10","modified_gmt":"2021-06-08T11:11:10","slug":"the-wand","status":"publish","type":"page","link":"https:\/\/acoustic-precision.fr\/index.php\/the-wand\/","title":{"rendered":"THE WAND"},"content":{"rendered":"\n<figure class=\"wp-block-image size-large\"><img loading=\"lazy\" width=\"772\" height=\"210\" src=\"http:\/\/acoustic-precision.fr\/wp-content\/uploads\/2021\/06\/Master_9in_assy_shaded_side.jpg\" alt=\"\" class=\"wp-image-1190\" srcset=\"https:\/\/acoustic-precision.fr\/wp-content\/uploads\/2021\/06\/Master_9in_assy_shaded_side.jpg 772w, https:\/\/acoustic-precision.fr\/wp-content\/uploads\/2021\/06\/Master_9in_assy_shaded_side-300x82.jpg 300w, https:\/\/acoustic-precision.fr\/wp-content\/uploads\/2021\/06\/Master_9in_assy_shaded_side-768x209.jpg 768w\" sizes=\"(max-width: 772px) 100vw, 772px\" \/><\/figure>\n\n\n\n<div class=\"wp-block-jetpack-layout-grid alignfull column1-desktop-grid__span-3 column1-desktop-grid__start-4 column1-desktop-grid__row-1 column2-desktop-grid__span-3 column2-desktop-grid__start-7 column2-desktop-grid__row-1 column1-tablet-grid__span-4 column1-tablet-grid__row-1 column2-tablet-grid__span-4 column2-tablet-grid__start-5 column2-tablet-grid__row-1 column1-mobile-grid__span-4 column1-mobile-grid__row-1 column2-mobile-grid__span-4 column2-mobile-grid__row-2 are-vertically-aligned-center\">\n<div class=\"wp-block-jetpack-layout-grid-column wp-block-jetpack-layout-grid__padding-none is-vertically-aligned-center\">\n<div class=\"wp-block-image\"><figure class=\"aligncenter size-large\"><img loading=\"lazy\" width=\"323\" height=\"66\" src=\"http:\/\/acoustic-precision.fr\/wp-content\/uploads\/2021\/06\/The-Wand-Logo.jpg\" alt=\"\" class=\"wp-image-977\" srcset=\"https:\/\/acoustic-precision.fr\/wp-content\/uploads\/2021\/06\/The-Wand-Logo.jpg 323w, https:\/\/acoustic-precision.fr\/wp-content\/uploads\/2021\/06\/The-Wand-Logo-300x61.jpg 300w\" sizes=\"(max-width: 323px) 100vw, 323px\" \/><\/figure><\/div>\n<\/div>\n\n\n\n<div class=\"wp-block-jetpack-layout-grid-column wp-block-jetpack-layout-grid__padding-none is-vertically-aligned-center\">\n<p>The Wand Tonearm<\/p>\n\n\n\n<p>Tonearm<br>Turntable<br>Phono Stage<\/p>\n<\/div>\n<\/div>\n\n\n\n<p>Les Bras de lecture, Platines et Etage Phono The Wand sont fabriqu\u00e9s \u00e0 Dunedin, en Nouvelle-Z\u00e9lande, par Design Build Listen Ltd. Leur concepteur, Simon Brown, a 30 ans de conception et d\u2019ing\u00e9nierie derri\u00e8re lui.<\/p>\n\n\n\n<p>Les bras de lecture sont disponibles en trois dimensions : 9.5\u2033, 10.3\u2033 et 12\u2033 et en deux niveaux de performance.<\/p>\n\n\n\n<div class=\"wp-block-buttons\">\n<div class=\"wp-block-button\"><a class=\"wp-block-button__link\" href=\"http:\/\/acoustic-precision.fr\/index.php\/the-wand-plus\/\"><strong>AP bras The Wand Plus&nbsp;: AP The Wand Plus<\/strong><\/a><\/div>\n\n\n\n<div class=\"wp-block-button\"><a class=\"wp-block-button__link\" href=\"http:\/\/acoustic-precision.fr\/index.php\/the-wand-master\/\"><strong>AP bras The Wand Master&nbsp;: AP The Wand Master<\/strong><\/a><\/div>\n\n\n\n<div class=\"wp-block-button\"><a class=\"wp-block-button__link\" href=\"http:\/\/acoustic-precision.fr\/index.php\/the-wand-platine\/\"><strong>AP The Wand Platine : AP The Wand Platine<\/strong><\/a><\/div>\n\n\n\n<div class=\"wp-block-button\"><a class=\"wp-block-button__link\" href=\"http:\/\/acoustic-precision.fr\/index.php\/the-wand-eq\/\"><strong>AP The Wand EQ&nbsp; : AP The Wand EQ<\/strong><\/a><\/div>\n<\/div>\n\n\n\n<p><strong>CE QUE DIT LA PRESSE&nbsp;:<\/strong><\/p>\n\n\n\n<p><strong>\u00ab Le <\/strong><strong><em>Bras universel \u00bb <\/em><\/strong>pour le magazine su\u00e9dois HIFI &amp; MUSIC qui l\u2019a \u00e9cout\u00e9 avec pas moins de 10 cellules diff\u00e9rentes \u2026 (juillet 2017).<br><br><\/p>\n\n\n\n<p><strong>\u00ab <\/strong><strong><em>Il est presqu\u2019impossible de ne pas tomber sous le charme du Wand Plus &#8230;autorit\u00e9 des basses, medium d\u00e9licieusement expressif et \u00e9motif, neutralit\u00e9 impressionnante \u00bb.<br><\/em><\/strong>Wand Plus<strong>, <\/strong>Hi Fi World (UK), Adam Smith, (janvier 2012); 5 \u00e9toiles<\/p>\n\n\n\n<p><strong>(The Wand) \u2026&#8221; <\/strong><strong><em>offre un son extraordinairement dynamique, pas trop rond ou trop grave (\u2026) tr\u00e8s riche en d\u00e9tails &#8220;.&nbsp;<\/em><\/strong><strong><em>Rapport Performance \/ Prix Exceptionnel<\/em><\/strong><\/p>\n\n\n\n<p>Wand Plus<strong>, <\/strong>Stereoplay (Germany), Denon DL 103, Janvier 2016<strong><em><\/em><\/strong><\/p>\n","protected":false},"excerpt":{"rendered":"<p>Les Bras de lecture, Platines et Etage Phono The Wand sont fabriqu\u00e9s \u00e0 Dunedin, en Nouvelle-Z\u00e9lande, par Design Build Listen Ltd. Leur concepteur, Simon Brown, a 30 ans de conception et d\u2019ing\u00e9nierie derri\u00e8re lui. Les bras de lecture sont disponibles en trois dimensions : 9.5\u2033, 10.3\u2033 et 12\u2033 et en deux niveaux de performance. CE [&hellip;]<\/p>\n","protected":false},"author":1,"featured_media":0,"parent":0,"menu_order":0,"comment_status":"closed","ping_status":"closed","template":"","meta":[],"_links":{"self":[{"href":"https:\/\/acoustic-precision.fr\/index.php\/wp-json\/wp\/v2\/pages\/104"}],"collection":[{"href":"https:\/\/acoustic-precision.fr\/index.php\/wp-json\/wp\/v2\/pages"}],"about":[{"href":"https:\/\/acoustic-precision.fr\/index.php\/wp-json\/wp\/v2\/types\/page"}],"author":[{"embeddable":true,"href":"https:\/\/acoustic-precision.fr\/index.php\/wp-json\/wp\/v2\/users\/1"}],"replies":[{"embeddable":true,"href":"https:\/\/acoustic-precision.fr\/index.php\/wp-json\/wp\/v2\/comments?post=104"}],"version-history":[{"count":5,"href":"https:\/\/acoustic-precision.fr\/index.php\/wp-json\/wp\/v2\/pages\/104\/revisions"}],"predecessor-version":[{"id":1227,"href":"https:\/\/acoustic-precision.fr\/index.php\/wp-json\/wp\/v2\/pages\/104\/revisions\/1227"}],"wp:attachment":[{"href":"https:\/\/acoustic-precision.fr\/index.php\/wp-json\/wp\/v2\/media?parent=104"}],"curies":[{"name":"wp","href":"https:\/\/api.w.org\/{rel}","templated":true}]}}