{"id":103,"date":"2021-04-07T11:43:34","date_gmt":"2021-04-07T09:43:34","guid":{"rendered":"https:\/\/acousticprecision.wordpress.com\/?page_id=103"},"modified":"2021-06-08T14:22:45","modified_gmt":"2021-06-08T12:22:45","slug":"raven","status":"publish","type":"page","link":"https:\/\/acoustic-precision.fr\/index.php\/raven\/","title":{"rendered":"TW ACUSTIC RAVEN"},"content":{"rendered":"\n<figure class=\"wp-block-table\"><table><tbody><tr><td class=\"has-text-align-center\" data-align=\"center\">&nbsp; <img src=\"http:\/\/acoustic-precision.fr\/wordpress\/wp-content\/uploads\/2021\/04\/logo.png\" class=\"wp-image-295\" style=\"width:136px;\" alt=\"\"><img loading=\"lazy\" width=\"136\" height=\"112\" class=\"wp-image-1116\" style=\"width: 136px;\" src=\"http:\/\/acoustic-precision.fr\/wp-content\/uploads\/2021\/06\/logo-1.png\" alt=\"\"><br><strong>tw acustic<\/strong><br><strong>RAVEN<\/strong><\/td><td class=\"has-text-align-center\" data-align=\"center\"><img class=\"wp-image-296\" style=\"width:300px;\" src=\"http:\/\/acoustic-precision.fr\/wordpress\/wp-content\/uploads\/2021\/04\/1.jpg\" alt=\"\"><img loading=\"lazy\" width=\"753\" height=\"565\" class=\"wp-image-1117\" style=\"width: 300px;\" src=\"http:\/\/acoustic-precision.fr\/wp-content\/uploads\/2021\/06\/1-1.jpg\" alt=\"\" srcset=\"https:\/\/acoustic-precision.fr\/wp-content\/uploads\/2021\/06\/1-1.jpg 753w, https:\/\/acoustic-precision.fr\/wp-content\/uploads\/2021\/06\/1-1-300x225.jpg 300w\" sizes=\"(max-width: 753px) 100vw, 753px\" \/><\/td><\/tr><\/tbody><\/table><\/figure>\n\n\n\n<p><strong>RAVEN GT 2<\/strong><\/p>\n\n\n\n<div class=\"wp-block-image\"><figure class=\"aligncenter size-large\"><img loading=\"lazy\" width=\"366\" height=\"202\" src=\"http:\/\/acoustic-precision.fr\/wp-content\/uploads\/2021\/06\/2-2.png\" alt=\"\" class=\"wp-image-1118\" srcset=\"https:\/\/acoustic-precision.fr\/wp-content\/uploads\/2021\/06\/2-2.png 366w, https:\/\/acoustic-precision.fr\/wp-content\/uploads\/2021\/06\/2-2-300x166.png 300w\" sizes=\"(max-width: 366px) 100vw, 366px\" \/><\/figure><\/div>\n\n\n\n<p>La GT2 est l\u2019ultime \u00e9volution de la Raven GT. Dans cette version, la GT2 est pass\u00e9e du statut de mod\u00e8le d&#8217;entr\u00e9e de gamme celui de tourne-disque pur \u00ab&nbsp;high end&nbsp;\u00bb, parfaitement utilisable dans un espace r\u00e9duit, m\u00eame avec deux grands bras de lecture et leur cellule haut de gamme.<\/p>\n\n\n\n<p>Le ch\u00e2ssis, anodis\u00e9 noir, de la GT est en aluminium massif et p\u00e8se plus de 16 kg sans bras. Il est tr\u00e8s compact et prend \u00e0 peine un peu plus de place qu&#8217;un 12 &#8220;LP. Il incorpore l\u2019alimentation et le contr\u00f4leur du moteur<\/p>\n\n\n\n<p>Le moteur d\u2019origine Pabst, profond\u00e9ment modifi\u00e9, est situ\u00e9 au plus pr\u00e8s et \u00e0 l\u2019arri\u00e8re du plateau, en sorte que la distance entre le plateau et la poulie du moteur soit maintenue au minimum. Cela permet l&#8217;utilisation d&#8217;une courroie extr\u00eamement courte qui entre en contact avec presque toute la circonf\u00e9rence du plateau.<\/p>\n\n\n\n<p>Visuellement le changement le plus importante de la GT2 est le nouveau plateau. Celui-ci est constitu\u00e9 par l\u2019assemblage en sandwich d&#8217;un \u00e9pais plateau en Delrin sp\u00e9cial et d&#8217;un couvre plateau en bronze, le tout ayant un poids de 13,6 kg.<\/p>\n\n\n\n<p>La GT2 peut \u00eatre pourvue de deux bras de lecture. Elle est livr\u00e9e avec une embase universelle int\u00e9grant un adaptateur, en acier inoxydable, pour le bras de lecture choisi.<\/p>\n\n\n\n<p>Le r\u00e9glage de la base support du bras de lecture, tr\u00e8s simple, est obtenue avec une grande pr\u00e9cision en quelques secondes. Ainsi la g\u00e9om\u00e9trie propre au bras retenu est parfaitement respect\u00e9e.<\/p>\n\n\n\n<div class=\"wp-block-file\"><a href=\"http:\/\/acoustic-precision.fr\/wp-content\/uploads\/2021\/06\/RAVEN-GT2.pdf\" target=\"_blank\" rel=\"noreferrer noopener\">RAVEN-GT2<\/a><\/div>\n\n\n\n<div class=\"wp-block-file\"><a href=\"http:\/\/acoustic-precision.fr\/wp-content\/uploads\/2021\/06\/Raven_GT-and-Tonearm-HiFi-News.pdf\" target=\"_blank\" rel=\"noreferrer noopener\">Raven_GT-and-Tonearm-HiFi-News<\/a><\/div>\n\n\n\n<p><strong>La Presse:<\/strong><\/p>\n\n\n\n<p><strong>Hi-Fi News 10\/2012<\/strong><\/p>\n\n\n\n<figure class=\"wp-block-image size-large\"><img loading=\"lazy\" width=\"174\" height=\"178\" src=\"http:\/\/acoustic-precision.fr\/wp-content\/uploads\/2021\/06\/3-1.png\" alt=\"\" class=\"wp-image-1122\"\/><\/figure>\n\n\n\n<p>&#8220;If claims of dubious wizardry, ostentatiousness and \u2018bling\u2019 styling are the chief requirements from your vinyl spinner, then look elsewhere, as TW ACUSTIC\u2019s Raven GT and Raven 10.5 offer none of these. However, intelligent design, superlative engineering, neat styling and just a hint of vinyl magic ensure that the combo offers a stunning performance that puts it right up with the long-playing greats.&#8221;<\/p>\n\n\n\n<div class=\"wp-block-image\"><figure class=\"aligncenter size-large\"><img loading=\"lazy\" width=\"624\" height=\"365\" src=\"http:\/\/acoustic-precision.fr\/wp-content\/uploads\/2021\/06\/4.png\" alt=\"\" class=\"wp-image-1123\" srcset=\"https:\/\/acoustic-precision.fr\/wp-content\/uploads\/2021\/06\/4.png 624w, https:\/\/acoustic-precision.fr\/wp-content\/uploads\/2021\/06\/4-300x175.png 300w\" sizes=\"(max-width: 624px) 100vw, 624px\" \/><\/figure><\/div>\n\n\n\n<p><strong>RAVEN AC<\/strong><\/p>\n\n\n\n<figure class=\"wp-block-image size-large\"><img loading=\"lazy\" width=\"1024\" height=\"768\" src=\"http:\/\/acoustic-precision.fr\/wp-content\/uploads\/2021\/06\/5-2.jpg\" alt=\"\" class=\"wp-image-1124\" srcset=\"https:\/\/acoustic-precision.fr\/wp-content\/uploads\/2021\/06\/5-2.jpg 1024w, https:\/\/acoustic-precision.fr\/wp-content\/uploads\/2021\/06\/5-2-300x225.jpg 300w, https:\/\/acoustic-precision.fr\/wp-content\/uploads\/2021\/06\/5-2-768x576.jpg 768w\" sizes=\"(max-width: 1024px) 100vw, 1024px\" \/><\/figure>\n\n\n\n<p>La Raven AC propose un plateur alliant les propri\u00e9t\u00e9s exceptionnelles du cuivre en conjonction avec celles de notre polym\u00e8re sp\u00e9cial. La reproduction musicale b\u00e9n\u00e9ficie d\u2019une sc\u00e8ne sonore \u00e9poustouflante et d\u2019une grande profondeur st\u00e9r\u00e9o, la repr\u00e9sentation des instruments gagne en substance.<\/p>\n\n\n\n<p>L\u2019unit\u00e9 de commande de moteur est con\u00e7ue pour prendre en charge l&#8217;option d&#8217;entra\u00eenement \u00e0 trois moteurs. Une synchronisation parfaite entre les trois moteurs est assur\u00e9e par le syst\u00e8me de contr\u00f4le actif. La courroie d&#8217;entra\u00eenement usin\u00e9e de mani\u00e8re extr\u00eamement pr\u00e9cise, associ\u00e9e \u00e0 une tol\u00e9rance fine et des poulies adapt\u00e9es, donnent une stabilit\u00e9 de vitesse exceptionnelle.<\/p>\n\n\n\n<div class=\"wp-block-file\"><a href=\"http:\/\/acoustic-precision.fr\/wp-content\/uploads\/2021\/06\/RAVEN-AC.pdf\" target=\"_blank\" rel=\"noreferrer noopener\">RAVEN-AC<\/a><\/div>\n\n\n\n<p><strong>La Presse:<\/strong><\/p>\n\n\n\n<p><strong>Editors Choice &#8211; The Absolute Sound<\/strong><br><br>&#8220;The three-motor Raven AC-3 is an unsuspended table of relatively low mass made from very high-quality materials, including spectacular bits of copper. Every part of this black beauty has been machined to the highest possible tolerances; every aspect of its design ( from its standard- setting speed controller to its gel-filled, copper topped platter) has been tested and retested by measurement and by ear. The result of all this labor and ingenuity is a table that reproduces the duration of notes &#8211; from starting transient through lingering decay-more completely than any other. Perhaps the most purely &#8220;musical&#8221; table on the market.&#8221;<br>(reviewed by JV, Issue 180)<\/p>\n\n\n\n<p>The Absolute Sound <strong>Golden Ear Award 2008<\/strong><\/p>\n\n\n\n<figure class=\"wp-block-image size-large\"><img loading=\"lazy\" width=\"104\" height=\"99\" src=\"http:\/\/acoustic-precision.fr\/wp-content\/uploads\/2021\/06\/6-2.jpg\" alt=\"\" class=\"wp-image-1126\"\/><\/figure>\n\n\n\n<p>&#8220;This beautiful,superbly crafted, copper topped, three motor`table from Germany`s Thomas Woschnick ( the TW of TW Acustic) has garnered rave reviews worldwide. It surely deserves them as it reproduced the duration of musical notes &#8211; from starting transientto steady-state tone to decay &#8211; with grweater completeness and resolution than anything else I`ve yet heard. The result is astonishingly beautiful (and lifelike) reproduction of timbre and dynamic nuance.&#8221;<br>Jonathan Valin, Golden Ear Award 2008<\/p>\n\n\n\n<p>&#8220;Here&#8217;s a company to watch. Whether you&#8217;re Looking at the fully tricked-out, three motor, Raven AC3 (see JV&#8217;s review in Issue 180) or this entry-level model, TW Acustic turntables are exeptionally musical, detailed, beautifully made, and of high value. Sharing much of the AC-3&#8217;s technology from the high-torque microprocessor-controlled, quartz-referenced DC motor to the specially formulated composite plinth material to the bearing assembley, and beyond the Raven One is the best high-end turntable value I know of.&#8221;<br>(Zitat: Wayne Garcia, Golden Ear Award 2008)<\/p>\n\n\n\n<p><strong>The absolute sound &#8211; March 2008&nbsp; <\/strong>Jonathan Valin<\/p>\n\n\n\n<p>&#8220;&#8230; The Raven AC-3 is not just a work of engineering genius, it is a work of musical genius, breaking previously unturned ground in the very areas (realistic tone color and dynamic nuance) that are the keys to enjoyment for most music lovers. It will remain in my system, alongside the mighty Walker, for as long as I`m allowed to keep it. This is that rare component that you will not only listen to, but also (quickly) fall in love with, and at its price, it is a steal. Naturally, it gets my highest recommendation.&#8221;<br>Jonathan Valin<\/p>\n\n\n\n<p><strong>Soundstage May 2008&nbsp; <\/strong>Marc Mickelson<\/p>\n\n\n\n<p>&#8220;The simple goal of spinning a record has a significant new manifestation in the TW ACUSTIC Raven AC. Designer Thomas Woschnick&#8217;s decade of R&amp;D has created a turntable that can stand among its top-of-the-line peers from other manufacturers. The Raven AC makes a strong statement about the right way for an LP to sound &#8212; with the richness, body and tonal color inherent in live music &#8212; and presents an effective model for dealing with unwanted noise that can blur or mask musical detail. The Raven AC addresses the issues of analog playback in thoughtful ways, and the sonic outcome is hard to argue with. Turntables makers who are committed to their task with singular focus are a rare breed, but some of them do exist. VPI&#8217;s Harry Weisfeld, Basis Audio&#8217;s A.J. Conti, and Immedia&#8217;s Allen Perkins have all created more than one well-received turntable, and each has his own ideas about how to do it. Add Thomas Woschnick to this list. The Raven AC is a rare accomplishment and a fresh new analog voice.&#8221;<br>Marc Mickelson<\/p>\n\n\n\n<figure class=\"wp-block-image size-large\"><img loading=\"lazy\" width=\"753\" height=\"565\" src=\"http:\/\/acoustic-precision.fr\/wp-content\/uploads\/2021\/06\/1-1.jpg\" alt=\"\" class=\"wp-image-1117\" srcset=\"https:\/\/acoustic-precision.fr\/wp-content\/uploads\/2021\/06\/1-1.jpg 753w, https:\/\/acoustic-precision.fr\/wp-content\/uploads\/2021\/06\/1-1-300x225.jpg 300w\" sizes=\"(max-width: 753px) 100vw, 753px\" \/><\/figure>\n\n\n\n<p><strong>RAVEN LS<\/strong><\/p>\n\n\n\n<figure class=\"wp-block-image size-large\"><img loading=\"lazy\" width=\"1024\" height=\"674\" src=\"http:\/\/acoustic-precision.fr\/wp-content\/uploads\/2021\/06\/8-1-1024x674.jpg\" alt=\"\" class=\"wp-image-1127\" srcset=\"https:\/\/acoustic-precision.fr\/wp-content\/uploads\/2021\/06\/8-1-1024x674.jpg 1024w, https:\/\/acoustic-precision.fr\/wp-content\/uploads\/2021\/06\/8-1-300x197.jpg 300w, https:\/\/acoustic-precision.fr\/wp-content\/uploads\/2021\/06\/8-1-768x505.jpg 768w, https:\/\/acoustic-precision.fr\/wp-content\/uploads\/2021\/06\/8-1-1200x790.jpg 1200w, https:\/\/acoustic-precision.fr\/wp-content\/uploads\/2021\/06\/8-1.jpg 1500w\" sizes=\"(max-width: 1024px) 100vw, 1024px\" \/><\/figure>\n\n\n\n<ul><li>Entrainement par 1 ou 2 moteurs incorpor\u00e9s dans le ch\u00e2ssis<\/li><li>Alimentation et contr\u00f4leur incorpor\u00e9s dans le ch\u00e2ssis<\/li><li>Les moteurs sont parfaitement synchrones gr\u00e2ce \u00e0 une contr\u00f4leur sophistiqu\u00e9<\/li><li>Le diam\u00e8tre des poulies d\u2019entrainement sont r\u00e9alis\u00e9es avec une pr\u00e9cision d\u2019un demi centi\u00e8me de millim\u00e8tre<\/li><li>L\u2019\u00e9paisseur de la courroie d\u2019entrainement pr\u00e9sente une tol\u00e9rance de 1 centi\u00e8me de millim\u00e8tre<\/li><li>Possibilit\u00e9 d\u2019installation de 2 bras de lecture.<\/li><li>Installation et l\u2019ajustement pr\u00e9cis de tous types de bras facilement r\u00e9alisable gr\u00e2ce aux supports de bras r\u00e9glables<\/li><\/ul>\n\n\n\n<div class=\"wp-block-file\"><a href=\"http:\/\/acoustic-precision.fr\/wp-content\/uploads\/2021\/06\/RAVEN-LS.pdf\" target=\"_blank\" rel=\"noreferrer noopener\">RAVEN-LS<\/a><\/div>\n\n\n\n<p><strong>La Presse:<\/strong><\/p>\n\n\n\n<p><a href=\"https:\/\/www.hifitest.de\/test\/plattenspieler\/tw_acustic-raven_ls_19643\">https:\/\/www.hifitest.de\/test\/plattenspieler\/tw_acustic-raven_ls_19643<\/a><\/p>\n\n\n\n<figure class=\"wp-block-image size-large\"><img loading=\"lazy\" width=\"1500\" height=\"877\" src=\"http:\/\/acoustic-precision.fr\/wp-content\/uploads\/2021\/06\/9-1024x599.jpg\" alt=\"\" class=\"wp-image-1129\" srcset=\"https:\/\/acoustic-precision.fr\/wp-content\/uploads\/2021\/06\/9-1024x599.jpg 1024w, https:\/\/acoustic-precision.fr\/wp-content\/uploads\/2021\/06\/9-300x175.jpg 300w, https:\/\/acoustic-precision.fr\/wp-content\/uploads\/2021\/06\/9-768x449.jpg 768w, https:\/\/acoustic-precision.fr\/wp-content\/uploads\/2021\/06\/9-1200x702.jpg 1200w, https:\/\/acoustic-precision.fr\/wp-content\/uploads\/2021\/06\/9.jpg 1500w\" sizes=\"(max-width: 1500px) 100vw, 1500px\" \/><\/figure>\n\n\n\n<p><strong>RAVEN Black Night<\/strong><\/p>\n\n\n\n<figure class=\"wp-block-image size-large\"><img loading=\"lazy\" width=\"1024\" height=\"768\" src=\"http:\/\/acoustic-precision.fr\/wp-content\/uploads\/2021\/06\/10.jpg\" alt=\"\" class=\"wp-image-1130\" srcset=\"https:\/\/acoustic-precision.fr\/wp-content\/uploads\/2021\/06\/10.jpg 1024w, https:\/\/acoustic-precision.fr\/wp-content\/uploads\/2021\/06\/10-300x225.jpg 300w, https:\/\/acoustic-precision.fr\/wp-content\/uploads\/2021\/06\/10-768x576.jpg 768w\" sizes=\"(max-width: 1024px) 100vw, 1024px\" \/><\/figure>\n\n\n\n<p>En d\u00e9veloppant la Black Night, notre objectif \u00e9tait de construire une platine vinyle capable de surpasser notre propre Raven AC en termes de subtilit\u00e9, de facilit\u00e9 et de silence. En cela, nous avons r\u00e9ussi et les r\u00e9sultats sont vraiment impressionnants.<br>La Black Night permet d&#8217;utiliser jusqu&#8217;\u00e0 quatre bras de lecture. Nous avons \u00e9galement d\u00e9velopp\u00e9 un support de bras qui permet l\u2019ajustement de l\u2019angle de lecture (VTA) pendant la lecture d\u2019un disque , en toute s\u00e9curit\u00e9 et avec pr\u00e9cision via une commande molet\u00e9e qui permet un r\u00e9glage pr\u00e9cis.<br><br>Gr\u00e2ce \u00e0 l&#8217;entra\u00eenement \u00e0 trois moteurs et \u00e0 l&#8217;alimentation par batterie, la Raven Black Night fait son travail avec assurance, s\u00e9r\u00e9nit\u00e9 et total contr\u00f4le, mais tout comme les autres platines TW ACUSTIC, elle est tr\u00e8s dynamique, engageante et riche en timbre.<br><br>La Black Night d\u00e9peint chaque d\u00e9tail de la musique avec subtilit\u00e9 et profondeur, qu&#8217;il s&#8217;agisse de voix humaines ou d&#8217;instruments. Partout, vous d\u00e9couvrirez des nuances qui \u00e9taient auparavant rest\u00e9es cach\u00e9es. L&#8217;attaque et la d\u00e9croissance des notes transitoires sont reproduites de mani\u00e8re impressionnante.<br>La Raven Black Night est incroyablement musicale, sa pr\u00e9sentation spatiale est si tridimensionnelle et tangible que la musique est toujours reproduite avec la plus grande authenticit\u00e9.<\/p>\n\n\n\n<div class=\"wp-block-file\"><a href=\"http:\/\/acoustic-precision.fr\/wp-content\/uploads\/2021\/06\/RAVEN-Black-Night.pdf\" target=\"_blank\" rel=\"noreferrer noopener\">RAVEN-Black-Night<\/a><\/div>\n\n\n\n<div class=\"wp-block-file\"><a href=\"http:\/\/acoustic-precision.fr\/wp-content\/uploads\/2021\/06\/Raven-Black-Night-LP-Review.pdf\" target=\"_blank\" rel=\"noreferrer noopener\">Raven-Black-Night-LP-Review<\/a><\/div>\n\n\n\n<figure class=\"wp-block-image size-large\"><img loading=\"lazy\" width=\"1024\" height=\"768\" src=\"http:\/\/acoustic-precision.fr\/wp-content\/uploads\/2021\/06\/11-1.jpg\" alt=\"\" class=\"wp-image-1133\" srcset=\"https:\/\/acoustic-precision.fr\/wp-content\/uploads\/2021\/06\/11-1.jpg 1024w, https:\/\/acoustic-precision.fr\/wp-content\/uploads\/2021\/06\/11-1-300x225.jpg 300w, https:\/\/acoustic-precision.fr\/wp-content\/uploads\/2021\/06\/11-1-768x576.jpg 768w\" sizes=\"(max-width: 1024px) 100vw, 1024px\" \/><\/figure>\n\n\n\n<p><strong>Bras de lecture RAVEN<\/strong><\/p>\n\n\n\n<figure class=\"wp-block-image size-large\"><img loading=\"lazy\" width=\"1024\" height=\"768\" src=\"http:\/\/acoustic-precision.fr\/wp-content\/uploads\/2021\/06\/12.jpg\" alt=\"\" class=\"wp-image-1134\" srcset=\"https:\/\/acoustic-precision.fr\/wp-content\/uploads\/2021\/06\/12.jpg 1024w, https:\/\/acoustic-precision.fr\/wp-content\/uploads\/2021\/06\/12-300x225.jpg 300w, https:\/\/acoustic-precision.fr\/wp-content\/uploads\/2021\/06\/12-768x576.jpg 768w\" sizes=\"(max-width: 1024px) 100vw, 1024px\" \/><\/figure>\n\n\n\n<p>Bras de lecture en 10,5 et 12 pouces<\/p>\n\n\n\n<div class=\"wp-block-file\"><a href=\"http:\/\/acoustic-precision.fr\/wp-content\/uploads\/2021\/06\/RAVEN-Tonearm.pdf\" target=\"_blank\" rel=\"noreferrer noopener\">RAVEN-Tonearm<\/a><\/div>\n\n\n\n<div class=\"wp-block-file\"><a href=\"http:\/\/acoustic-precision.fr\/wp-content\/uploads\/2021\/06\/Raven_GT-and-Tonearm-HiFi-News-1.pdf\" target=\"_blank\" rel=\"noreferrer noopener\">Raven_GT-and-Tonearm-HiFi-News-1<\/a><\/div>\n\n\n\n<div class=\"wp-block-file\"><a href=\"http:\/\/acoustic-precision.fr\/wp-content\/uploads\/2021\/06\/Raven_Tonearm-LP-Review.pdf\" target=\"_blank\" rel=\"noreferrer noopener\">Raven_Tonearm-LP-Review<\/a><\/div>\n","protected":false},"excerpt":{"rendered":"<p>&nbsp; tw acusticRAVEN RAVEN GT 2 La GT2 est l\u2019ultime \u00e9volution de la Raven GT. Dans cette version, la GT2 est pass\u00e9e du statut de mod\u00e8le d&#8217;entr\u00e9e de gamme celui de tourne-disque pur \u00ab&nbsp;high end&nbsp;\u00bb, parfaitement utilisable dans un espace r\u00e9duit, m\u00eame avec deux grands bras de lecture et leur cellule haut de gamme. Le [&hellip;]<\/p>\n","protected":false},"author":1,"featured_media":0,"parent":0,"menu_order":0,"comment_status":"closed","ping_status":"closed","template":"","meta":[],"_links":{"self":[{"href":"https:\/\/acoustic-precision.fr\/index.php\/wp-json\/wp\/v2\/pages\/103"}],"collection":[{"href":"https:\/\/acoustic-precision.fr\/index.php\/wp-json\/wp\/v2\/pages"}],"about":[{"href":"https:\/\/acoustic-precision.fr\/index.php\/wp-json\/wp\/v2\/types\/page"}],"author":[{"embeddable":true,"href":"https:\/\/acoustic-precision.fr\/index.php\/wp-json\/wp\/v2\/users\/1"}],"replies":[{"embeddable":true,"href":"https:\/\/acoustic-precision.fr\/index.php\/wp-json\/wp\/v2\/comments?post=103"}],"version-history":[{"count":2,"href":"https:\/\/acoustic-precision.fr\/index.php\/wp-json\/wp\/v2\/pages\/103\/revisions"}],"predecessor-version":[{"id":1322,"href":"https:\/\/acoustic-precision.fr\/index.php\/wp-json\/wp\/v2\/pages\/103\/revisions\/1322"}],"wp:attachment":[{"href":"https:\/\/acoustic-precision.fr\/index.php\/wp-json\/wp\/v2\/media?parent=103"}],"curies":[{"name":"wp","href":"https:\/\/api.w.org\/{rel}","templated":true}]}}