{"id":101,"date":"2021-04-07T11:43:30","date_gmt":"2021-04-07T09:43:30","guid":{"rendered":"https:\/\/acousticprecision.wordpress.com\/?page_id=101"},"modified":"2021-06-07T22:48:52","modified_gmt":"2021-06-07T20:48:52","slug":"nasotec","status":"publish","type":"page","link":"https:\/\/acoustic-precision.fr\/index.php\/nasotec\/","title":{"rendered":"NASOTEC"},"content":{"rendered":"\n<div class=\"wp-block-jetpack-layout-grid alignfull column1-desktop-grid__span-3 column1-desktop-grid__start-4 column1-desktop-grid__row-1 column2-desktop-grid__span-4 column2-desktop-grid__start-7 column2-desktop-grid__row-1 column1-tablet-grid__span-4 column1-tablet-grid__row-1 column2-tablet-grid__span-4 column2-tablet-grid__start-5 column2-tablet-grid__row-1 column1-mobile-grid__span-4 column1-mobile-grid__row-1 column2-mobile-grid__span-4 column2-mobile-grid__row-2\">\n<div class=\"wp-block-jetpack-layout-grid-column wp-block-jetpack-layout-grid__padding-none\">\n<div class=\"wp-block-image\"><figure class=\"aligncenter size-large\"><img loading=\"lazy\" width=\"164\" height=\"164\" src=\"http:\/\/acoustic-precision.fr\/wp-content\/uploads\/2021\/06\/logo.png\" alt=\"\" class=\"wp-image-1042\" srcset=\"https:\/\/acoustic-precision.fr\/wp-content\/uploads\/2021\/06\/logo.png 164w, https:\/\/acoustic-precision.fr\/wp-content\/uploads\/2021\/06\/logo-150x150.png 150w\" sizes=\"(max-width: 164px) 100vw, 164px\" \/><\/figure><\/div>\n\n\n\n<p class=\"has-text-align-center\"><strong>Accessoires Vinyle<\/strong><\/p>\n<\/div>\n\n\n\n<div class=\"wp-block-jetpack-layout-grid-column wp-block-jetpack-layout-grid__padding-none\">\n<div class=\"wp-block-image\"><figure class=\"aligncenter size-large\"><img loading=\"lazy\" width=\"1024\" height=\"737\" src=\"http:\/\/acoustic-precision.fr\/wp-content\/uploads\/2021\/06\/haut-1024x737.jpg\" alt=\"\" class=\"wp-image-1043\" srcset=\"https:\/\/acoustic-precision.fr\/wp-content\/uploads\/2021\/06\/haut-1024x737.jpg 1024w, https:\/\/acoustic-precision.fr\/wp-content\/uploads\/2021\/06\/haut-300x216.jpg 300w, https:\/\/acoustic-precision.fr\/wp-content\/uploads\/2021\/06\/haut-768x553.jpg 768w, https:\/\/acoustic-precision.fr\/wp-content\/uploads\/2021\/06\/haut.jpg 1040w\" sizes=\"(max-width: 1024px) 100vw, 1024px\" \/><\/figure><\/div>\n<\/div>\n<\/div>\n\n\n\n<h2 class=\"has-text-color\" style=\"color:#a30000\">Comment obtenir le meilleur son de votre platine tourne disque ?<\/h2>\n\n\n\n<p><strong>Les accessoires NASOTEC ont \u00e9t\u00e9 con\u00e7us afin d&#8217;obtenir le meilleur son possible de votre platine tourne disque. Ils vous permettront de r\u00e9pondre \u00e0 cette question et d&#8217;aller au-del\u00e0 des limites esp\u00e9r\u00e9es.<\/strong><\/p>\n\n\n\n<h2>SWING Headshell NASOTEC<\/h2>\n\n\n\n<figure class=\"wp-block-image size-large\"><img loading=\"lazy\" width=\"720\" height=\"354\" src=\"http:\/\/acoustic-precision.fr\/wp-content\/uploads\/2021\/06\/1.jpg\" alt=\"\" class=\"wp-image-1045\" srcset=\"https:\/\/acoustic-precision.fr\/wp-content\/uploads\/2021\/06\/1.jpg 720w, https:\/\/acoustic-precision.fr\/wp-content\/uploads\/2021\/06\/1-300x148.jpg 300w\" sizes=\"(max-width: 720px) 100vw, 720px\" \/><\/figure>\n\n\n\n<p><strong>La SWING Headshell est une coquille porte cellule articul\u00e9e, cr\u00e9\u00e9e pour diminuer l&#8217;erreur d&#8217;angle de lecture et am\u00e9liorer la lecture des LP Vinyle. Elle diminue la r\u00e9sonance du bras et r\u00e9duit la force exerc\u00e9e sur le stylet.<\/strong><\/p>\n\n\n\n<div class=\"wp-block-file\"><a href=\"http:\/\/acoustic-precision.fr\/wp-content\/uploads\/2021\/06\/NASOTEC_Swing_HeadShell.pdf\" target=\"_blank\" rel=\"noreferrer noopener\">NASOTEC_Swing_HeadShell<\/a><\/div>\n\n\n\n<div class=\"wp-block-file\"><a href=\"http:\/\/acoustic-precision.fr\/wp-content\/uploads\/2021\/06\/NASOTEC-SwingHeadshell_manual.pdf\" target=\"_blank\" rel=\"noreferrer noopener\">NASOTEC-SwingHeadshell_manual<\/a><\/div>\n\n\n\n<div class=\"wp-block-file\"><a href=\"http:\/\/acoustic-precision.fr\/wp-content\/uploads\/2021\/06\/NASOTEC-Swing-Headshel-TNT-Review.pdf\" target=\"_blank\" rel=\"noreferrer noopener\">NASOTEC-Swing-Headshel-TNT-Review<\/a><\/div>\n\n\n\n<div class=\"wp-block-file\"><a href=\"http:\/\/acoustic-precision.fr\/wp-content\/uploads\/2021\/06\/NASOTEC-SWING-HEADSHELL.pdf\" target=\"_blank\" rel=\"noreferrer noopener\">NASOTEC-SWING-HEADSHELL<\/a><\/div>\n\n\n\n<h2>&nbsp;VEM Record Clamp NASOTEC<\/h2>\n\n\n\n<div class=\"wp-block-columns\">\n<div class=\"wp-block-column\" style=\"flex-basis:50%\">\n<div class=\"wp-block-image\"><figure class=\"aligncenter size-large\"><img loading=\"lazy\" width=\"300\" height=\"225\" src=\"http:\/\/acoustic-precision.fr\/wp-content\/uploads\/2021\/06\/2-1.png\" alt=\"\" class=\"wp-image-1051\"\/><\/figure><\/div>\n<\/div>\n\n\n\n<div class=\"wp-block-column\" style=\"flex-basis:50%\">\n<div class=\"wp-block-image\"><figure class=\"aligncenter size-large\"><img loading=\"lazy\" width=\"467\" height=\"286\" src=\"http:\/\/acoustic-precision.fr\/wp-content\/uploads\/2021\/06\/3.jpg\" alt=\"\" class=\"wp-image-1052\" srcset=\"https:\/\/acoustic-precision.fr\/wp-content\/uploads\/2021\/06\/3.jpg 467w, https:\/\/acoustic-precision.fr\/wp-content\/uploads\/2021\/06\/3-300x184.jpg 300w\" sizes=\"(max-width: 467px) 100vw, 467px\" \/><\/figure><\/div>\n\n\n\n<p><\/p>\n<\/div>\n<\/div>\n\n\n\n<p><strong>Technologie propri\u00e9taire VEM (Vibration Extinction Mechanism)<\/strong><\/p>\n\n\n\n<p><strong>Con\u00e7u pour absorber et dissiper les vibrations du vinyle provenant de la lecture et de la structure de la platine&nbsp;&nbsp;<\/strong><\/p>\n\n\n\n<p>Le palet presseur NASOTEC ne se limite pas a aplatir le disque sur le plateau, il assure une&nbsp; fonction suppl\u00e9mentaire qui est l&#8217;\u00e9limination des vibrations comme un aspirateur le fait pour de la poussi\u00e8re. C\u2019est le le meilleur moyen d&#8217;\u00e9liminer les vibrations parasites et de laisser ma musique s\u2019exprimer.<\/p>\n\n\n\n<div class=\"wp-block-file\"><a href=\"http:\/\/acoustic-precision.fr\/wp-content\/uploads\/2021\/06\/NASOTEC_VEM_Record_Clamp.pdf\" target=\"_blank\" rel=\"noreferrer noopener\">NASOTEC_VEM_Record_Clamp<\/a><\/div>\n\n\n\n<div class=\"wp-block-file\"><a href=\"http:\/\/acoustic-precision.fr\/wp-content\/uploads\/2021\/06\/NASOTEC-VEM-Review.pdf\" target=\"_blank\" rel=\"noreferrer noopener\">NASOTEC-VEM-Review<\/a><\/div>\n\n\n\n<div class=\"wp-block-file\"><a href=\"http:\/\/acoustic-precision.fr\/wp-content\/uploads\/2021\/06\/NASOTEC-VEM-CLAMP-review.pdf\" target=\"_blank\" rel=\"noreferrer noopener\">NASOTEC-VEM-CLAMP-review<\/a><\/div>\n\n\n\n<h2>Anneau p\u00e9riph\u00e9rique \/ Outer Ring Clamp NASOTEC<\/h2>\n\n\n\n<figure class=\"wp-block-image size-large\"><img loading=\"lazy\" width=\"686\" height=\"384\" src=\"http:\/\/acoustic-precision.fr\/wp-content\/uploads\/2021\/06\/4-1.jpg\" alt=\"\" class=\"wp-image-1057\" srcset=\"https:\/\/acoustic-precision.fr\/wp-content\/uploads\/2021\/06\/4-1.jpg 686w, https:\/\/acoustic-precision.fr\/wp-content\/uploads\/2021\/06\/4-1-300x168.jpg 300w\" sizes=\"(max-width: 686px) 100vw, 686px\" \/><\/figure>\n\n\n\n<p>Le syst\u00e8me d\u2019anneau presseur p\u00e9riph\u00e9rique NASOTEC est compos\u00e9 d\u2019un couvre plateau acrylique destin\u00e9 \u00e0 remplacer le couvre plateau d\u2019origine de la platine et a recevoir sur son p\u00e9rim\u00e8tre un anneau presseur en acier inox.<\/p>\n\n\n\n<p>Le son est consid\u00e9rablement am\u00e9lior\u00e9.<br>La s\u00e9paration des voix et des instruments est plus marqu\u00e9e, le niveau, la pr\u00e9cision et le contr\u00f4le du grave sont plus importants&nbsp;; l\u2019extension dans le registre aigus est am\u00e9lior\u00e9e.<br>La sc\u00e8ne sonore pr\u00e9sente un notable et important accroissement de ses dimensions per\u00e7ues avec une image plus large, une profondeur et un \u00e9tagement des groupes instrumentaux rarement entendu en reproduction musicale.<\/p>\n\n\n\n<div class=\"wp-block-file\"><a href=\"http:\/\/acoustic-precision.fr\/wp-content\/uploads\/2021\/06\/NASOTEC_Outer_Ring_Clamp_FP.pdf\" target=\"_blank\" rel=\"noreferrer noopener\">NASOTEC_Outer_Ring_Clamp_FP<\/a><\/div>\n\n\n\n<h2>Vibration Extinction Mechanism VEM NASOTEC<\/h2>\n\n\n\n<div class=\"wp-block-columns\">\n<div class=\"wp-block-column\" style=\"flex-basis:50%\">\n<figure class=\"wp-block-image size-large\"><img loading=\"lazy\" width=\"665\" height=\"388\" src=\"http:\/\/acoustic-precision.fr\/wp-content\/uploads\/2021\/06\/5-1.jpg\" alt=\"\" class=\"wp-image-1060\" srcset=\"https:\/\/acoustic-precision.fr\/wp-content\/uploads\/2021\/06\/5-1.jpg 665w, https:\/\/acoustic-precision.fr\/wp-content\/uploads\/2021\/06\/5-1-300x175.jpg 300w\" sizes=\"(max-width: 665px) 100vw, 665px\" \/><\/figure>\n<\/div>\n\n\n\n<div class=\"wp-block-column\" style=\"flex-basis:50%\">\n<figure class=\"wp-block-image size-large\"><img loading=\"lazy\" width=\"629\" height=\"471\" src=\"http:\/\/acoustic-precision.fr\/wp-content\/uploads\/2021\/06\/6-1.jpg\" alt=\"\" class=\"wp-image-1061\" srcset=\"https:\/\/acoustic-precision.fr\/wp-content\/uploads\/2021\/06\/6-1.jpg 629w, https:\/\/acoustic-precision.fr\/wp-content\/uploads\/2021\/06\/6-1-300x225.jpg 300w\" sizes=\"(max-width: 629px) 100vw, 629px\" \/><\/figure>\n<\/div>\n<\/div>\n\n\n\n<p>Constitu\u00e9 de 2 parties : m\u00e2le conique et contre-support femelle (pour le meuble support) : les vibrations entrant dans le syst\u00e8me de pieds sont imm\u00e9diatement dissip\u00e9es sous forme de chaleur. En comparaison, les syst\u00e8mes amortisseurs souffrent de d\u00e9lais d\u2019absorption&nbsp;et restituent une partie des vibrations en les transposant en fr\u00e9quence.<\/p>\n\n\n\n<div class=\"wp-block-file\"><a href=\"http:\/\/acoustic-precision.fr\/wp-content\/uploads\/2021\/06\/NASOTEC_Vibration_Extinction_Mechanism_FP.pdf\" target=\"_blank\" rel=\"noreferrer noopener\">NASOTEC_Vibration_Extinction_Mechanism_FP<\/a><\/div>\n\n\n\n<h2>Capot aluminium pour Denon DL-103 NASOTEC<\/h2>\n\n\n\n<figure class=\"wp-block-image size-large\"><img loading=\"lazy\" width=\"266\" height=\"126\" src=\"http:\/\/acoustic-precision.fr\/wp-content\/uploads\/2021\/06\/7.png\" alt=\"\" class=\"wp-image-1065\"\/><\/figure>\n\n\n\n<p>Comme toutes les cellules, la qualit\u00e9 de restitution des DENON DL-103 est assujettie aux qualit\u00e9s m\u00e9caniques de son boitier. Le boitier NASOTEC apporte aux cellules de la s\u00e9rie DL-103 la rigidit\u00e9 structurelle&nbsp;permettant d&#8217;obtenir une superbe am\u00e9lioration sonore. Ce boitier peut s&#8217;installer sur des DL-103 d\u00e9j\u00e0 existantes ou peut \u00eatre install\u00e9 sur des cellules neuves.<\/p>\n\n\n\n<ul><li>Superbe am\u00e9lioration sonore<ul><li>Nouveau bo\u00eetier en aluminium disponible en 4 couleurs (jaune-rouge-bleu ou noir)<\/li><\/ul><ul><li>Facile \u00e0 installer \u2013 Apr\u00e8s avoir retir\u00e9 soigneusement le boitier d\u2019origine, il suffit de r\u00e9installer le corps de la cellule dans le bo\u00eetier en aluminium et d&#8217;appuyer<\/li><\/ul><ul><li>R\u00e9utilisable &#8211; pas besoin de colle ou d&#8217;adh\u00e9sif pour la fixation<\/li><\/ul><ul><li>Bo\u00eetier magnifiquement usin\u00e9 avec une tr\u00e8s grande pr\u00e9cision<\/li><\/ul><ul><li>Poids incluant la cellule : 11,7 grammes<\/li><\/ul><\/li><\/ul>\n\n\n\n<div class=\"wp-block-file\"><a href=\"http:\/\/acoustic-precision.fr\/wp-content\/uploads\/2021\/06\/NASOTEC_DenonDL103-Housing_MR-2.0.pdf\" target=\"_blank\" rel=\"noreferrer noopener\">NASOTEC_DenonDL103-Housing_MR-2.0<\/a><\/div>\n\n\n\n<h2>Tweezer \/ Pinces Brucelles NASOTEC<\/h2>\n\n\n\n<figure class=\"wp-block-image size-large\"><img loading=\"lazy\" width=\"375\" height=\"375\" src=\"http:\/\/acoustic-precision.fr\/wp-content\/uploads\/2021\/06\/8.jpg\" alt=\"\" class=\"wp-image-1067\" srcset=\"https:\/\/acoustic-precision.fr\/wp-content\/uploads\/2021\/06\/8.jpg 375w, https:\/\/acoustic-precision.fr\/wp-content\/uploads\/2021\/06\/8-300x300.jpg 300w, https:\/\/acoustic-precision.fr\/wp-content\/uploads\/2021\/06\/8-150x150.jpg 150w\" sizes=\"(max-width: 375px) 100vw, 375px\" \/><\/figure>\n\n\n\n<p>Indispensables !! Permettent de r\u00e9aliser la connexion optimum de la cellule avec la coquille de bras de lecture. NASOTEC a cr\u00e9\u00e9 des Pinces Brucelles amagn\u00e9tiques afin de ne pas perturber les circuits de la cellule.<\/p>\n\n\n\n<p>Leur extr\u00e9mit\u00e9 circulaire permet de serrer le connecteur du c\u00e2ble sans risque de blesser la gaine de protection ou le connecteur de la cellule<\/p>\n\n\n\n<div class=\"wp-block-file\"><a href=\"http:\/\/acoustic-precision.fr\/wp-content\/uploads\/2021\/06\/NASOTEC_Tweezer_FP.pdf\" target=\"_blank\" rel=\"noreferrer noopener\">NASOTEC_Tweezer_FP<\/a><\/div>\n\n\n\n<h2>Visserie pour cellule MM\/MC amagn\u00e9tiques<\/h2>\n\n\n\n<p>Ensemble de vis et \u00e9crous destin\u00e9s a monter une cellule sur le porte cellule.<br>Visserie non magn\u00e9tique (pas de fer) afin de ne pas perturber le fonctionnement optimal des cellules (MC &amp; MM).<\/p>\n\n\n\n<h2><strong>Miroir&nbsp;de r\u00e9glage de l\u2019azimut \/ Azimuth Calibrator Miror<\/strong><\/h2>\n\n\n\n<figure class=\"wp-block-image size-large\"><img loading=\"lazy\" width=\"286\" height=\"239\" src=\"http:\/\/acoustic-precision.fr\/wp-content\/uploads\/2021\/06\/9.png\" alt=\"\" class=\"wp-image-1070\"\/><\/figure>\n\n\n\n<p>Ce miroir de faible \u00e9paisseur (1,3mm) permet d\u2019avoir peu d\u2019erreur de parallaxe et ainsi de r\u00e9aliser une image de pr\u00e8s sans duplication et avec clart\u00e9. Il est en mat\u00e9riau acrylique aussi performant qu\u2019un miroir en verre. L\u2019\u00e9paisseur faible de ce miroir respecte le r\u00e9glage de la cellule (VTA).<\/p>\n\n\n\n<div class=\"wp-block-file\"><a href=\"http:\/\/acoustic-precision.fr\/wp-content\/uploads\/2021\/06\/NASOTEC_Azimuth_Calibrator_Miror_FP.pdf\" target=\"_blank\" rel=\"noreferrer noopener\">NASOTEC_Azimuth_Calibrator_Miror_FP<\/a><\/div>\n\n\n\n<h2><strong>Bloc d\u2019alignement de la cellule et coquille de bras (avec niveau \u00e0 bulle inclus)<\/strong><\/h2>\n\n\n\n<figure class=\"wp-block-image size-large\"><img loading=\"lazy\" width=\"203\" height=\"169\" src=\"http:\/\/acoustic-precision.fr\/wp-content\/uploads\/2021\/06\/10.png\" alt=\"\" class=\"wp-image-1072\"\/><\/figure>\n\n\n\n<p>Bloc en acrylique pour l\u2019alignement de la cellule afin d\u2019optimiser le VTA et l\u2019azimuth.<\/p>\n\n\n\n<p><strong>Pour une lecture correcte et performante du disque le diamant de la cellule doit \u00eatre positionn\u00e9 perpendiculairement \u00e0 la surface du vinyle: <\/strong>pour cela l\u2019ar\u00eate sup\u00e9rieure du corps de la cellule doit \u00eatre parall\u00e8le \u00e0 la surface du disque.<\/p>\n\n\n\n<p>Le niveau \u00e0 bulle du Nasotec \u201cAzimuth &amp; VTA Alignment Block\u201d permet de v\u00e9rifier l\u2019horizontalit\u00e9 de la platine pour une performance optimale (indispensable pour l\u2019antiskating par exemple) et pour l\u2019ajuster si n\u00e9cessaire.<\/p>\n\n\n\n<div class=\"wp-block-file\"><a href=\"http:\/\/acoustic-precision.fr\/wp-content\/uploads\/2021\/06\/NASOTEC_Alignment-Block_FP.pdf\" target=\"_blank\" rel=\"noreferrer noopener\">NASOTEC_Alignment-Block_FP<\/a><\/div>\n\n\n\n\n\n<h2><strong>Fils de raccordement cellule phono-coquille.<\/strong><\/h2>\n\n\n\n<figure class=\"wp-block-image size-large\"><img loading=\"lazy\" width=\"367\" height=\"258\" src=\"http:\/\/acoustic-precision.fr\/wp-content\/uploads\/2021\/06\/11.jpg\" alt=\"\" class=\"wp-image-1075\" srcset=\"https:\/\/acoustic-precision.fr\/wp-content\/uploads\/2021\/06\/11.jpg 367w, https:\/\/acoustic-precision.fr\/wp-content\/uploads\/2021\/06\/11-300x211.jpg 300w\" sizes=\"(max-width: 367px) 100vw, 367px\" \/><\/figure>\n\n\n\n<p>Ensemble de 4 fils en argent haute puret\u00e9 avec gaines de couleurs normalis\u00e9es.<\/p>\n\n\n\n<p>Les fils de connexion entre le corps de la cellule et la coquille porte cellule sont d\u2019une grande importance : leur signature sonore est d\u00e9finitive et ne sera qu\u2019amplifi\u00e9e par l\u2019ensemble de la chaine de reproduction sonore.<\/p>\n\n\n\n<p>Afin de minimiser cette signature sonore, NASOTEC a d\u00e9velopp\u00e9 des fils de liaisons m\u00e9caniquement tr\u00e8s faiblement microphoniques, totalement non magn\u00e9tiques et \u00e9lectriquement non r\u00e9sistifs, capacitifs ou selfiques.<\/p>\n\n\n\n<div class=\"wp-block-file\"><a href=\"http:\/\/acoustic-precision.fr\/wp-content\/uploads\/2021\/06\/NASOTEC_wire_FP.pdf\" target=\"_blank\" rel=\"noreferrer noopener\">NASOTEC_wire_FP<\/a><\/div>\n\n\n\n<p><\/p>\n","protected":false},"excerpt":{"rendered":"<p>Comment obtenir le meilleur son de votre platine tourne disque ? Les accessoires NASOTEC ont \u00e9t\u00e9 con\u00e7us afin d&#8217;obtenir le meilleur son possible de votre platine tourne disque. Ils vous permettront de r\u00e9pondre \u00e0 cette question et d&#8217;aller au-del\u00e0 des limites esp\u00e9r\u00e9es. SWING Headshell NASOTEC La SWING Headshell est une coquille porte cellule articul\u00e9e, cr\u00e9\u00e9e [&hellip;]<\/p>\n","protected":false},"author":1,"featured_media":0,"parent":0,"menu_order":0,"comment_status":"closed","ping_status":"closed","template":"","meta":[],"_links":{"self":[{"href":"https:\/\/acoustic-precision.fr\/index.php\/wp-json\/wp\/v2\/pages\/101"}],"collection":[{"href":"https:\/\/acoustic-precision.fr\/index.php\/wp-json\/wp\/v2\/pages"}],"about":[{"href":"https:\/\/acoustic-precision.fr\/index.php\/wp-json\/wp\/v2\/types\/page"}],"author":[{"embeddable":true,"href":"https:\/\/acoustic-precision.fr\/index.php\/wp-json\/wp\/v2\/users\/1"}],"replies":[{"embeddable":true,"href":"https:\/\/acoustic-precision.fr\/index.php\/wp-json\/wp\/v2\/comments?post=101"}],"version-history":[{"count":9,"href":"https:\/\/acoustic-precision.fr\/index.php\/wp-json\/wp\/v2\/pages\/101\/revisions"}],"predecessor-version":[{"id":1077,"href":"https:\/\/acoustic-precision.fr\/index.php\/wp-json\/wp\/v2\/pages\/101\/revisions\/1077"}],"wp:attachment":[{"href":"https:\/\/acoustic-precision.fr\/index.php\/wp-json\/wp\/v2\/media?parent=101"}],"curies":[{"name":"wp","href":"https:\/\/api.w.org\/{rel}","templated":true}]}}