{"id":10,"date":"2021-03-26T19:44:04","date_gmt":"2021-03-26T18:44:04","guid":{"rendered":"https:\/\/acousticprecision.wordpress.com\/?page_id=6"},"modified":"2021-06-08T23:15:28","modified_gmt":"2021-06-08T21:15:28","slug":"home","status":"publish","type":"page","link":"https:\/\/acoustic-precision.fr\/","title":{"rendered":"Acoustic Precision"},"content":{"rendered":"\n<div class=\"wp-block-columns alignfull\">\n<div class=\"wp-block-column\" style=\"flex-basis:100%\">\n<div class=\"wp-block-columns\">\n<div class=\"wp-block-column\" style=\"flex-basis:66.66%\">\n<figure class=\"wp-block-table aligncenter is-style-regular\"><table class=\"has-fixed-layout\"><tbody><tr><td class=\"has-text-align-center\" data-align=\"center\"><a href=\"https:\/\/acoustic-precision.fr\/wordpress\/lyra\/\"><img class=\"wp-image-60\" style=\"width:95px;\" src=\"http:\/\/acoustic-precision.fr\/wordpress\/wp-content\/uploads\/2021\/04\/lyra-etna.jpg\" alt=\"\"><\/a><a href=\"https:\/\/acoustic-precision.fr\/index.php\/lyra\/\" data-type=\"URL\" data-id=\"https:\/\/acoustic-precision.fr\/index.php\/lyra\/\"><img loading=\"lazy\" width=\"95\" height=\"88\" class=\"wp-image-974\" style=\"width: 95px;\" src=\"http:\/\/acoustic-precision.fr\/wp-content\/uploads\/2021\/06\/LYRA-ETNA.jpg\" alt=\"\"><br>Cellules LYRA<\/a><\/td><td class=\"has-text-align-center\" data-align=\"center\"><a href=\"https:\/\/acoustic-precision.fr\/index.php\/nasotec\/\" data-type=\"URL\" data-id=\"https:\/\/acoustic-precision.fr\/index.php\/nasotec\/\"><img loading=\"lazy\" width=\"259\" height=\"64\" class=\"wp-image-975\" style=\"width: 150px;\" src=\"http:\/\/acoustic-precision.fr\/wp-content\/uploads\/2021\/06\/NASOTEC-Logo.jpg\" alt=\"\">Accessoires NASOTEC<\/a><\/td><td class=\"has-text-align-center\" data-align=\"center\"><a href=\"https:\/\/acoustic-precision.fr\/index.php\/the-wand\/\" data-type=\"URL\" data-id=\"https:\/\/acoustic-precision.fr\/index.php\/the-wand\/\"><img loading=\"lazy\" width=\"323\" height=\"66\" class=\"wp-image-977\" style=\"width: 150px;\" src=\"http:\/\/acoustic-precision.fr\/wp-content\/uploads\/2021\/06\/The-Wand-Logo.jpg\" alt=\"\" srcset=\"https:\/\/acoustic-precision.fr\/wp-content\/uploads\/2021\/06\/The-Wand-Logo.jpg 323w, https:\/\/acoustic-precision.fr\/wp-content\/uploads\/2021\/06\/The-Wand-Logo-300x61.jpg 300w\" sizes=\"(max-width: 323px) 100vw, 323px\" \/>Platines et Bras THE WAND<\/a><\/td><\/tr><tr><td class=\"has-text-align-center\" data-align=\"center\"><a href=\"https:\/\/acoustic-precision.fr\/index.php\/graham\/\" data-type=\"URL\" data-id=\"https:\/\/acoustic-precision.fr\/index.php\/graham\/\"><img loading=\"lazy\" width=\"179\" height=\"95\" class=\"wp-image-978\" style=\"width: 150px;\" src=\"http:\/\/acoustic-precision.fr\/wp-content\/uploads\/2021\/06\/Graham-Logo.jpg\" alt=\"\"> Bras GRAHAM Engineering<\/a><\/td><td class=\"has-text-align-center\" data-align=\"center\"><a href=\"https:\/\/acoustic-precision.fr\/index.php\/lamm\/\" data-type=\"URL\" data-id=\"https:\/\/acoustic-precision.fr\/index.php\/lamm\/\"><img loading=\"lazy\" width=\"101\" height=\"46\" class=\"wp-image-979\" style=\"width: 101px;\" src=\"http:\/\/acoustic-precision.fr\/wp-content\/uploads\/2021\/06\/LAMM-Logo.jpg\" alt=\"\">Amplificateurs LAMM<\/a><\/td><td class=\"has-text-align-center\" data-align=\"center\"><a href=\"https:\/\/acoustic-precision.fr\/index.php\/raven\/\" data-type=\"URL\" data-id=\"https:\/\/acoustic-precision.fr\/index.php\/raven\/\"><img loading=\"lazy\" width=\"130\" height=\"120\" class=\"wp-image-980\" style=\"width: 130px;\" src=\"http:\/\/acoustic-precision.fr\/wp-content\/uploads\/2021\/06\/TW-Acoustic-Logo.jpg\" alt=\"\"><br>Platines et Bras TW-ACUSTIC<\/a><\/td><\/tr><tr><td class=\"has-text-align-center\" data-align=\"center\"><a href=\"https:\/\/acoustic-precision.fr\/index.php\/puresound\/\" data-type=\"URL\" data-id=\"https:\/\/acoustic-precision.fr\/index.php\/puresound\/\"><img loading=\"lazy\" width=\"284\" height=\"75\" class=\"wp-image-981\" style=\"width: 150px;\" src=\"http:\/\/acoustic-precision.fr\/wp-content\/uploads\/2021\/06\/PureSound-Logo.jpg\" alt=\"\">Amplificateurs PURESOUND<\/a><\/td><td class=\"has-text-align-center\" data-align=\"center\"><a href=\"https:\/\/acoustic-precision.fr\/index.php\/sound-strip\/\"><img loading=\"lazy\" width=\"1104\" height=\"548\" class=\"wp-image-982\" style=\"width: 150px;\" src=\"http:\/\/acoustic-precision.fr\/wp-content\/uploads\/2021\/06\/SoundStrip-Coul.jpg\" alt=\"\" srcset=\"https:\/\/acoustic-precision.fr\/wp-content\/uploads\/2021\/06\/SoundStrip-Coul.jpg 1104w, https:\/\/acoustic-precision.fr\/wp-content\/uploads\/2021\/06\/SoundStrip-Coul-300x149.jpg 300w, https:\/\/acoustic-precision.fr\/wp-content\/uploads\/2021\/06\/SoundStrip-Coul-1024x508.jpg 1024w, https:\/\/acoustic-precision.fr\/wp-content\/uploads\/2021\/06\/SoundStrip-Coul-768x381.jpg 768w\" sizes=\"(max-width: 1104px) 100vw, 1104px\" \/>Accessoires Sound Strip<\/a><\/td><td class=\"has-text-align-center\" data-align=\"center\"><a href=\"https:\/\/acoustic-precision.fr\/index.php\/london\/\" data-type=\"URL\" data-id=\"https:\/\/acoustic-precision.fr\/index.php\/london\/\"><img loading=\"lazy\" width=\"119\" height=\"100\" class=\"wp-image-983\" style=\"width: 119px;\" src=\"http:\/\/acoustic-precision.fr\/wp-content\/uploads\/2021\/06\/Decca-London-Logo.jpg\" alt=\"\">Cellules DECCA LONDON<\/a><\/td><\/tr><tr><td class=\"has-text-align-center\" data-align=\"center\"><a href=\"https:\/\/acoustic-precision.fr\/index.php\/millennium\/\" data-type=\"URL\" data-id=\"https:\/\/acoustic-precision.fr\/index.php\/millennium\/\"><img loading=\"lazy\" width=\"156\" height=\"36\" class=\"wp-image-984\" style=\"width: 150px;\" src=\"http:\/\/acoustic-precision.fr\/wp-content\/uploads\/2021\/06\/Millenium-Logo.jpg\" alt=\"\" srcset=\"https:\/\/acoustic-precision.fr\/wp-content\/uploads\/2021\/06\/Millenium-Logo.jpg 156w, https:\/\/acoustic-precision.fr\/wp-content\/uploads\/2021\/06\/Millenium-Logo-150x36.jpg 150w\" sizes=\"(max-width: 156px) 100vw, 156px\" \/>Accessoires MILLENIUM<\/a><\/td><td class=\"has-text-align-center\" data-align=\"center\"><a href=\"https:\/\/acoustic-precision.fr\/index.php\/venture\/\"><img loading=\"lazy\" width=\"205\" height=\"88\" class=\"wp-image-985\" style=\"width: 150px;\" src=\"http:\/\/acoustic-precision.fr\/wp-content\/uploads\/2021\/06\/Venture-Logo.jpg\" alt=\"\">C\u00e2bles et enceintes VENTURE<\/a><\/td><td class=\"has-text-align-center\" data-align=\"center\"><a href=\"https:\/\/acoustic-precision.fr\/index.php\/acteon\/\" data-type=\"URL\" data-id=\"https:\/\/acoustic-precision.fr\/index.php\/acteon\/\"><img loading=\"lazy\" width=\"313\" height=\"66\" class=\"wp-image-986\" style=\"width: 150px;\" src=\"http:\/\/acoustic-precision.fr\/wp-content\/uploads\/2021\/06\/Acteon-Logo.jpg\" alt=\"\" srcset=\"https:\/\/acoustic-precision.fr\/wp-content\/uploads\/2021\/06\/Acteon-Logo.jpg 313w, https:\/\/acoustic-precision.fr\/wp-content\/uploads\/2021\/06\/Acteon-Logo-300x63.jpg 300w\" sizes=\"(max-width: 313px) 100vw, 313px\" \/>Accessoires ACTEON<\/a><\/td><\/tr><tr><td class=\"has-text-align-center\" data-align=\"center\"><a href=\"https:\/\/acoustic-precision.fr\/index.php\/commande\/\" data-type=\"URL\" data-id=\"https:\/\/acoustic-precision.fr\/index.php\/commande\/\">Acheter \/ Order<\/a><\/td><td class=\"has-text-align-center\" data-align=\"center\"><a href=\"http:\/\/acoustic-precision.fr\/index.php\/sites-partenaires\/\" data-type=\"URL\" data-id=\"http:\/\/acoustic-precision.fr\/index.php\/sites-partenaires\/\">Sites partenaires<\/a><\/td><td class=\"has-text-align-center\" data-align=\"center\"><a href=\"https:\/\/acoustic-precision.fr\/index.php\/contact\/\" data-type=\"URL\" data-id=\"https:\/\/acoustic-precision.fr\/index.php\/contact\/\">Contact<\/a><\/td><\/tr><\/tbody><\/table><\/figure>\n<\/div>\n\n\n\n<div class=\"wp-block-column\" style=\"flex-basis:33.33%\">\n<h2 class=\"alignwide has-text-align-center\">Blog<\/h2>\n\n\n<ul class=\"wp-block-latest-posts__list alignright wp-block-latest-posts\"><li><a href=\"https:\/\/acoustic-precision.fr\/index.php\/2021\/06\/07\/lyra-nouvelle-suspension-lambda-disponible-sur-les-modeles-etna-et-atlas\/\">LYRA : Nouvelle suspension Lambda disponible sur les mod\u00e8les ETNA et ATLAS<\/a><\/li>\n<li><a href=\"https:\/\/acoustic-precision.fr\/index.php\/2021\/06\/07\/the-wand-nouvel-essais-dans-la-revue-neozelandaise-witchdoctor-voir-la-copie-de-lessai-dans-les-pages-de-ce-site-consacrees-a-cette-platine\/\">The Wand : Nouvel essais dans la revue N\u00e9oz\u00e9landaise Witchdoctor : voir la copie de l\u2019essai dans les pages de ce site consacr\u00e9es \u00e0 cette platine.<\/a><\/li>\n<\/ul><\/div>\n<\/div>\n<\/div>\n<\/div>\n\n\n\n<div class=\"wp-block-cover alignfull has-background-dim-10 has-background-dim\" style=\"min-height:624px\"><img loading=\"lazy\" width=\"388\" height=\"270\" class=\"wp-block-cover__image-background wp-image-990\" alt=\"\" src=\"http:\/\/acoustic-precision.fr\/wp-content\/uploads\/2021\/06\/Capture-decran-2021-04-23-183352.png\" data-object-fit=\"cover\" srcset=\"https:\/\/acoustic-precision.fr\/wp-content\/uploads\/2021\/06\/Capture-decran-2021-04-23-183352.png 388w, https:\/\/acoustic-precision.fr\/wp-content\/uploads\/2021\/06\/Capture-decran-2021-04-23-183352-300x209.png 300w\" sizes=\"(max-width: 388px) 100vw, 388px\" \/><div class=\"wp-block-cover__inner-container\">\n<div class=\"wp-block-jetpack-layout-grid alignfull column1-desktop-grid__span-8 column1-desktop-grid__start-3 column1-desktop-grid__row-1 column1-tablet-grid__span-8 column1-tablet-grid__row-1 column1-mobile-grid__span-4 column1-mobile-grid__row-1\">\n<div class=\"wp-block-jetpack-layout-grid-column wp-block-jetpack-layout-grid__padding-none\">\n<h1 class=\"has-text-align-center\">Acoustic Precision<\/h1>\n\n\n\n<p class=\"has-text-align-center has-normal-font-size\">Dans un monde o\u00f9 les techniques et le marketing de la reproduction sonore \u00e9voluent rapidement, Acoustic Precision propose des produits qui rappellent ce qu\u2019est r\u00e9ellement la musique vivante, dans le respect de l\u2019\u00e9motion musicale vraie et de la singularit\u00e9 de chacun.<\/p>\n\n\n\n<p class=\"has-text-align-center has-normal-font-size\">Acoustic Precision recherche en permanence de nouveaux produits qui, outre leurs qualit\u00e9s fonctionnelles, apportent le plus important : l\u2019\u00e2me de la musique, de toutes les musiques. Les Marques que nous distribuons se distinguent \u00e0 la fois par la qualit\u00e9 du son et la qualit\u00e9 de fabrication.<\/p>\n\n\n\n<p class=\"has-text-align-center has-normal-font-size\">Les plus hautes exigences en mati\u00e8re de reproduction de la musique vivante vont de pair avec la fiabilit\u00e9 et la facilit\u00e9 d\u2019utilisation. Tous les appareils ont en commun l\u2019originalit\u00e9 de leur conception, la modernit\u00e9 de leur r\u00e9alisation (tant au point de vue esth\u00e9tique que technique) et l\u2019attention port\u00e9e au d\u00e9tail qui compte vraiment.<\/p>\n<\/div>\n<\/div>\n<\/div><\/div>\n\n\n\n<p><\/p>\n","protected":false},"excerpt":{"rendered":"","protected":false},"author":1,"featured_media":0,"parent":0,"menu_order":1,"comment_status":"closed","ping_status":"closed","template":"","meta":[],"_links":{"self":[{"href":"https:\/\/acoustic-precision.fr\/index.php\/wp-json\/wp\/v2\/pages\/10"}],"collection":[{"href":"https:\/\/acoustic-precision.fr\/index.php\/wp-json\/wp\/v2\/pages"}],"about":[{"href":"https:\/\/acoustic-precision.fr\/index.php\/wp-json\/wp\/v2\/types\/page"}],"author":[{"embeddable":true,"href":"https:\/\/acoustic-precision.fr\/index.php\/wp-json\/wp\/v2\/users\/1"}],"replies":[{"embeddable":true,"href":"https:\/\/acoustic-precision.fr\/index.php\/wp-json\/wp\/v2\/comments?post=10"}],"version-history":[{"count":7,"href":"https:\/\/acoustic-precision.fr\/index.php\/wp-json\/wp\/v2\/pages\/10\/revisions"}],"predecessor-version":[{"id":1338,"href":"https:\/\/acoustic-precision.fr\/index.php\/wp-json\/wp\/v2\/pages\/10\/revisions\/1338"}],"wp:attachment":[{"href":"https:\/\/acoustic-precision.fr\/index.php\/wp-json\/wp\/v2\/media?parent=10"}],"curies":[{"name":"wp","href":"https:\/\/api.w.org\/{rel}","templated":true}]}}